{"id":35782,"date":"2025-12-10T08:51:29","date_gmt":"2025-12-10T08:51:29","guid":{"rendered":"https:\/\/www.medienlb.com\/?post_type=product&#038;p=35782"},"modified":"2025-12-10T08:53:22","modified_gmt":"2025-12-10T08:53:22","slug":"blue-bot","status":"publish","type":"product","link":"https:\/\/www.medienlb.com\/en\/produkt\/blue-bot\/","title":{"rendered":"Blue-Bot"},"content":{"rendered":"<p>Der Blue-Bot Bodenroboter mit Ladestation bringt Kindern <strong>auf spielerische Art und Weise<\/strong> das Thema <strong>Programmierung<\/strong> n\u00e4her. Der Blue-Bot verf\u00fcgt \u00fcber die<strong> Richtungstasten Vorw\u00e4rts, R\u00fcckw\u00e4rts, Links- und Rechts<\/strong>-Drehung. Die Kinder k\u00f6nnen damit eine <strong>Abfolge von Bewegungen speichern<\/strong>. Der Lernroboter f\u00fchrt diese Bewegungen schrittweise aus. Auf speziellen Matten oder mit zugeh\u00f6rigen Karten <strong>planen die Kinder den Weg zu einem vorgegebenen Ziel<\/strong>. Diese einfache Planung der Bewegungsabl\u00e4ufe entspricht bereits der <strong>algorithmischen Logik des Programmierens<\/strong>. Dank der<strong> transparenten H\u00fclle<\/strong> ist der Blue-Bot auch f\u00fcr gr\u00f6\u00dfere Kinder faszinierend, da direkt <strong>in sein Inneres geschaut<\/strong> werden kann. So stehen<strong> Technik und Programmierung<\/strong> im Vordergrund.<\/p>\n<p>Der Blue-Bot kann via Tablet oder PC bedient werden. Hierzu muss die kostenlose App heruntergeladen werden.<br \/>\n<strong>Unser Tipp:<\/strong> Auf YouTube finden Sie zahlreiche Videos mit praktischen Anwendungsideen.<\/p>\n<hr \/>\n<p>&nbsp;<\/p>\n","protected":false},"excerpt":{"rendered":"<p>Lernroboter mit einfacher und intuitiver Bedienung<\/p>\n","protected":false},"featured_media":35784,"template":"","meta":{"_acf_changed":false},"product_brand":[],"product_cat":[75],"product_tag":[],"class_list":{"0":"post-35782","1":"product","2":"type-product","3":"status-publish","4":"has-post-thumbnail","6":"product_cat-hardware","8":"first","9":"instock","10":"taxable","11":"shipping-taxable","12":"purchasable","13":"product-type-variable"},"acf":{"subtitle":"Einfachen Einstieg in die Welt der Programmierung!","article_id":"MS_31-E","languages":"","thumb_up":false,"cover_image":"","linked_product":12081,"linked_products":null,"banner":{"show":true,"text":"","color":""},"length":"","content_movie":"","learning_goals":"","preview_gif":"","trailer":{"file":"","url":"","image":""},"mediathek_id":"","amount":"","demo_url":"","h5p_demo_id":"","content_interactive":"","hide_numbers":false,"flyer":25824,"info_columns":[{"heading":"Umfangreiches Zubeh\u00f6r ","content":"Ladedauer: 12 Stunden\r\nNutzungsdauer: 2 Stunden\r\nBetriebsdauer: 8 Stunden"},{"heading":"","content":""},{"heading":"Lieferumfang","content":"<ul>\r\n \t<li>6 Blue-Bots<\/li>\r\n \t<li>1 Ladestation<\/li>\r\n \t<li>1 Transporttasche f\u00fcr 6 Blue-Bots und die Ladestation<\/li>\r\n<\/ul>"}]},"_links":{"self":[{"href":"https:\/\/www.medienlb.com\/en\/wp-json\/wp\/v2\/product\/35782","targetHints":{"allow":["GET"]}}],"collection":[{"href":"https:\/\/www.medienlb.com\/en\/wp-json\/wp\/v2\/product"}],"about":[{"href":"https:\/\/www.medienlb.com\/en\/wp-json\/wp\/v2\/types\/product"}],"acf:post":[{"embeddable":true,"href":"https:\/\/www.medienlb.com\/en\/wp-json\/wp\/v2\/product\/12081"}],"wp:featuredmedia":[{"embeddable":true,"href":"https:\/\/www.medienlb.com\/en\/wp-json\/wp\/v2\/media\/35784"}],"wp:attachment":[{"href":"https:\/\/www.medienlb.com\/en\/wp-json\/wp\/v2\/media?parent=35782"}],"wp:term":[{"taxonomy":"product_brand","embeddable":true,"href":"https:\/\/www.medienlb.com\/en\/wp-json\/wp\/v2\/product_brand?post=35782"},{"taxonomy":"product_cat","embeddable":true,"href":"https:\/\/www.medienlb.com\/en\/wp-json\/wp\/v2\/product_cat?post=35782"},{"taxonomy":"product_tag","embeddable":true,"href":"https:\/\/www.medienlb.com\/en\/wp-json\/wp\/v2\/product_tag?post=35782"}],"curies":[{"name":"wp","href":"https:\/\/api.w.org\/{rel}","templated":true}]}}