{"id":35759,"date":"2025-12-09T16:15:42","date_gmt":"2025-12-09T16:15:42","guid":{"rendered":"https:\/\/www.medienlb.com\/?post_type=product&#038;p=35759"},"modified":"2026-03-16T15:10:09","modified_gmt":"2026-03-16T15:10:09","slug":"bee-bot","status":"publish","type":"product","link":"https:\/\/www.medienlb.com\/en\/produkt\/bee-bot\/","title":{"rendered":"Bee-Bot"},"content":{"rendered":"<p>Der Bee-Bot Bodenroboter mit Ladestation bringt Kindern <strong>auf spielerische Art und Weise<\/strong> das Thema <strong>Programmierung<\/strong> n\u00e4her. Der Bee-Bot verf\u00fcgt \u00fcber die<strong> Richtungstasten Vorw\u00e4rts, R\u00fcckw\u00e4rts, Links- und Rechts<\/strong>-Drehung. Die Kinder k\u00f6nnen damit eine <strong>Abfolge von Bewegungen speichern<\/strong>. Der Lernroboter f\u00fchrt diese Bewegungen schrittweise aus. Auf speziellen Matten oder mit zugeh\u00f6rigen Karten <strong>planen die Kinder den Weg zu einem vorgegebenen Ziel<\/strong>. Diese einfache Planung der Bewegungsabl\u00e4ufe entspricht bereits der <strong>algorithmischen Logik des Programmierens<\/strong>.<\/p>\n<hr \/>\n<p><span data-olk-copy-source=\"MessageBody\">F\u00fcr Bestellungen unter 250,00 \u20ac werden 9,95 \u20ac berechnet.<br \/>\nBestellung \u00fcber 250 \u20ac sind Versandkostenfrei!!<\/span><\/p>\n<hr \/>\n<p data-wp-editing=\"1\"><span style=\"color: #0000ff;\"><a style=\"color: #0000ff;\" href=\"https:\/\/www.medienlb.com\/produkt\/bee-bot-klassenset\/\" target=\"_blank\" rel=\"noopener\"><img loading=\"lazy\" decoding=\"async\" class=\"alignnone wp-image-35378\" src=\"https:\/\/www.medienlb.com\/wp-content\/uploads\/2025\/11\/Bee-Bot-Klassenset-e1767797001652-300x222.webp\" alt=\"\" width=\"81\" height=\"60\" srcset=\"https:\/\/www.medienlb.com\/wp-content\/uploads\/2025\/11\/Bee-Bot-Klassenset-e1767797001652-300x222.webp 300w, https:\/\/www.medienlb.com\/wp-content\/uploads\/2025\/11\/Bee-Bot-Klassenset-e1767797001652-768x569.webp 768w, https:\/\/www.medienlb.com\/wp-content\/uploads\/2025\/11\/Bee-Bot-Klassenset-e1767797001652.webp 800w\" sizes=\"auto, (max-width: 81px) 100vw, 81px\" \/><\/a> <a style=\"color: #0000ff;\" href=\"https:\/\/www.medienlb.com\/produkt\/bee-bot-klassenset\/\" target=\"_blank\" rel=\"noopener\">Hier der Link zum Bee-Bot-Klassenset<\/a><\/span><\/p>\n","protected":false},"excerpt":{"rendered":"<p>Lernroboter mit einfacher und intuitiver Bedienung<\/p>\n","protected":false},"featured_media":35769,"template":"","meta":{"_acf_changed":false},"product_brand":[],"product_cat":[75],"product_tag":[],"class_list":{"0":"post-35759","1":"product","2":"type-product","3":"status-publish","4":"has-post-thumbnail","6":"product_cat-hardware","8":"first","9":"instock","10":"taxable","11":"shipping-taxable","12":"purchasable","13":"product-type-variable"},"acf":{"subtitle":"Einfachen Einstieg in die Welt der Programmierung!","article_id":"MS_61_E","languages":"","thumb_up":false,"cover_image":"","linked_product":12081,"linked_products":null,"banner":{"show":true,"text":"","color":""},"length":"","content_movie":"","learning_goals":"","preview_gif":"","trailer":{"file":"","url":"","image":""},"mediathek_id":"","amount":"","demo_url":"","h5p_demo_id":"","content_interactive":"","hide_numbers":false,"flyer":"","info_columns":[{"heading":"","content":"<strong>Produktdetails<\/strong>\r\n<ul>\r\n \t<li data-start=\"189\" data-end=\"282\"><strong data-start=\"191\" data-end=\"204\">Bewegung:<\/strong> Vor- und R\u00fcckw\u00e4rtsfahrt (je 150 mm), Drehungen um 90\u00b0 nach links und rechts<\/li>\r\n \t<li data-start=\"283\" data-end=\"380\"><strong data-start=\"285\" data-end=\"298\">Speicher:<\/strong> bis zu <strong data-start=\"306\" data-end=\"320\">40 Befehle<\/strong> (\u00e4ltere Modelle), bis zu <strong data-start=\"346\" data-end=\"361\">200 Befehle<\/strong> (neuere Modelle)<\/li>\r\n \t<li data-start=\"381\" data-end=\"421\"><strong data-start=\"383\" data-end=\"403\">Geschwindigkeit:<\/strong> ca. <strong data-start=\"408\" data-end=\"419\">65 mm\/s<\/strong><\/li>\r\n \t<li data-start=\"422\" data-end=\"488\"><strong data-start=\"424\" data-end=\"433\">Akku:<\/strong> 3,7 V \/ 500 mAh Lithium-Polymer, <strong data-start=\"467\" data-end=\"486\">wiederaufladbar<\/strong><\/li>\r\n \t<li data-start=\"489\" data-end=\"574\"><strong data-start=\"491\" data-end=\"515\">Energiesparfunktion:<\/strong> automatischer <strong data-start=\"530\" data-end=\"560\">Sleep-Modus nach 2 Minuten<\/strong> Inaktivit\u00e4t<\/li>\r\n \t<li data-start=\"575\" data-end=\"655\"><strong data-start=\"577\" data-end=\"593\">R\u00fcckmeldung:<\/strong> akustische Signale und visuelles Feedback (blinkende Augen)<\/li>\r\n \t<li data-start=\"656\" data-end=\"732\"><strong data-start=\"658\" data-end=\"677\">Kompatibilit\u00e4t:<\/strong> umfangreiches <strong data-start=\"692\" data-end=\"722\">Zubeh\u00f6r- und Matten-System<\/strong> von TTS<\/li>\r\n<\/ul>"},{"heading":"","content":"https:\/\/youtu.be\/52ZuenJlFyE"},{"heading":"","content":"<p data-start=\"739\" data-end=\"767\"><strong data-start=\"742\" data-end=\"767\">P\u00e4dagogischer Einsatz<\/strong><\/p>\r\n<p data-start=\"769\" data-end=\"1163\">Bee-Bot eignet sich ideal f\u00fcr den <strong data-start=\"803\" data-end=\"859\">spielerischen Einstieg in Programmierung und Robotik<\/strong>.<br data-start=\"860\" data-end=\"863\" \/>Durch das direkte Eingeben von Befehlen am Ger\u00e4t werden <strong data-start=\"919\" data-end=\"939\">logisches Denken<\/strong>, <strong data-start=\"941\" data-end=\"954\">Sequenzen<\/strong> und <strong data-start=\"959\" data-end=\"985\">Probleml\u00f6sef\u00e4higkeiten<\/strong> anschaulich vermittelt. Das System ist besonders robust, intuitiv bedienbar und optimal f\u00fcr den Einsatz in <strong data-start=\"1093\" data-end=\"1153\">Vorschule, Grundschule, Makerspaces und F\u00f6rderunterricht<\/strong> geeignet.<\/p>"}]},"_links":{"self":[{"href":"https:\/\/www.medienlb.com\/en\/wp-json\/wp\/v2\/product\/35759","targetHints":{"allow":["GET"]}}],"collection":[{"href":"https:\/\/www.medienlb.com\/en\/wp-json\/wp\/v2\/product"}],"about":[{"href":"https:\/\/www.medienlb.com\/en\/wp-json\/wp\/v2\/types\/product"}],"acf:post":[{"embeddable":true,"href":"https:\/\/www.medienlb.com\/en\/wp-json\/wp\/v2\/product\/12081"}],"wp:featuredmedia":[{"embeddable":true,"href":"https:\/\/www.medienlb.com\/en\/wp-json\/wp\/v2\/media\/35769"}],"wp:attachment":[{"href":"https:\/\/www.medienlb.com\/en\/wp-json\/wp\/v2\/media?parent=35759"}],"wp:term":[{"taxonomy":"product_brand","embeddable":true,"href":"https:\/\/www.medienlb.com\/en\/wp-json\/wp\/v2\/product_brand?post=35759"},{"taxonomy":"product_cat","embeddable":true,"href":"https:\/\/www.medienlb.com\/en\/wp-json\/wp\/v2\/product_cat?post=35759"},{"taxonomy":"product_tag","embeddable":true,"href":"https:\/\/www.medienlb.com\/en\/wp-json\/wp\/v2\/product_tag?post=35759"}],"curies":[{"name":"wp","href":"https:\/\/api.w.org\/{rel}","templated":true}]}}