{"id":35722,"date":"2025-12-08T12:47:17","date_gmt":"2025-12-08T12:47:17","guid":{"rendered":"https:\/\/www.medienlb.com\/?post_type=product&#038;p=35722"},"modified":"2026-03-20T12:15:39","modified_gmt":"2026-03-20T12:15:39","slug":"55508579-natuerlich-gebacken","status":"publish","type":"product","link":"https:\/\/www.medienlb.com\/en\/produkt\/55508579-natuerlich-gebacken\/","title":{"rendered":"Nat\u00fcrlich gebacken"},"content":{"rendered":"<p>Vom Korn bis zum fertigen Bio-Brot: Der Film zeigt die Bedeutung bewusster Bio-Landwirtschaft und die Kunst des B\u00e4ckerhandwerks. Gezeigt werden die Stationen des Getreides von der Saat \u00fcber die Ernte und das Mahlen zu Mehl bis zur Verarbeitung zum fertigen Produkt. Anschaulich werden die einzelnen Schritte dargestellt \u2013 stets im Vergleich von Bio- und Industrieproduktion.<br \/>\nDie Sch\u00fclerinnen und Sch\u00fcler werden f\u00fcr Nachhaltigkeit in der Herstellung und die Aspekte einer gesunden Ern\u00e4hrung sensibilisiert und zum Mitbacken motiviert.<\/p>\n","protected":false},"excerpt":{"rendered":"<p>Vom Korn bis zum fertigen Bio-Brot: Der Film zeigt die Bedeutung bewusster Bio-Landwirtschaft und die Kunst des B\u00e4ckerhandwerks.<\/p>\n","protected":false},"featured_media":35726,"template":"","meta":{"_acf_changed":false},"product_brand":[],"product_cat":[70],"product_tag":[97,129],"class_list":{"0":"post-35722","1":"product","2":"type-product","3":"status-publish","4":"has-post-thumbnail","6":"product_cat-film","7":"product_tag-subject-grundschule","8":"product_tag-target-gru","10":"first","11":"instock","12":"taxable","13":"shipping-taxable","14":"purchasable","15":"product-type-variable"},"acf":{"subtitle":"Bio-Brot aus dem Holzofen","article_id":"46505877 \/ 55508579","languages":"DE","thumb_up":false,"cover_image":35731,"linked_product":26821,"linked_products":null,"banner":{"show":true,"text":"","color":""},"length":"21:19 min","content_movie":"Gesamtes Begleitmaterial: 63 Seiten\r\n\r\nArbeitsbl\u00e4tter mit L\u00f6sungen: 20 Seiten\r\n\r\nTestaufgaben: 20\r\n\r\nInteraktive Aufgaben: 10","learning_goals":"Lernziele:\r\n\r\nDie Sch\u00fclerinnen und Sch\u00fcler\r\n<ol>\r\n \t<li>begr\u00fcnden ausgew\u00e4hlte Verhaltensweisen zur Gesunderhaltung des K\u00f6rpers (z.B. Ern\u00e4hrung).<\/li>\r\n \t<li>beschreiben eigene Ern\u00e4hrungsgewohnheiten und vergleichen sie sie mit denen anderer.<\/li>\r\n<\/ol>\r\nKompetenzen:\r\n\r\nDie Sch\u00fclerinnen und Sch\u00fcler k\u00f6nnen\r\n<ol>\r\n \t<li>nachhaltige Handlungsweisen als Lebensgrundlage f\u00fcr alle Menschen umsetzen.<\/li>\r\n \t<li>Die Bedeutung der fachspezifischen Inhalte \u00fcber das Fach hinaus f\u00fcr das eigene Leben reflektieren (z.B. in Bezug auf gesunde und nachhaltige Lebensf\u00fchrung).<\/li>\r\n<\/ol>","preview_gif":35735,"trailer":{"file":35733,"url":"","image":35729},"mediathek_id":939,"amount":"","demo_url":"","h5p_demo_id":"","content_interactive":"","hide_numbers":false,"flyer":"","info_columns":null},"_links":{"self":[{"href":"https:\/\/www.medienlb.com\/en\/wp-json\/wp\/v2\/product\/35722","targetHints":{"allow":["GET"]}}],"collection":[{"href":"https:\/\/www.medienlb.com\/en\/wp-json\/wp\/v2\/product"}],"about":[{"href":"https:\/\/www.medienlb.com\/en\/wp-json\/wp\/v2\/types\/product"}],"acf:post":[{"embeddable":true,"href":"https:\/\/www.medienlb.com\/en\/wp-json\/wp\/v2\/product\/26821"}],"wp:featuredmedia":[{"embeddable":true,"href":"https:\/\/www.medienlb.com\/en\/wp-json\/wp\/v2\/media\/35726"}],"wp:attachment":[{"href":"https:\/\/www.medienlb.com\/en\/wp-json\/wp\/v2\/media?parent=35722"}],"wp:term":[{"taxonomy":"product_brand","embeddable":true,"href":"https:\/\/www.medienlb.com\/en\/wp-json\/wp\/v2\/product_brand?post=35722"},{"taxonomy":"product_cat","embeddable":true,"href":"https:\/\/www.medienlb.com\/en\/wp-json\/wp\/v2\/product_cat?post=35722"},{"taxonomy":"product_tag","embeddable":true,"href":"https:\/\/www.medienlb.com\/en\/wp-json\/wp\/v2\/product_tag?post=35722"}],"curies":[{"name":"wp","href":"https:\/\/api.w.org\/{rel}","templated":true}]}}