{"id":35691,"date":"2025-12-05T15:55:01","date_gmt":"2025-12-05T15:55:01","guid":{"rendered":"https:\/\/www.medienlb.com\/?post_type=product&#038;p=35691"},"modified":"2026-04-01T10:26:52","modified_gmt":"2026-04-01T10:26:52","slug":"jourist-reader-3-0","status":"publish","type":"product","link":"https:\/\/www.medienlb.com\/en\/produkt\/jourist-reader-3-0\/","title":{"rendered":"JOURIST Reader 3.0"},"content":{"rendered":"<p>Der Vorlesestift JOURIST Reader 3.0 unterst\u00fctzt Kinder, Jugendliche und Erwachsene mit Leseschwierigkeiten (Legasthenie\/LRS). Aufgrund seiner einfachen Handhabung ist der Stift auch f\u00fcr kleinere Kinder ein geeignetes Hilfsmittel. Bei den Schulpr\u00fcfungen ist der JOURIST Reader 3.0 eine Alternative zur vorlesenden Person. Um einen Text vorzulesen, gen\u00fcgt es den Stift wie einen Textmarker \u00fcber die Zeile zu f\u00fchren. JOURIST Reader 3.0 liest die eingescannte Zeile automatisch vor oder scannt mehrere Zeilen nacheinander. Texte k\u00f6nnen sowohl vom Papier als auch vom Bildschirm, Smartphone oder Tablet gescannt werden.<\/p>\n<p>Automatisches Men\u00fc-Vorlesen erleichtert die Orientierung in den Ger\u00e4temen\u00fcs, die Silbentrennung unterst\u00fctzt die Strukturierung von W\u00f6rtern und das Erkennen von Rechtschreibmustern, und die Buchstabierfunktion hilft beim Erlernen sowie sicheren Schreiben von W\u00f6rtern<\/p>\n<hr \/>\n<p class=\"entry-title\"><span style=\"color: #0000ff;\"><a style=\"color: #0000ff;\" href=\"https:\/\/www.news4teachers.de\/2024\/06\/jourist-reader-mit-comenius-edumedia-award-ausgezeichnet-vorlesestift-verbessert-teilhabe-von-schuelerinnen-und-schuelern-mit-legasthenie\/\" target=\"_blank\" rel=\"noopener\"><strong>LINK zu JOURIST Reader mit Comenius-EduMedia-Award\u00a0<\/strong><\/a><\/span><\/p>\n<hr \/>\n<p><span class=\"ex-text\">Der Versand erfolgt kostenlos!<\/span><\/p>\n<p>&nbsp;<\/p>\n","protected":false},"excerpt":{"rendered":"<p>Der Vorlesestift JOURIST Reader 3.0 unterst\u00fctzt Kinder, Jugendliche und Erwachsene mit Leseschwierigkeiten (Legasthenie\/LRS)<\/p>\n","protected":false},"featured_media":35705,"template":"","meta":{"_acf_changed":false},"product_brand":[],"product_cat":[75],"product_tag":[],"class_list":{"0":"post-35691","1":"product","2":"type-product","3":"status-publish","4":"has-post-thumbnail","6":"product_cat-hardware","8":"first","9":"instock","10":"taxable","11":"shipping-taxable","12":"purchasable","13":"product-type-variable"},"acf":{"subtitle":"Offline-Vorlesestift","article_id":"MS_67","languages":"","thumb_up":false,"cover_image":"","linked_product":20782,"linked_products":null,"banner":{"show":true,"text":"","color":""},"length":"","content_movie":"","learning_goals":"","preview_gif":"","trailer":{"file":"","url":"","image":""},"mediathek_id":"","amount":"","demo_url":"","h5p_demo_id":"","content_interactive":"","hide_numbers":false,"flyer":35708,"info_columns":[{"heading":"","content":"https:\/\/youtu.be\/UZDOCryK4Ck\r\n\r\nhttps:\/\/youtu.be\/Oy-K_7sfvy0"},{"heading":"","content":"<p class=\"product-name mt-2\"><strong>Hartschalentasche f\u00fcr JOURIST Reader\r\n\u20ac 12,00\r\n<\/strong>Staub, St\u00f6\u00dfe und Kratzer haben keine Chance mehr. Mit derrobusten Hartschalentasche ist Ihr JOURIST Reader sicher verstaut und ideal f\u00fcrunterweg. Ger\u00e4t, Kabel und Kopfh\u00f6rer finden darin zuverl\u00e4ssig Platz.<\/p>\r\n<img class=\"alignnone wp-image-35710\" src=\"https:\/\/www.medienlb.com\/wp-content\/uploads\/2025\/12\/Jourist_Reader_Tasche-300x300.webp\" alt=\"\" width=\"402\" height=\"402\" \/><img class=\"alignnone wp-image-35712 \" src=\"https:\/\/www.medienlb.com\/wp-content\/uploads\/2025\/12\/Hartschalentasch_fuer_ScanMarker_Scannerstift_2-e1764957776129-300x157.webp\" alt=\"\" width=\"430\" height=\"225\" \/>"},{"heading":"","content":"<p class=\"product-name mt-2\"><strong>JOURIST Reader 3.0 Klassenset mit 10 Ger\u00e4ten\r\n<span id=\"productPrice\" class=\"price\">\u20ac3.199,00\r\n<\/span><\/strong>Klassenset aus 10 x JOURIST Reader 3.0, 10 x Kopfh\u00f6rer, 10 x Leselineale und 10 x USB-Kabel in einer Hartschalentasche f\u00fcr den Transport und die Aufbewahrung.<\/p>\r\n\r\n<div class=\"price-box mt-0 \">\r\n\r\n<img class=\"alignnone wp-image-35714\" src=\"https:\/\/www.medienlb.com\/wp-content\/uploads\/2025\/12\/5-300x300.webp\" alt=\"\" width=\"453\" height=\"453\" \/>\r\n\r\n<img class=\"alignnone wp-image-35716\" src=\"https:\/\/www.medienlb.com\/wp-content\/uploads\/2025\/12\/JOURIST_Reader_Klassenset-2-ezgif.com-webp-to-png-converter-e1764958170312-300x184.webp\" alt=\"\" width=\"466\" height=\"286\" \/>\r\n\r\n<\/div>"}]},"_links":{"self":[{"href":"https:\/\/www.medienlb.com\/en\/wp-json\/wp\/v2\/product\/35691","targetHints":{"allow":["GET"]}}],"collection":[{"href":"https:\/\/www.medienlb.com\/en\/wp-json\/wp\/v2\/product"}],"about":[{"href":"https:\/\/www.medienlb.com\/en\/wp-json\/wp\/v2\/types\/product"}],"acf:post":[{"embeddable":true,"href":"https:\/\/www.medienlb.com\/en\/wp-json\/wp\/v2\/product\/20782"}],"wp:featuredmedia":[{"embeddable":true,"href":"https:\/\/www.medienlb.com\/en\/wp-json\/wp\/v2\/media\/35705"}],"wp:attachment":[{"href":"https:\/\/www.medienlb.com\/en\/wp-json\/wp\/v2\/media?parent=35691"}],"wp:term":[{"taxonomy":"product_brand","embeddable":true,"href":"https:\/\/www.medienlb.com\/en\/wp-json\/wp\/v2\/product_brand?post=35691"},{"taxonomy":"product_cat","embeddable":true,"href":"https:\/\/www.medienlb.com\/en\/wp-json\/wp\/v2\/product_cat?post=35691"},{"taxonomy":"product_tag","embeddable":true,"href":"https:\/\/www.medienlb.com\/en\/wp-json\/wp\/v2\/product_tag?post=35691"}],"curies":[{"name":"wp","href":"https:\/\/api.w.org\/{rel}","templated":true}]}}