{"id":35604,"date":"2025-12-04T12:27:49","date_gmt":"2025-12-04T12:27:49","guid":{"rendered":"https:\/\/www.medienlb.com\/?post_type=product&#038;p=35604"},"modified":"2026-03-16T14:58:41","modified_gmt":"2026-03-16T14:58:41","slug":"ar-book-library","status":"publish","type":"product","link":"https:\/\/www.medienlb.com\/en\/produkt\/ar-book-library\/","title":{"rendered":"AR  Book librARy"},"content":{"rendered":"<h3 data-start=\"267\" data-end=\"356\"><strong data-start=\"270\" data-end=\"356\">Die AR-Bibliothek von MedienLB\u00a0 und AR Book librARy \u2013 Wissensb\u00fccher mit der Magie der Augmented Reality<\/strong><\/h3>\n<p data-start=\"358\" data-end=\"761\">Mit unserer neuen <strong data-start=\"376\" data-end=\"393\">AR-Bibliothek<\/strong> bringen wir Lernen auf ein v\u00f6llig neues Niveau. Die von <em data-start=\"450\" data-end=\"468\">AR Books LibrARy<\/em> entwickelten Wissensb\u00fccher verbinden fundiertes Unterrichtswissen mit der Faszination von <strong data-start=\"559\" data-end=\"580\">Augmented Reality<\/strong>. Sch\u00fclerinnen und Sch\u00fcler erleben Inhalte nicht nur lesend, sondern <strong data-start=\"649\" data-end=\"707\">interaktiv, dreidimensional und unmittelbar begreifbar<\/strong> \u2013 ein Lernformat, das motiviert und nachhaltig wirkt.<\/p>\n<hr \/>\n<p><strong>Rabatt und Versandkosten!<\/strong><img loading=\"lazy\" decoding=\"async\" class=\"alignnone wp-image-36970\" src=\"https:\/\/www.medienlb.com\/wp-content\/uploads\/2025\/12\/Rabattund-Versand-300x157.png\" alt=\"\" width=\"480\" height=\"251\" srcset=\"https:\/\/www.medienlb.com\/wp-content\/uploads\/2025\/12\/Rabattund-Versand-300x157.png 300w, https:\/\/www.medienlb.com\/wp-content\/uploads\/2025\/12\/Rabattund-Versand.png 574w\" sizes=\"auto, (max-width: 480px) 100vw, 480px\" \/><\/p>\n<div style=\"width: 640px;\" class=\"wp-video\"><video class=\"wp-video-shortcode\" id=\"video-35604-1\" width=\"640\" height=\"359\" loop autoplay preload=\"auto\" controls=\"controls\"><source type=\"video\/mp4\" src=\"https:\/\/www.medienlb.com\/wp-content\/uploads\/2025\/12\/alles-buecher_loop.mp4?_=1\" \/><a href=\"https:\/\/www.medienlb.com\/wp-content\/uploads\/2025\/12\/alles-buecher_loop.mp4\">https:\/\/www.medienlb.com\/wp-content\/uploads\/2025\/12\/alles-buecher_loop.mp4<\/a><\/video><\/div>\n<p>&nbsp;<\/p>\n<p><a href=\"https:\/\/medienlb.arbookslibrary.de\/\" target=\"_blank\" rel=\"noopener\"><img loading=\"lazy\" decoding=\"async\" class=\"alignnone wp-image-35820\" src=\"https:\/\/www.medienlb.com\/wp-content\/uploads\/2025\/12\/LINK-auf-medienlb_arbookslibrary-1-300x116.png\" alt=\"\" width=\"646\" height=\"250\" srcset=\"https:\/\/www.medienlb.com\/wp-content\/uploads\/2025\/12\/LINK-auf-medienlb_arbookslibrary-1-300x116.png 300w, https:\/\/www.medienlb.com\/wp-content\/uploads\/2025\/12\/LINK-auf-medienlb_arbookslibrary-1-1024x397.png 1024w, https:\/\/www.medienlb.com\/wp-content\/uploads\/2025\/12\/LINK-auf-medienlb_arbookslibrary-1-768x298.png 768w, https:\/\/www.medienlb.com\/wp-content\/uploads\/2025\/12\/LINK-auf-medienlb_arbookslibrary-1.png 1503w\" sizes=\"auto, (max-width: 646px) 100vw, 646px\" \/><\/a><\/p>\n<p><a href=\"https:\/\/www.medienlb.com\/wp-content\/uploads\/2025\/12\/arbl_probe_medienlb.pdf\" target=\"_blank\" rel=\"noopener\"><img loading=\"lazy\" decoding=\"async\" class=\"alignnone wp-image-36196\" src=\"https:\/\/www.medienlb.com\/wp-content\/uploads\/2025\/12\/Kostenlose-Probeseite-300x54.png\" alt=\"\" width=\"650\" height=\"117\" srcset=\"https:\/\/www.medienlb.com\/wp-content\/uploads\/2025\/12\/Kostenlose-Probeseite-300x54.png 300w, https:\/\/www.medienlb.com\/wp-content\/uploads\/2025\/12\/Kostenlose-Probeseite-768x139.png 768w, https:\/\/www.medienlb.com\/wp-content\/uploads\/2025\/12\/Kostenlose-Probeseite.png 862w\" sizes=\"auto, (max-width: 650px) 100vw, 650px\" \/><\/a><\/p>\n","protected":false},"excerpt":{"rendered":"<article class=\"text-token-text-primary w-full focus:outline-none [--shadow-height:45px] has-data-writing-block:pointer-events-none has-data-writing-block:-mt-(--shadow-height) has-data-writing-block:pt-(--shadow-height) [&amp;:has([data-writing-block])&gt;*]:pointer-events-auto scroll-mt-[calc(var(--header-height)+min(200px,max(70px,20svh)))]\" dir=\"auto\" tabindex=\"-1\" data-turn-id=\"request-WEB:9e8b9c08-7212-4df4-90d0-b1dbf82ebb0c-1\" data-testid=\"conversation-turn-4\" data-scroll-anchor=\"true\" data-turn=\"assistant\">\n<div class=\"text-base my-auto mx-auto pb-10 [--thread-content-margin:--spacing(4)] thread-sm:[--thread-content-margin:--spacing(6)] thread-lg:[--thread-content-margin:--spacing(16)] px-(--thread-content-margin)\">\n<div class=\"[--thread-content-max-width:40rem] thread-lg:[--thread-content-max-width:48rem] mx-auto max-w-(--thread-content-max-width) flex-1 group\/turn-messages focus-visible:outline-hidden relative flex w-full min-w-0 flex-col agent-turn\" tabindex=\"-1\">\n<div class=\"flex max-w-full flex-col grow\">\n<div class=\"min-h-8 text-message relative flex w-full flex-col items-end gap-2 text-start break-words whitespace-normal [.text-message+&amp;]:mt-1\" dir=\"auto\" data-message-author-role=\"assistant\" data-message-id=\"a49c5d30-7ff1-42f4-bee9-0513966ec4c9\" data-message-model-slug=\"gpt-5-1\">\n<div class=\"flex w-full flex-col gap-1 empty:hidden first:pt-[1px]\">\n<div class=\"markdown prose dark:prose-invert w-full break-words light markdown-new-styling\">\n<p data-start=\"0\" data-end=\"142\" data-is-last-node=\"\" data-is-only-node=\"\">Lernen wird lebendig \u2013 unsere AR-B\u00fccher verwandeln Wissen in ein faszinierendes 3D-Erlebnis, das begeistert und nachhaltig im Kopf bleibt.<\/p>\n<\/div>\n<\/div>\n<\/div>\n<\/div>\n<\/div>\n<\/div>\n<\/article>\n","protected":false},"featured_media":35607,"template":"","meta":{"_acf_changed":false},"product_brand":[],"product_cat":[75],"product_tag":[],"class_list":{"0":"post-35604","1":"product","2":"type-product","3":"status-publish","4":"has-post-thumbnail","6":"product_cat-hardware","8":"first","9":"instock","10":"taxable","11":"shipping-taxable","12":"purchasable","13":"product-type-variable"},"acf":{"subtitle":"Revolution\u00e4re AR L\u00f6sung quer durch den Unterricht","article_id":"MS_66","languages":"","thumb_up":false,"cover_image":"","linked_product":35121,"linked_products":null,"banner":{"show":true,"text":"AR Augmented Reality","color":""},"length":"","content_movie":"","learning_goals":"","preview_gif":"","trailer":{"file":"","url":"","image":""},"mediathek_id":"","amount":"","demo_url":"","h5p_demo_id":"","content_interactive":"","hide_numbers":false,"flyer":35823,"info_columns":[{"heading":"","content":"<strong>1 Der menschliche K\u00f6rper<\/strong>\r\n\r\n[video width=\"1200\" height=\"674\" mp4=\"https:\/\/www.medienlb.com\/wp-content\/uploads\/2025\/12\/der-menschliche-korper_loop.mp4\"][\/video]\r\n\r\n<strong>4 Naturwissenschaft<\/strong>\r\n\r\n[video width=\"1200\" height=\"674\" mp4=\"https:\/\/www.medienlb.com\/wp-content\/uploads\/2025\/12\/naturwissenschaft_loop.mp4\"][\/video]\r\n\r\n<strong>7 Physikalische Ph\u00e4nomene<\/strong>\r\n\r\n[video width=\"1200\" height=\"674\" mp4=\"https:\/\/www.medienlb.com\/wp-content\/uploads\/2025\/12\/physikalische-phanomene_loop.mp4\"][\/video]\r\n<h4>Die AR-B\u00fccher decken zentrale Themen des Unterrichts ab:<\/h4>\r\n<strong data-start=\"822\" data-end=\"848\">Der menschliche K\u00f6rper<\/strong>, <strong data-start=\"850\" data-end=\"868\">T\u00e4glich Chemie<\/strong>, <strong data-start=\"870\" data-end=\"883\">Geometrie<\/strong>, <strong data-start=\"885\" data-end=\"906\">Naturwissenschaft<\/strong>, <strong data-start=\"908\" data-end=\"935\">Physikalische Ph\u00e4nomene<\/strong>, <strong data-start=\"937\" data-end=\"961\">Physikalische Gr\u00f6\u00dfen<\/strong>, <strong data-start=\"963\" data-end=\"985\">S\u00e4ugetiere im Wald<\/strong> und <strong data-start=\"990\" data-end=\"1013\">Tiere rund ums Haus<\/strong>.<br data-start=\"1014\" data-end=\"1017\" \/>Jedes Buch bietet hochwertig aufbereitetes Wissen, das durch beeindruckende AR-Elemente lebendig wird: Organe erscheinen r\u00e4umlich, physikalische Prozesse werden sichtbar, Tiere wirken zum Greifen nah.\r\n\r\n<hr \/>\r\n\r\n<h4 data-start=\"1224\" data-end=\"1271\"><strong>Bessere Noten durch anschauliches Lernen<\/strong><\/h4>\r\n<p data-start=\"1224\" data-end=\"1271\">Unsere Wissensbuch-Specials zeigen, wie moderner Unterricht aussehen kann. Selbst digitalaffine junge Menschen sind \u00fcberrascht von der Interaktivit\u00e4t und Tiefe, die die AR-Inhalte bieten. Lernen wird zum <strong data-start=\"1477\" data-end=\"1489\">Erlebnis<\/strong>, Wissen l\u00e4sst sich leichter verankern \u2013 und das spiegelt sich langfristig auch in besseren Leistungen wider.<\/p>"},{"heading":"","content":"<strong>2 T\u00e4glich Chemie<\/strong>\r\n\r\n[video width=\"1200\" height=\"674\" mp4=\"https:\/\/www.medienlb.com\/wp-content\/uploads\/2025\/12\/taglich-chemie_loop.mp4\"][\/video]\r\n\r\n<strong>5 Geometrie<\/strong>\r\n\r\n[video width=\"1200\" height=\"674\" mp4=\"https:\/\/www.medienlb.com\/wp-content\/uploads\/2025\/12\/geometrie_loop.mp4\"][\/video]\r\n<p data-start=\"1679\" data-end=\"1719\"><strong>8 Tiere rund ums Haus<\/strong><\/p>\r\n[video width=\"1200\" height=\"674\" mp4=\"https:\/\/www.medienlb.com\/wp-content\/uploads\/2025\/12\/tiere-rund-ums-haus_loop.mp4\"][\/video]\r\n<h4 data-start=\"1679\" data-end=\"1719\"><strong data-start=\"1682\" data-end=\"1719\">AR Books LibrARy im Klassenzimmer<\/strong><\/h4>\r\n<p data-start=\"1721\" data-end=\"2112\">Der Einsatz der AR-B\u00fccher im Unterricht er\u00f6ffnet <strong data-start=\"1770\" data-end=\"1811\">innovative p\u00e4dagogische M\u00f6glichkeiten<\/strong>, die sowohl Lehrkr\u00e4fte als auch Lernende begeistern.<br data-start=\"1864\" data-end=\"1867\" \/>Mit nur einem mobilen Ger\u00e4t \u2013 Tablet oder Smartphone \u2013 lassen sich im Handumdrehen <strong data-start=\"1950\" data-end=\"2008\">dreidimensionale Modelle, Animationen und Simulationen<\/strong> aufrufen, die komplexe Themen verst\u00e4ndlich machen und die Aufmerksamkeit der Lernenden m\u00fchelos fesseln.<\/p>\r\n<p data-start=\"2114\" data-end=\"2272\">Die multimedialen Inhalte k\u00f6nnen mit geeigneten Tools sogar <strong data-start=\"2174\" data-end=\"2201\">in echtem 3D projiziert<\/strong> werden: ideal f\u00fcr Demonstrationen, Gruppenarbeit oder Stationenlernen.<\/p>"},{"heading":"","content":"<strong>3 S\u00e4ugetiere im Wald<\/strong>\r\n\r\n[video width=\"1200\" height=\"674\" mp4=\"https:\/\/www.medienlb.com\/wp-content\/uploads\/2025\/12\/saugetiere-im-wald_loop.mp4\"][\/video]\r\n<p data-start=\"2279\" data-end=\"2330\"><strong>6 Physikalische Gr\u00f6\u00dfen<\/strong><\/p>\r\n[video width=\"1200\" height=\"674\" mp4=\"https:\/\/www.medienlb.com\/wp-content\/uploads\/2025\/12\/physikalische-grossen_loop.mp4\"][\/video]\r\n<p data-start=\"2279\" data-end=\"2330\"><strong>9 Die zauberhafte Welt des Schachs<\/strong><\/p>\r\n[video width=\"1200\" height=\"674\" mp4=\"https:\/\/www.medienlb.com\/wp-content\/uploads\/2025\/12\/die-zauberhafte-welt-des-schachs_loop.mp4\"][\/video]\r\n<h4 data-start=\"2279\" data-end=\"2330\"><strong data-start=\"2282\" data-end=\"2330\">Flexibel einsetzbar \u2013 ohne technische H\u00fcrden<\/strong><\/h4>\r\n<p data-start=\"2332\" data-end=\"2621\">Die AR Books LibrARy-App l\u00e4sst sich auf einer <strong data-start=\"2378\" data-end=\"2413\">unbegrenzten Anzahl von Ger\u00e4ten<\/strong> installieren \u2013 egal ob schuleigene Tablets oder private Mobilger\u00e4te der Lernenden.<br data-start=\"2496\" data-end=\"2499\" \/>So k\u00f6nnen ganze Klassen, Jahrg\u00e4nge oder sogar Schulstufen gleichzeitig mit AR arbeiten, ohne zus\u00e4tzliche Kosten pro Ger\u00e4t.<\/p>\r\n\r\n\r\n<hr \/>\r\n\r\n<span style=\"color: #ff0000;\"><b>WICHTIG! <\/b>Das Kopieren des Buches im Ganzen oder in Teilen ist verboten. F\u00fcr die institutionelle Nutzung stellen Sie Ihren Sch\u00fclern bitte die erforderliche Anzahl von B\u00fcchern zur Verf\u00fcgung.<\/span>\r\n\r\n<hr \/>\r\n\r\n<h4 data-start=\"2628\" data-end=\"2668\"><strong data-start=\"2631\" data-end=\"2668\">Maximaler Datenschutz f\u00fcr Schulen<\/strong><\/h4>\r\n<p data-start=\"2670\" data-end=\"2907\">Die App erfasst <strong data-start=\"2686\" data-end=\"2722\">keinerlei personenbezogene Daten<\/strong>. Es werden weder Informationen abgefragt noch gespeichert oder \u00fcbermittelt. Damit entspricht die Nutzung h\u00f6chsten Datenschutzanforderungen und ist bedenkenlos im Unterricht einsetzbar.<\/p>"}]},"_links":{"self":[{"href":"https:\/\/www.medienlb.com\/en\/wp-json\/wp\/v2\/product\/35604","targetHints":{"allow":["GET"]}}],"collection":[{"href":"https:\/\/www.medienlb.com\/en\/wp-json\/wp\/v2\/product"}],"about":[{"href":"https:\/\/www.medienlb.com\/en\/wp-json\/wp\/v2\/types\/product"}],"acf:post":[{"embeddable":true,"href":"https:\/\/www.medienlb.com\/en\/wp-json\/wp\/v2\/product\/35121"}],"wp:featuredmedia":[{"embeddable":true,"href":"https:\/\/www.medienlb.com\/en\/wp-json\/wp\/v2\/media\/35607"}],"wp:attachment":[{"href":"https:\/\/www.medienlb.com\/en\/wp-json\/wp\/v2\/media?parent=35604"}],"wp:term":[{"taxonomy":"product_brand","embeddable":true,"href":"https:\/\/www.medienlb.com\/en\/wp-json\/wp\/v2\/product_brand?post=35604"},{"taxonomy":"product_cat","embeddable":true,"href":"https:\/\/www.medienlb.com\/en\/wp-json\/wp\/v2\/product_cat?post=35604"},{"taxonomy":"product_tag","embeddable":true,"href":"https:\/\/www.medienlb.com\/en\/wp-json\/wp\/v2\/product_tag?post=35604"}],"curies":[{"name":"wp","href":"https:\/\/api.w.org\/{rel}","templated":true}]}}