{"id":35563,"date":"2025-12-02T07:52:18","date_gmt":"2025-12-02T07:52:18","guid":{"rendered":"https:\/\/www.medienlb.com\/?post_type=product&#038;p=35563"},"modified":"2025-12-16T12:11:19","modified_gmt":"2025-12-16T12:11:19","slug":"55508593-cybersecurity","status":"publish","type":"product","link":"https:\/\/www.medienlb.com\/en\/produkt\/55508593-cybersecurity\/","title":{"rendered":"Cybersecurity"},"content":{"rendered":"<p>Der Film erkl\u00e4rt die wichtigsten Gefahren im Internet: Phishing, Malware, Social Engineering und Fake-Shops. Er zeigt, wie Cyberkriminelle vorgehen und warum Jugendliche besonders gef\u00e4hrdet sind. Mit praktischen Tipps zu sicheren Passw\u00f6rtern, Zwei-Faktor-Authentifizierung und Schutzma\u00dfnahmen f\u00fcr Computer und Smartphones.<\/p>\n","protected":false},"excerpt":{"rendered":"<p>Der Film erkl\u00e4rt die wichtigsten Gefahren im Internet: Phishing, Malware, Social Engineering und Fake-Shops.<\/p>\n","protected":false},"featured_media":35567,"template":"","meta":{"_acf_changed":false},"product_brand":[],"product_cat":[70],"product_tag":[77,125],"class_list":{"0":"post-35563","1":"product","2":"type-product","3":"status-publish","4":"has-post-thumbnail","6":"product_cat-film","7":"product_tag-subject-gesellschaft","8":"product_tag-target-sek-i","10":"first","11":"instock","12":"taxable","13":"shipping-taxable","14":"purchasable","15":"product-type-variable"},"acf":{"subtitle":"Digital Jungle","article_id":"46505885 \/ 55508593","languages":"DE","thumb_up":false,"cover_image":35583,"linked_product":35392,"linked_products":null,"banner":{"show":true,"text":"","color":""},"length":"10:40 min","content_movie":"Gesamtes Begleitmaterial: 52 Seiten\r\n\r\nArbeitsbl\u00e4tter mit L\u00f6sungen: 20 Seiten\r\n\r\nTestaufgaben: 20\r\n\r\nInteraktive Aufgaben: 10","learning_goals":"Lernziele:\r\n\r\nDie Sch\u00fclerinnen und Sch\u00fcler\r\n<ol>\r\n \t<li>nennen Gr\u00fcnde, die f\u00fcr die Verschl\u00fcsselung von Daten sprechen.<\/li>\r\n \t<li>erl\u00e4utern den Sachverhalt der permanent anfallenden personenbezogenen Daten bei der Nutzung von Diensten an einem alltagsrelevanten Beispiel.<\/li>\r\n<\/ol>\r\n&nbsp;\r\n\r\nKompetenzen:\r\n\r\nDie Sch\u00fclerinnen und Sch\u00fcler k\u00f6nnen\r\n<ol>\r\n \t<li>Programme gezielt testen.<\/li>\r\n \t<li>Auswirkungen von Computersystemen auf Gesellschaft, Berufswelt und pers\u00f6nliches Lebensumfeld aus verschiedenen Perspektiven bewerten.<\/li>\r\n<\/ol>","preview_gif":35576,"trailer":{"file":35572,"url":"","image":35570},"mediathek_id":920,"amount":"","demo_url":"","h5p_demo_id":"","content_interactive":"","hide_numbers":false,"flyer":"","info_columns":null},"_links":{"self":[{"href":"https:\/\/www.medienlb.com\/en\/wp-json\/wp\/v2\/product\/35563","targetHints":{"allow":["GET"]}}],"collection":[{"href":"https:\/\/www.medienlb.com\/en\/wp-json\/wp\/v2\/product"}],"about":[{"href":"https:\/\/www.medienlb.com\/en\/wp-json\/wp\/v2\/types\/product"}],"acf:post":[{"embeddable":true,"href":"https:\/\/www.medienlb.com\/en\/wp-json\/wp\/v2\/product\/35392"}],"wp:featuredmedia":[{"embeddable":true,"href":"https:\/\/www.medienlb.com\/en\/wp-json\/wp\/v2\/media\/35567"}],"wp:attachment":[{"href":"https:\/\/www.medienlb.com\/en\/wp-json\/wp\/v2\/media?parent=35563"}],"wp:term":[{"taxonomy":"product_brand","embeddable":true,"href":"https:\/\/www.medienlb.com\/en\/wp-json\/wp\/v2\/product_brand?post=35563"},{"taxonomy":"product_cat","embeddable":true,"href":"https:\/\/www.medienlb.com\/en\/wp-json\/wp\/v2\/product_cat?post=35563"},{"taxonomy":"product_tag","embeddable":true,"href":"https:\/\/www.medienlb.com\/en\/wp-json\/wp\/v2\/product_tag?post=35563"}],"curies":[{"name":"wp","href":"https:\/\/api.w.org\/{rel}","templated":true}]}}