{"id":35541,"date":"2025-11-27T05:49:58","date_gmt":"2025-11-27T05:49:58","guid":{"rendered":"https:\/\/www.medienlb.com\/?post_type=product&#038;p=35541"},"modified":"2025-12-16T12:10:25","modified_gmt":"2025-12-16T12:10:25","slug":"55508590-fakt-oder-fake","status":"publish","type":"product","link":"https:\/\/www.medienlb.com\/en\/produkt\/55508590-fakt-oder-fake\/","title":{"rendered":"Fakt oder Fake?"},"content":{"rendered":"<p>Fake News, Social Bots und verdeckte Kampagnen wie \u201eDoppelg\u00e4nger\u201c manipulieren Meinungen und gef\u00e4hrden Demokratien. Der Film zeigt, wie Desinformation funktioniert, warum wir darauf hereinfallen und wie wir uns sch\u00fctzen k\u00f6nnen. Wachsamkeit ist der Schl\u00fcssel \u2013 denn Wahrheit ist keine Selbstverst\u00e4ndlichkeit.<\/p>\n","protected":false},"excerpt":{"rendered":"<p>Fake News, Social Bots und verdeckte Kampagnen wie \u201eDoppelg\u00e4nger\u201c manipulieren Meinungen und gef\u00e4hrden Demokratien.<\/p>\n","protected":false},"featured_media":35542,"template":"","meta":{"_acf_changed":false},"product_brand":[],"product_cat":[70],"product_tag":[77,125],"class_list":{"0":"post-35541","1":"product","2":"type-product","3":"status-publish","4":"has-post-thumbnail","6":"product_cat-film","7":"product_tag-subject-gesellschaft","8":"product_tag-target-sek-i","10":"first","11":"instock","12":"taxable","13":"shipping-taxable","14":"purchasable","15":"product-type-variable"},"acf":{"subtitle":"Digital Jungle","article_id":"46505882 \/ 55508590","languages":"DE","thumb_up":false,"cover_image":35550,"linked_product":35392,"linked_products":null,"banner":{"show":true,"text":"","color":""},"length":"11:30 min","content_movie":"Gesamtes Begleitmaterial: 50 Seiten\r\n\r\nArbeitsbl\u00e4tter mit L\u00f6sungen: 20 Seiten\r\n\r\nTestaufgaben: 20\r\n\r\nInteraktive Aufgaben: 10","learning_goals":"Lernziele:\r\n\r\nDie Sch\u00fclerinnen und Sch\u00fcler\r\n<ol>\r\n \t<li>untersuchen und problematisieren ethisch moralische Sachverhalte unter verschiedenen Gesichtspunkten und Fragestellungen.<\/li>\r\n \t<li>benennen und stellen Ph\u00e4nomene, Situationen oder Sachverhalte und die zugrundeliegenden Werte und Normen differenziert dar.<\/li>\r\n<\/ol>\r\n&nbsp;\r\n\r\nKompetenzen:\r\n\r\nDie Sch\u00fclerinnen und Sch\u00fcler k\u00f6nnen\r\n<ol>\r\n \t<li>die welterschlie\u00dfende und weltver\u00e4ndernde Wirkung von Medien in einer zunehmend digitalisierten Welt beschreiben und diskutieren.<\/li>\r\n \t<li>mediale Darstellungen unter ethisch relevanten Fragestellungen analysieren und beurteilen (zum Beispiel bezogen auf Meinungsfreiheit, Pers\u00f6nlichkeitsrechte, Privatsph\u00e4re, Menschenw\u00fcrde, Gerechtigkeit, Wahrhaftigkeit)<\/li>\r\n<\/ol>","preview_gif":35552,"trailer":{"file":35554,"url":"","image":35545},"mediathek_id":919,"amount":"","demo_url":"","h5p_demo_id":"","content_interactive":"","hide_numbers":false,"flyer":"","info_columns":null},"_links":{"self":[{"href":"https:\/\/www.medienlb.com\/en\/wp-json\/wp\/v2\/product\/35541","targetHints":{"allow":["GET"]}}],"collection":[{"href":"https:\/\/www.medienlb.com\/en\/wp-json\/wp\/v2\/product"}],"about":[{"href":"https:\/\/www.medienlb.com\/en\/wp-json\/wp\/v2\/types\/product"}],"acf:post":[{"embeddable":true,"href":"https:\/\/www.medienlb.com\/en\/wp-json\/wp\/v2\/product\/35392"}],"wp:featuredmedia":[{"embeddable":true,"href":"https:\/\/www.medienlb.com\/en\/wp-json\/wp\/v2\/media\/35542"}],"wp:attachment":[{"href":"https:\/\/www.medienlb.com\/en\/wp-json\/wp\/v2\/media?parent=35541"}],"wp:term":[{"taxonomy":"product_brand","embeddable":true,"href":"https:\/\/www.medienlb.com\/en\/wp-json\/wp\/v2\/product_brand?post=35541"},{"taxonomy":"product_cat","embeddable":true,"href":"https:\/\/www.medienlb.com\/en\/wp-json\/wp\/v2\/product_cat?post=35541"},{"taxonomy":"product_tag","embeddable":true,"href":"https:\/\/www.medienlb.com\/en\/wp-json\/wp\/v2\/product_tag?post=35541"}],"curies":[{"name":"wp","href":"https:\/\/api.w.org\/{rel}","templated":true}]}}