{"id":35528,"date":"2025-11-26T14:14:43","date_gmt":"2025-11-26T14:14:43","guid":{"rendered":"https:\/\/www.medienlb.com\/?post_type=product&#038;p=35528"},"modified":"2026-03-10T13:20:01","modified_gmt":"2026-03-10T13:20:01","slug":"55507560-verkehrssicherheit","status":"publish","type":"product","link":"https:\/\/www.medienlb.com\/en\/produkt\/55507560-verkehrssicherheit\/","title":{"rendered":"Verkehrssicherheit"},"content":{"rendered":"<p>Dieser Schulfilm zeigt, wie Kinder sicher unterwegs sind: zu Fu\u00df, mit dem Fahrrad oder dem Roller. Er erkl\u00e4rt wichtige Regeln wie Ampel, Zebrastreifen und den toten Winkel und macht deutlich, warum Aufmerksamkeit und Vorsicht so wichtig sind. Mit anschaulichen Beispielen und praktischen Tipps lernen Kinder, Gefahren zu erkennen und richtig zu reagieren \u2013 f\u00fcr mehr Sicherheit im Alltag.<\/p>\n<p>\u203c\ufe0f<strong>Das Besondere:<\/strong> Die dargestellten Situationen werden von Kindern erkl\u00e4rt und im Dialog in <strong class=\"x_false\">Geb\u00e4rdensprache\u00a0<\/strong>umgesetzt. Der Film ist auf diese Weise authentisch und\u00a0<strong class=\"x_false\">barrierefrei<\/strong>\u00a0im Unterricht einsetzbar.<\/p>\n","protected":false},"excerpt":{"rendered":"<p>Dieser Schulfilm zeigt, wie Kinder sicher unterwegs sind: zu Fu\u00df, mit dem Fahrrad oder dem Roller.<\/p>\n","protected":false},"featured_media":35538,"template":"","meta":{"_acf_changed":false},"product_brand":[],"product_cat":[70],"product_tag":[97,129],"class_list":{"0":"post-35528","1":"product","2":"type-product","3":"status-publish","4":"has-post-thumbnail","6":"product_cat-film","7":"product_tag-subject-grundschule","8":"product_tag-target-gru","10":"first","11":"instock","12":"taxable","13":"shipping-taxable","14":"purchasable","15":"product-type-variable"},"acf":{"subtitle":"Schulkinder im Stra\u00dfenverkehr","article_id":"46505683 \/ 55507560","languages":"DE","thumb_up":false,"cover_image":36928,"linked_product":5107,"linked_products":null,"banner":{"show":true,"text":"","color":""},"length":"8:01 min.","content_movie":"Gesamtes Begleitmaterial: 63 Seiten\r\n\r\nArbeitsbl\u00e4tter (mit L\u00f6sungen): 20 Seiten\r\n\r\nInteraktive Aufgaben: 10\r\n\r\nTestaufgaben: 20","learning_goals":"Lernziele:\r\n\r\nDie Sch\u00fclerinnen und Sch\u00fcler\r\n<ol>\r\n \t<li>verhalten sich als Fu\u00dfg\u00e4ngerin und Fu\u00dfg\u00e4nger verkehrsgerecht, r\u00fccksichtsvoll und sicherheitsorientiert.<\/li>\r\n \t<li>verhalten sich in \u00f6ffentlichen und privaten Verkehrsmitteln verkehrsgerecht, r\u00fccksichtsvoll und sicherheitsorientiert.<\/li>\r\n<\/ol>\r\n&nbsp;\r\n\r\nKompetenzen:\r\n\r\nDie Sch\u00fclerinnen und Sch\u00fcler k\u00f6nnen\r\n<ol>\r\n \t<li>grundlegende Wahrnehmungen in den Bereichen Gestaltung, Klang und Ph\u00e4nomen vertiefen (zum Beispiel durch bewusstes Wahrnehmen von R\u00e4umen).<\/li>\r\n \t<li>Informationen, Sachverhalte, Situationen und Entwicklungen bewerten.<\/li>\r\n<\/ol>","preview_gif":35533,"trailer":{"file":35535,"url":"","image":35537},"mediathek_id":917,"amount":"","demo_url":"","h5p_demo_id":"","content_interactive":"","hide_numbers":false,"flyer":"","info_columns":null},"_links":{"self":[{"href":"https:\/\/www.medienlb.com\/en\/wp-json\/wp\/v2\/product\/35528","targetHints":{"allow":["GET"]}}],"collection":[{"href":"https:\/\/www.medienlb.com\/en\/wp-json\/wp\/v2\/product"}],"about":[{"href":"https:\/\/www.medienlb.com\/en\/wp-json\/wp\/v2\/types\/product"}],"acf:post":[{"embeddable":true,"href":"https:\/\/www.medienlb.com\/en\/wp-json\/wp\/v2\/product\/5107"}],"wp:featuredmedia":[{"embeddable":true,"href":"https:\/\/www.medienlb.com\/en\/wp-json\/wp\/v2\/media\/35538"}],"wp:attachment":[{"href":"https:\/\/www.medienlb.com\/en\/wp-json\/wp\/v2\/media?parent=35528"}],"wp:term":[{"taxonomy":"product_brand","embeddable":true,"href":"https:\/\/www.medienlb.com\/en\/wp-json\/wp\/v2\/product_brand?post=35528"},{"taxonomy":"product_cat","embeddable":true,"href":"https:\/\/www.medienlb.com\/en\/wp-json\/wp\/v2\/product_cat?post=35528"},{"taxonomy":"product_tag","embeddable":true,"href":"https:\/\/www.medienlb.com\/en\/wp-json\/wp\/v2\/product_tag?post=35528"}],"curies":[{"name":"wp","href":"https:\/\/api.w.org\/{rel}","templated":true}]}}