{"id":35511,"date":"2025-11-26T10:23:42","date_gmt":"2025-11-26T10:23:42","guid":{"rendered":"https:\/\/www.medienlb.com\/?post_type=product&#038;p=35511"},"modified":"2026-02-09T10:22:40","modified_gmt":"2026-02-09T10:22:40","slug":"55507256-immanuel-kant","status":"publish","type":"product","link":"https:\/\/www.medienlb.com\/en\/produkt\/55507256-immanuel-kant\/","title":{"rendered":"Immanuel Kant"},"content":{"rendered":"<p>Der Film f\u00fchrt in die Epoche der Aufkl\u00e4rung und zeigt, wie Kant mit seiner \u201ekopernikanischen Wende\u201c das Denken revolutionierte. Seine Ideen zu Vernunft, Freiheit und Moral pr\u00e4gen bis heute unsere Werte und Menschenrechte. Vom kategorischen Imperativ bis zur Vision des ewigen Friedens \u2013 Kant fordert uns auf: Habe Mut, dich deines eigenen Verstandes zu bedienen!<\/p>\n","protected":false},"excerpt":{"rendered":"<p>Der Film f\u00fchrt in die Epoche der Aufkl\u00e4rung und zeigt, wie Kant mit seiner \u201ekopernikanischen Wende\u201c das Denken revolutionierte.<\/p>\n","protected":false},"featured_media":35521,"template":"","meta":{"_acf_changed":false},"product_brand":[],"product_cat":[70],"product_tag":[109,125,127],"class_list":{"0":"post-35511","1":"product","2":"type-product","3":"status-publish","4":"has-post-thumbnail","6":"product_cat-film","7":"product_tag-subject-geschichte","8":"product_tag-target-sek-i","9":"product_tag-target-sek-ii","11":"first","12":"instock","13":"taxable","14":"shipping-taxable","15":"purchasable","16":"product-type-variable"},"acf":{"subtitle":"Leben und Werk","article_id":"46505584 \/ 55507256","languages":"DE","thumb_up":true,"cover_image":35560,"linked_product":26821,"linked_products":null,"banner":{"show":true,"text":"","color":""},"length":"17:42 min","content_movie":"Gesamtes Begleitmaterial: 68 Seiten\r\n\r\nArbeitsbl\u00e4tter mit L\u00f6sungen: 20 Seiten\r\n\r\nTestaufgaben: 20\r\n\r\nInteraktive Aufgaben: 10","learning_goals":"Lernziele:\r\n\r\nDie Sch\u00fclerinnen und Sch\u00fcler\r\n<ol>\r\n \t<li>beschreiben und er\u00f6rtern die Goldene Regel in ihrer Bedeutung f\u00fcr das Zusammenleben.<\/li>\r\n \t<li>legen dar und diskutieren Werte und Normen als konstitutiv f\u00fcr das Zusammenleben.<\/li>\r\n<\/ol>\r\nKompetenzen:\r\n\r\nDie Sch\u00fclerinnen und Sch\u00fcler k\u00f6nnen\r\n<ol>\r\n \t<li>verschiedene Argumente der ethischen Auseinandersetzung in Beziehung setzen und gewichten.<\/li>\r\n \t<li>Werte und Normen bei ethischen Frage- und Problemstellungen diskutieren.<\/li>\r\n<\/ol>","preview_gif":35527,"trailer":{"file":35525,"url":"","image":35515},"mediathek_id":918,"amount":"","demo_url":"","h5p_demo_id":"","content_interactive":"","hide_numbers":false,"flyer":"","info_columns":null},"_links":{"self":[{"href":"https:\/\/www.medienlb.com\/en\/wp-json\/wp\/v2\/product\/35511","targetHints":{"allow":["GET"]}}],"collection":[{"href":"https:\/\/www.medienlb.com\/en\/wp-json\/wp\/v2\/product"}],"about":[{"href":"https:\/\/www.medienlb.com\/en\/wp-json\/wp\/v2\/types\/product"}],"acf:post":[{"embeddable":true,"href":"https:\/\/www.medienlb.com\/en\/wp-json\/wp\/v2\/product\/26821"}],"wp:featuredmedia":[{"embeddable":true,"href":"https:\/\/www.medienlb.com\/en\/wp-json\/wp\/v2\/media\/35521"}],"wp:attachment":[{"href":"https:\/\/www.medienlb.com\/en\/wp-json\/wp\/v2\/media?parent=35511"}],"wp:term":[{"taxonomy":"product_brand","embeddable":true,"href":"https:\/\/www.medienlb.com\/en\/wp-json\/wp\/v2\/product_brand?post=35511"},{"taxonomy":"product_cat","embeddable":true,"href":"https:\/\/www.medienlb.com\/en\/wp-json\/wp\/v2\/product_cat?post=35511"},{"taxonomy":"product_tag","embeddable":true,"href":"https:\/\/www.medienlb.com\/en\/wp-json\/wp\/v2\/product_tag?post=35511"}],"curies":[{"name":"wp","href":"https:\/\/api.w.org\/{rel}","templated":true}]}}