{"id":35449,"date":"2025-11-25T13:14:46","date_gmt":"2025-11-25T13:14:46","guid":{"rendered":"https:\/\/www.medienlb.com\/?post_type=product&#038;p=35449"},"modified":"2026-01-28T13:05:21","modified_gmt":"2026-01-28T13:05:21","slug":"flashforge-adventurer-5m-edu","status":"publish","type":"product","link":"https:\/\/www.medienlb.com\/en\/produkt\/flashforge-adventurer-5m-edu\/","title":{"rendered":"FLASHFORGE &#8211; ADVENTURER 5M EDU"},"content":{"rendered":"<div>\n<p>Der Adventurer 5M \u00fcberzeugt mit einer maximalen Extrudier-Geschwindigkeit von 600 mm\/s und setzt einen neuen Ma\u00dfstab f\u00fcr 3D-Drucker.<br \/>\nDas vollautomatische Leveling per Knopfdruck und das Quick-Swap Nozzle-System machen den Adventurer 5M zu einem au\u00dfergew\u00f6hnliche praktischen 3D-Drucker, der sowohl im Privaten, als auch im Bildungsbereich keine W\u00fcnsche offen l\u00e4sst <img loading=\"lazy\" decoding=\"async\" class=\"alignnone size-medium wp-image-35483\" src=\"https:\/\/www.medienlb.com\/wp-content\/uploads\/2025\/11\/Flashforge_Sec_1-300x68.png\" alt=\"\" width=\"300\" height=\"68\" srcset=\"https:\/\/www.medienlb.com\/wp-content\/uploads\/2025\/11\/Flashforge_Sec_1-300x68.png 300w, https:\/\/www.medienlb.com\/wp-content\/uploads\/2025\/11\/Flashforge_Sec_1-768x175.png 768w, https:\/\/www.medienlb.com\/wp-content\/uploads\/2025\/11\/Flashforge_Sec_1.png 1001w\" sizes=\"auto, (max-width: 300px) 100vw, 300px\" \/><\/p>\n<hr \/>\n<\/div>\n<div>Preis exklusive Versandkosten!!<\/div>\n<div class=\"ewa-rteLine\">\n<hr \/>\n<\/div>\n<p>&nbsp;<\/p>\n","protected":false},"excerpt":{"rendered":"<p>Falshforge Adventurer 5M au\u00dfergew\u00f6hnlich komfortabel 3D-Drucken im Bildungsbereich!!<\/p>\n","protected":false},"featured_media":35506,"template":"","meta":{"_acf_changed":false},"product_brand":[],"product_cat":[75],"product_tag":[],"class_list":{"0":"post-35449","1":"product","2":"type-product","3":"status-publish","4":"has-post-thumbnail","6":"product_cat-hardware","8":"first","9":"instock","10":"taxable","11":"shipping-taxable","12":"purchasable","13":"product-type-variable"},"acf":{"subtitle":"...inklusive Einhausungsbausatz!","article_id":"MS_65_EDU","languages":"","thumb_up":false,"cover_image":"","linked_product":"","linked_products":null,"banner":{"show":true,"text":"","color":""},"length":"","content_movie":"","learning_goals":"","preview_gif":"","trailer":{"file":"","url":"","image":""},"mediathek_id":"","amount":"","demo_url":"","h5p_demo_id":"","content_interactive":"","hide_numbers":false,"flyer":35477,"info_columns":[{"heading":"","content":"<a href=\"https:\/\/www.medienlb.com\/wp-content\/uploads\/2025\/11\/Flashforge_Sec.png\" target=\"_blank\" rel=\"noopener\"><img class=\"alignnone size-medium wp-image-35480\" src=\"https:\/\/www.medienlb.com\/wp-content\/uploads\/2025\/11\/Flashforge_Sec-169x300.png\" alt=\"\" width=\"169\" height=\"300\" \/><\/a>"},{"heading":"","content":"<strong>Stabilit\u00e4t f\u00fcr eine konsistente Qualit\u00e4t<\/strong>\r\n\r\nDank der Core-XY Struktur und einem Vollmetall Geh\u00e4use, gew\u00e4hrleistet der Adventurer\u00a05M auch bei Hochgeschwindigkeitsdrucken Stabilit\u00e4t und ein einen geringen Ger\u00e4uschpegel. Das Filament wird mit einer akkuraten Druckkontrolle pr\u00e4zise und konstant durch den Extruder direkt zur D\u00fcse gef\u00fchrt. Unterst\u00fctzt durch eine Vibrationskompensation erzielt der Adventurer\u00a05M eine glatte Oberfl\u00e4che und vermindert Ghosting im Druck.\r\n\r\n<img class=\"alignnone size-medium wp-image-35487\" src=\"https:\/\/www.medienlb.com\/wp-content\/uploads\/2025\/11\/240131_AD5M_Core_XY_Infobild_V1-300x94.jpg\" alt=\"\" width=\"300\" height=\"94\" \/>\r\n\r\n<strong>In nur wenigen Minuten zum ersten Druck<\/strong>\r\n\r\nMit nur einem Knopfdruck erledigt der Adventurer\u00a05M das Leveling ganz automatisch und ist in 10 Minuten also schon bereit f\u00fcr seinen allerersten Druck. Das Auto-Leveling-System misst die relative H\u00f6he der D\u00fcse zur Druckplatte und kann somit automatisch den Abstand entsprechend einstellen, um eine saubere Extrusion zu gew\u00e4hrleisten.\r\n\r\n<img class=\"alignnone size-medium wp-image-35485\" src=\"https:\/\/www.medienlb.com\/wp-content\/uploads\/2025\/11\/240131_AD5M_Auto_Leveling_Infobild_V1-300x117.jpg\" alt=\"\" width=\"300\" height=\"117\" \/>\r\n\r\n<strong>3-Sekunden Quick-Swap Nozzle<\/strong>\r\n\r\nDie D\u00fcse des Adventurer\u00a05M l\u00e4sst sich mit einem einfachen Handgriff, ganz ohne zus\u00e4tzlichem Werkzeug, aus dem Extruder l\u00f6sen und austauschen. Dabei hast du die Wahl zwischen einer 0,25mm, 0,4mm, 0,6mm oder 0,8mm D\u00fcse um jedes Druckprojekt individuell umsetzen zu k\u00f6nnen.\r\n\r\n<img class=\"alignnone size-medium wp-image-35489\" src=\"https:\/\/www.medienlb.com\/wp-content\/uploads\/2025\/11\/240131_AD5M_Quick_Swap_Nozzle_Infobild_V1-300x133.jpg\" alt=\"\" width=\"300\" height=\"133\" \/>\r\n\r\n&nbsp;"},{"heading":"","content":"Der 3D-Printer wird inklusive des kompletten Einhausungsbausatz geliefert und verf\u00fcgt dadurch, nach Montage, \u00fcber ein komplett geschlossenes Geh\u00e4use.\r\n\r\n<hr \/>\r\n\r\n<a href=\"https:\/\/www.medienlb.com\/wp-content\/uploads\/2025\/11\/Flashforge-Adventurer-5M-Series_datasheet.pdf\" target=\"_blank\" rel=\"noopener\">Flashforge Adventurer 5M Series_datasheet<\/a>\r\n\r\n<hr \/>\r\n\r\n<img class=\"alignnone size-medium wp-image-35491\" src=\"https:\/\/www.medienlb.com\/wp-content\/uploads\/2025\/11\/ad5m_enclosure_preview_1-223x300.png\" alt=\"\" width=\"223\" height=\"300\" \/>"}]},"_links":{"self":[{"href":"https:\/\/www.medienlb.com\/en\/wp-json\/wp\/v2\/product\/35449","targetHints":{"allow":["GET"]}}],"collection":[{"href":"https:\/\/www.medienlb.com\/en\/wp-json\/wp\/v2\/product"}],"about":[{"href":"https:\/\/www.medienlb.com\/en\/wp-json\/wp\/v2\/types\/product"}],"wp:featuredmedia":[{"embeddable":true,"href":"https:\/\/www.medienlb.com\/en\/wp-json\/wp\/v2\/media\/35506"}],"wp:attachment":[{"href":"https:\/\/www.medienlb.com\/en\/wp-json\/wp\/v2\/media?parent=35449"}],"wp:term":[{"taxonomy":"product_brand","embeddable":true,"href":"https:\/\/www.medienlb.com\/en\/wp-json\/wp\/v2\/product_brand?post=35449"},{"taxonomy":"product_cat","embeddable":true,"href":"https:\/\/www.medienlb.com\/en\/wp-json\/wp\/v2\/product_cat?post=35449"},{"taxonomy":"product_tag","embeddable":true,"href":"https:\/\/www.medienlb.com\/en\/wp-json\/wp\/v2\/product_tag?post=35449"}],"curies":[{"name":"wp","href":"https:\/\/api.w.org\/{rel}","templated":true}]}}