{"id":35392,"date":"2025-11-24T14:08:39","date_gmt":"2025-11-24T14:08:39","guid":{"rendered":"https:\/\/www.medienlb.com\/?post_type=product&#038;p=35392"},"modified":"2026-03-17T08:11:18","modified_gmt":"2026-03-17T08:11:18","slug":"55508384-falsche-nachrichten-fake-news","status":"publish","type":"product","link":"https:\/\/www.medienlb.com\/en\/produkt\/55508384-falsche-nachrichten-fake-news\/","title":{"rendered":"Falsche Nachrichten, Fake News"},"content":{"rendered":"<p>Fake News sind bewusst gef\u00e4lschte Nachrichten. Sie finden ihre Verbreitung sowohl in den klassischen und neuen Medien als auch im Alltag.<\/p>\n<p>Mit Leichtigkeit zeigt Juna im Film, wie leicht sich Falschinformationen verbreiten und welche Folgen sie haben k\u00f6nnen. Die Sch\u00fclerinnen und Sch\u00fcler erleben, wie Manipulation funktioniert und lernen Strategien, um Fakten von Fakes zu unterscheiden. Der Film ist ein spannender Beitrag zur Entwicklung der Medienkompetenz und zur kritischen Reflexion.<\/p>\n","protected":false},"excerpt":{"rendered":"<p>Fake News sind bewusst gef\u00e4lschte Nachrichten. Sie finden ihre Verbreitung sowohl in den klassischen und neuen Medien als auch im Alltag.<\/p>\n","protected":false},"featured_media":35393,"template":"","meta":{"_acf_changed":false},"product_brand":[],"product_cat":[70],"product_tag":[77,125],"class_list":{"0":"post-35392","1":"product","2":"type-product","3":"status-publish","4":"has-post-thumbnail","6":"product_cat-film","7":"product_tag-subject-gesellschaft","8":"product_tag-target-sek-i","10":"first","11":"instock","12":"taxable","13":"shipping-taxable","14":"purchasable","15":"product-type-variable"},"acf":{"subtitle":"Digital Jungle","article_id":"46505817 \/ 55508384","languages":"DE","thumb_up":true,"cover_image":35509,"linked_product":35541,"linked_products":null,"banner":{"show":true,"text":"","color":""},"length":"10:44 min.","content_movie":"Gesamtes Begleitmaterial: 49 Seiten\r\n\r\nArbeitsbl\u00e4tter (mit L\u00f6sungen): 20 Seiten\r\n\r\nInteraktive Aufgaben: 10\r\n\r\nTestaufgaben: 20","learning_goals":"Lernziele:\r\n\r\nDie Sch\u00fclerinnen und Sch\u00fcler\r\n<ol>\r\n \t<li>untersuchen und problematisieren ethisch moralische Sachverhalte unter verschiedenen Gesichtspunkten und Fragestellungen.<\/li>\r\n \t<li>benennen und stellen Ph\u00e4nomene, Situationen oder Sachverhalte und die zugrundeliegenden Werte und Normen differenziert dar.<\/li>\r\n<\/ol>\r\n&nbsp;\r\n\r\nKompetenzen:\r\n\r\nDie Sch\u00fclerinnen und Sch\u00fcler k\u00f6nnen\r\n<ol>\r\n \t<li>die welterschlie\u00dfende und weltver\u00e4ndernde Wirkung von Medien in einer zunehmend digitalisierten Welt beschreiben und diskutieren.<\/li>\r\n \t<li>mediale Darstellungen unter ethisch relevanten Fragestellungen analysieren und beurteilen (zum Beispiel bezogen auf Meinungsfreiheit, Pers\u00f6nlichkeitsrechte, Privatsph\u00e4re, Menschenw\u00fcrde, Gerechtigkeit, Wahrhaftigkeit)<\/li>\r\n<\/ol>","preview_gif":35402,"trailer":{"file":35398,"url":"","image":35396},"mediathek_id":916,"amount":"","demo_url":"","h5p_demo_id":"","content_interactive":"","hide_numbers":false,"flyer":"","info_columns":null},"_links":{"self":[{"href":"https:\/\/www.medienlb.com\/en\/wp-json\/wp\/v2\/product\/35392","targetHints":{"allow":["GET"]}}],"collection":[{"href":"https:\/\/www.medienlb.com\/en\/wp-json\/wp\/v2\/product"}],"about":[{"href":"https:\/\/www.medienlb.com\/en\/wp-json\/wp\/v2\/types\/product"}],"acf:post":[{"embeddable":true,"href":"https:\/\/www.medienlb.com\/en\/wp-json\/wp\/v2\/product\/35541"}],"wp:featuredmedia":[{"embeddable":true,"href":"https:\/\/www.medienlb.com\/en\/wp-json\/wp\/v2\/media\/35393"}],"wp:attachment":[{"href":"https:\/\/www.medienlb.com\/en\/wp-json\/wp\/v2\/media?parent=35392"}],"wp:term":[{"taxonomy":"product_brand","embeddable":true,"href":"https:\/\/www.medienlb.com\/en\/wp-json\/wp\/v2\/product_brand?post=35392"},{"taxonomy":"product_cat","embeddable":true,"href":"https:\/\/www.medienlb.com\/en\/wp-json\/wp\/v2\/product_cat?post=35392"},{"taxonomy":"product_tag","embeddable":true,"href":"https:\/\/www.medienlb.com\/en\/wp-json\/wp\/v2\/product_tag?post=35392"}],"curies":[{"name":"wp","href":"https:\/\/api.w.org\/{rel}","templated":true}]}}