{"id":35375,"date":"2025-11-24T08:15:38","date_gmt":"2025-11-24T08:15:38","guid":{"rendered":"https:\/\/www.medienlb.com\/?post_type=product&#038;p=35375"},"modified":"2026-03-22T21:17:50","modified_gmt":"2026-03-22T21:17:50","slug":"bee-bot-klassenset","status":"publish","type":"product","link":"https:\/\/www.medienlb.com\/en\/produkt\/bee-bot-klassenset\/","title":{"rendered":"Bee-Bot Klassenset"},"content":{"rendered":"<p><strong>Der praktische Klassensatz\u00a0<\/strong><br \/>\nDas Bee-Bot Klassenset mit sechs Robotern und zentraler Ladestation ist ideal f\u00fcr den <strong data-start=\"251\" data-end=\"306\">regelm\u00e4\u00dfigen Einsatz in Schule, Kita und Makerspace<\/strong>. Mehrere Gruppen k\u00f6nnen gleichzeitig arbeiten und erste Grundlagen des <strong data-start=\"378\" data-end=\"424\">algorithmischen Denkens und Programmierens<\/strong> erwerben \u2013 ganz ohne zus\u00e4tzliche Endger\u00e4te. Das robuste System ist intuitiv bedienbar und f\u00fcr den p\u00e4dagogischen Alltag konzipiert.<\/p>\n<hr \/>\n<p>Preis ist exklusive Versandkosten<\/p>\n<hr \/>\n<p><a href=\"https:\/\/www.medienlb.com\/produkt\/bee-bot\/\" target=\"_blank\" rel=\"noopener\"><img loading=\"lazy\" decoding=\"async\" class=\"alignnone wp-image-35767\" src=\"https:\/\/www.medienlb.com\/wp-content\/uploads\/2025\/12\/1001794_02_itsbot_18_large_2_-300x300.jpg\" alt=\"\" width=\"56\" height=\"56\" srcset=\"https:\/\/www.medienlb.com\/wp-content\/uploads\/2025\/12\/1001794_02_itsbot_18_large_2_-300x300.jpg 300w, https:\/\/www.medienlb.com\/wp-content\/uploads\/2025\/12\/1001794_02_itsbot_18_large_2_-150x150.jpg 150w, https:\/\/www.medienlb.com\/wp-content\/uploads\/2025\/12\/1001794_02_itsbot_18_large_2_-768x768.jpg 768w, https:\/\/www.medienlb.com\/wp-content\/uploads\/2025\/12\/1001794_02_itsbot_18_large_2_-100x100.jpg 100w, https:\/\/www.medienlb.com\/wp-content\/uploads\/2025\/12\/1001794_02_itsbot_18_large_2_.jpg 800w\" sizes=\"auto, (max-width: 56px) 100vw, 56px\" \/><\/a> <span style=\"color: #0000ff;\"><a style=\"color: #0000ff;\" href=\"https:\/\/www.medienlb.com\/produkt\/bee-bot\/\" target=\"_blank\" rel=\"noopener\">Hier der Link zur Solo Bee-Bot<\/a><\/span><\/p>\n","protected":false},"excerpt":{"rendered":"<p>Lernroboter mit einfacher und intuitiver Bedienung f\u00fcr die ganze Klasse<\/p>\n","protected":false},"featured_media":35378,"template":"","meta":{"_acf_changed":false},"product_brand":[],"product_cat":[75],"product_tag":[],"class_list":{"0":"post-35375","1":"product","2":"type-product","3":"status-publish","4":"has-post-thumbnail","6":"product_cat-hardware","8":"first","9":"instock","10":"taxable","11":"shipping-taxable","12":"purchasable","13":"product-type-variable"},"acf":{"subtitle":"Einfachen Einstieg in die Welt der Programmierung!","article_id":"MS_61_K","languages":"","thumb_up":false,"cover_image":"","linked_product":12081,"linked_products":null,"banner":{"show":true,"text":"","color":""},"length":"","content_movie":"","learning_goals":"","preview_gif":"","trailer":{"file":"","url":"","image":""},"mediathek_id":"","amount":"","demo_url":"","h5p_demo_id":"","content_interactive":"","hide_numbers":false,"flyer":"","info_columns":[{"heading":"","content":"<strong data-start=\"565\" data-end=\"604\">Inhalt &amp; Technik<\/strong>\r\n<ul data-start=\"606\" data-end=\"930\">\r\n \t<li data-start=\"606\" data-end=\"632\">6 Bee-Bot Bodenroboter<\/li>\r\n \t<li data-start=\"633\" data-end=\"674\">Zentrale <strong data-start=\"644\" data-end=\"672\">Ladestation f\u00fcr 6 Ger\u00e4te<\/strong><\/li>\r\n \t<li data-start=\"675\" data-end=\"749\">Wiederaufladbare Lithium-Polymer-Akkus (3,7 V \/ 500 mAh, austauschbar)<\/li>\r\n \t<li data-start=\"750\" data-end=\"807\">Programmierung direkt am Roboter \u00fcber <strong data-start=\"790\" data-end=\"805\">Pfeiltasten<\/strong><\/li>\r\n \t<li data-start=\"808\" data-end=\"846\">Akustisches und visuelles Feedback<\/li>\r\n \t<li data-start=\"847\" data-end=\"896\">Tasche geeignet f\u00fcr 6 Bee-Bots und die Ladestation<\/li>\r\n \t<li data-start=\"897\" data-end=\"930\">Bedienungsanleitung (laminiert)<\/li>\r\n<\/ul>"},{"heading":"","content":"<strong data-start=\"940\" data-end=\"981\">Einsatz &amp; Didaktik<\/strong>\r\n<ul data-start=\"983\" data-end=\"1323\">\r\n \t<li data-start=\"983\" data-end=\"1034\">Paralleles Arbeiten in <strong data-start=\"1008\" data-end=\"1024\">Kleingruppen<\/strong> m\u00f6glich<\/li>\r\n \t<li data-start=\"1035\" data-end=\"1176\">F\u00f6rderung von:\r\n<ul data-start=\"1054\" data-end=\"1176\">\r\n \t<li data-start=\"1054\" data-end=\"1096\">r\u00e4umlichem und vorausschauendem Denken<\/li>\r\n \t<li data-start=\"1099\" data-end=\"1133\">logischem Denken und Sequenzen<\/li>\r\n \t<li data-start=\"1136\" data-end=\"1176\">Sprach-, Rechen- und Sachkompetenzen<\/li>\r\n<\/ul>\r\n<\/li>\r\n \t<li data-start=\"1177\" data-end=\"1255\">Vielf\u00e4ltig einsetzbar mit <strong data-start=\"1205\" data-end=\"1232\">Bodenmatten und Zubeh\u00f6r<\/strong> (separat erh\u00e4ltlich)<\/li>\r\n \t<li data-start=\"1256\" data-end=\"1323\">Aufgaben lassen sich <strong data-start=\"1279\" data-end=\"1323\">alters- und niveaugerecht differenzieren<\/strong><\/li>\r\n<\/ul>\r\n\r\n<hr data-start=\"1325\" data-end=\"1328\" \/>"},{"heading":"","content":"<strong data-start=\"1333\" data-end=\"1378\">P\u00e4dagogischer Mehrwert<\/strong>\r\n<ul>\r\n \t<li>Intuitive Steuerung ohne Tablet oder PC<\/li>\r\n \t<li>F\u00f6rdert <strong data-start=\"1434\" data-end=\"1484\">Teamarbeit, Kommunikation und Regelbewusstsein<\/strong><\/li>\r\n \t<li>Geeignet f\u00fcr erste Programmiererfahrungen in <strong data-start=\"1534\" data-end=\"1563\">Vorschule und Grundschule<\/strong><\/li>\r\n \t<li>Bew\u00e4hrtes System, international im Bildungsbereich im Einsatz<\/li>\r\n \t<li>Ideal f\u00fcr <strong data-start=\"1644\" data-end=\"1666\">Einsteiger-Robotik<\/strong> und fr\u00fche MINT-F\u00f6rderung<\/li>\r\n<\/ul>"}]},"_links":{"self":[{"href":"https:\/\/www.medienlb.com\/en\/wp-json\/wp\/v2\/product\/35375","targetHints":{"allow":["GET"]}}],"collection":[{"href":"https:\/\/www.medienlb.com\/en\/wp-json\/wp\/v2\/product"}],"about":[{"href":"https:\/\/www.medienlb.com\/en\/wp-json\/wp\/v2\/types\/product"}],"acf:post":[{"embeddable":true,"href":"https:\/\/www.medienlb.com\/en\/wp-json\/wp\/v2\/product\/12081"}],"wp:featuredmedia":[{"embeddable":true,"href":"https:\/\/www.medienlb.com\/en\/wp-json\/wp\/v2\/media\/35378"}],"wp:attachment":[{"href":"https:\/\/www.medienlb.com\/en\/wp-json\/wp\/v2\/media?parent=35375"}],"wp:term":[{"taxonomy":"product_brand","embeddable":true,"href":"https:\/\/www.medienlb.com\/en\/wp-json\/wp\/v2\/product_brand?post=35375"},{"taxonomy":"product_cat","embeddable":true,"href":"https:\/\/www.medienlb.com\/en\/wp-json\/wp\/v2\/product_cat?post=35375"},{"taxonomy":"product_tag","embeddable":true,"href":"https:\/\/www.medienlb.com\/en\/wp-json\/wp\/v2\/product_tag?post=35375"}],"curies":[{"name":"wp","href":"https:\/\/api.w.org\/{rel}","templated":true}]}}