{"id":35276,"date":"2025-11-20T14:51:31","date_gmt":"2025-11-20T14:51:31","guid":{"rendered":"https:\/\/www.medienlb.com\/?post_type=product&#038;p=35276"},"modified":"2026-01-07T14:39:42","modified_gmt":"2026-01-07T14:39:42","slug":"cricut-easypress-3","status":"publish","type":"product","link":"https:\/\/www.medienlb.com\/en\/produkt\/cricut-easypress-3\/","title":{"rendered":"Cricut EasyPress 3"},"content":{"rendered":"<div>\n<div class=\"ewa-rteLine\">Die Cricut EasyPress 3 kombiniert die Geschwindigkeit einer Hei\u00dfpresse mit der Benutzerfreundlichkeit eines B\u00fcgeleisens. \u00dcber die Cricut Heat App lassen sich Temperatur und Zeit optimal einstellen, sodass Folien und Designs pr\u00e4zise und dauerhaft auf Textilien \u00fcbertragen werden k\u00f6nnen. Damit ist sie ideal f\u00fcr individuelle T-Shirts, Taschen oder Schulprojekte geeignet.<\/div>\n<hr \/>\n<p>Preis exklusive Versandkosten!<\/p>\n<\/div>\n<div class=\"ewa-rteLine\">\n<hr \/>\n<p><span style=\"color: #0000ff;\"><a style=\"color: #0000ff;\" href=\"https:\/\/www.medienlb.com\/produkt\/cricut-maker-4\/\" target=\"_blank\" rel=\"noopener\">Hier der Link zu <strong>Circut Maker 4<\/strong><\/a><\/span><\/p>\n<\/div>\n<hr \/>\n<div><a href=\"https:\/\/design.cricut.com\/landing\/destination\/4?referrer=https:%2F%2Fcricut.com%2F&amp;visitorId=76305429-b206-4211-b535-1d23a0d1d7eb&amp;deepLinkGuid=3def9bd6-87f2-40b3-91d4-f7b3cdadfc98\"><span style=\"color: #0000ff;\">Hier der Link zu<strong> cricut<\/strong><\/span><strong><span style=\"color: #0000ff;\">-Projekten<\/span><\/strong><\/a><\/div>\n<p>&nbsp;<\/p>\n","protected":false},"excerpt":{"rendered":"<p>Die Cricut EasyPress 3 kombiniert die Geschwindigkeit einer Hei\u00dfpresse mit der Benutzerfreundlichkeit eines B\u00fcgeleisens.<\/p>\n","protected":false},"featured_media":35278,"template":"","meta":{"_acf_changed":false},"product_brand":[],"product_cat":[75],"product_tag":[],"class_list":{"0":"post-35276","1":"product","2":"type-product","3":"status-publish","4":"has-post-thumbnail","6":"product_cat-hardware","8":"first","9":"instock","10":"taxable","11":"shipping-taxable","12":"purchasable","13":"product-type-variable"},"acf":{"subtitle":"Die vielseitige Transferpresse","article_id":"MS_57","languages":"","thumb_up":false,"cover_image":"","linked_product":19659,"linked_products":null,"banner":{"show":true,"text":"","color":""},"length":"","content_movie":"","learning_goals":"","preview_gif":"","trailer":{"file":"","url":"","image":""},"mediathek_id":"","amount":"","demo_url":"","h5p_demo_id":"","content_interactive":"","hide_numbers":false,"flyer":"","info_columns":[{"heading":"","content":"<p class=\"ewa-rteLine\"><strong>Hauptmerkmale:\r\n<\/strong>- Pressfl\u00e4che\u00a0 22,5 x 22,5 cm\r\n- Maxi Variante: Pressfl\u00e4che\u00a0 22,5 x 22,5 cm\r\n- Kompakte Transferpresse f\u00fcr Textilien\r\n- Steuerung \u00fcber Cricut Heat App\r\n- Einfache Durchf\u00fchrung dank Schritt-f\u00fcr-Schritt-Anweisungen auf dem Bildschirm\r\n- Ideal f\u00fcr Folien, Aufdrucke und kreative Projekte\r\n- Schnell aufheizend und leicht zu bedienen\r\n- Keramikbeschichtete Heizplatte erreicht Temperaturen von bis zu 205 \u00b0C und sorgt f\u00fcr trockene, randlose Hitze<\/p>\r\n&nbsp;"},{"heading":"","content":""},{"heading":"","content":""}]},"_links":{"self":[{"href":"https:\/\/www.medienlb.com\/en\/wp-json\/wp\/v2\/product\/35276","targetHints":{"allow":["GET"]}}],"collection":[{"href":"https:\/\/www.medienlb.com\/en\/wp-json\/wp\/v2\/product"}],"about":[{"href":"https:\/\/www.medienlb.com\/en\/wp-json\/wp\/v2\/types\/product"}],"acf:post":[{"embeddable":true,"href":"https:\/\/www.medienlb.com\/en\/wp-json\/wp\/v2\/product\/19659"}],"wp:featuredmedia":[{"embeddable":true,"href":"https:\/\/www.medienlb.com\/en\/wp-json\/wp\/v2\/media\/35278"}],"wp:attachment":[{"href":"https:\/\/www.medienlb.com\/en\/wp-json\/wp\/v2\/media?parent=35276"}],"wp:term":[{"taxonomy":"product_brand","embeddable":true,"href":"https:\/\/www.medienlb.com\/en\/wp-json\/wp\/v2\/product_brand?post=35276"},{"taxonomy":"product_cat","embeddable":true,"href":"https:\/\/www.medienlb.com\/en\/wp-json\/wp\/v2\/product_cat?post=35276"},{"taxonomy":"product_tag","embeddable":true,"href":"https:\/\/www.medienlb.com\/en\/wp-json\/wp\/v2\/product_tag?post=35276"}],"curies":[{"name":"wp","href":"https:\/\/api.w.org\/{rel}","templated":true}]}}