{"id":35262,"date":"2025-11-20T13:04:40","date_gmt":"2025-11-20T13:04:40","guid":{"rendered":"https:\/\/www.medienlb.com\/?post_type=product&#038;p=35262"},"modified":"2025-11-20T17:03:30","modified_gmt":"2025-11-20T17:03:30","slug":"cricut-maker-4","status":"publish","type":"product","link":"https:\/\/www.medienlb.com\/en\/produkt\/cricut-maker-4\/","title":{"rendered":"Cricut Maker 4 + Zubeh\u00f6r"},"content":{"rendered":"<div>\n<div class=\"ewa-rteLine\">Der Cricut Maker 4 ist ein pr\u00e4ziser Schneideplotter, der \u00fcber 300 Materialien verarbeiten kann \u2013 von Papier und Stoff bis hin zu Leder und Holzfurnier. Dank intelligenter Funktionen und einer gro\u00dfen Auswahl an Werkzeugen lassen sich kreative Ideen in h\u00f6chster Qualit\u00e4t umsetzen. Der Maker 4 eignet sich hervorragend f\u00fcr den Einsatz im Unterricht, etwa f\u00fcr Projekte in Kunst, Design oder Technik.<\/div>\n<hr \/>\n<p>Preis exklusive Versandkosten!<\/p>\n<\/div>\n<div class=\"ewa-rteLine\">\n<hr \/>\n<p><a href=\"https:\/\/www.medienlb.com\/produkt\/cricut-easypress-3\/\" target=\"_blank\" rel=\"noopener\"><span style=\"color: #0000ff;\">Hier der Link zu <strong>Cricut EasyPress 3<\/strong><\/span><\/a><\/p>\n<\/div>\n<hr \/>\n<div><a href=\"https:\/\/design.cricut.com\/landing\/destination\/4?referrer=https:%2F%2Fcricut.com%2F&amp;visitorId=76305429-b206-4211-b535-1d23a0d1d7eb&amp;deepLinkGuid=3def9bd6-87f2-40b3-91d4-f7b3cdadfc98\"><span style=\"color: #0000ff;\">Hier der Link zu<strong> cricut<\/strong><\/span><strong><span style=\"color: #0000ff;\">-Projekten<\/span><\/strong><\/a><\/div>\n<p>&nbsp;<\/p>\n","protected":false},"excerpt":{"rendered":"<p>Kurzbeschreibung<\/p>\n","protected":false},"featured_media":35265,"template":"","meta":{"_acf_changed":false},"product_brand":[],"product_cat":[75],"product_tag":[],"class_list":{"0":"post-35262","1":"product","2":"type-product","3":"status-publish","4":"has-post-thumbnail","6":"product_cat-hardware","8":"first","9":"instock","10":"taxable","11":"shipping-taxable","12":"purchasable","13":"product-type-variable"},"acf":{"subtitle":"Der leistungsstarke Plotter","article_id":"MS_56","languages":"","thumb_up":false,"cover_image":"","linked_product":34984,"linked_products":null,"banner":{"show":true,"text":"","color":""},"length":"","content_movie":"","learning_goals":"","preview_gif":"","trailer":{"file":"","url":"","image":""},"mediathek_id":"","amount":"","demo_url":"","h5p_demo_id":"","content_interactive":"","hide_numbers":false,"flyer":"","info_columns":[{"heading":"","content":"<div class=\"ewa-rteLine\"><strong>Hauptmerkmale:<\/strong><\/div>\r\n<div class=\"ewa-rteLine\">- Plotter f\u00fcr \u00fcber 300 Materialien<\/div>\r\n<div class=\"ewa-rteLine\">- Hohe Pr\u00e4zision beim Schneiden und Zeichnen auch bei filigranen Designs<\/div>\r\n<div class=\"ewa-rteLine\">- Kompatibel mit zahlreichen Werkzeugen (z. B. Messer, Stifte, Falzwerkzeuge)<\/div>\r\n<div class=\"ewa-rteLine\">- Ideal f\u00fcr gro\u00dfe Projekte durch Smart Materials ohne Schneidematte<\/div>\r\n<div class=\"ewa-rteLine\">- Steuerung \u00fcber die Cricut Design Space Software<\/div>\r\n<div class=\"ewa-rteLine\">- Flexibel einsetzbar in Schule, Makerspace und Hobby<\/div>"},{"heading":"","content":""},{"heading":"","content":""}]},"_links":{"self":[{"href":"https:\/\/www.medienlb.com\/en\/wp-json\/wp\/v2\/product\/35262","targetHints":{"allow":["GET"]}}],"collection":[{"href":"https:\/\/www.medienlb.com\/en\/wp-json\/wp\/v2\/product"}],"about":[{"href":"https:\/\/www.medienlb.com\/en\/wp-json\/wp\/v2\/types\/product"}],"acf:post":[{"embeddable":true,"href":"https:\/\/www.medienlb.com\/en\/wp-json\/wp\/v2\/product\/34984"}],"wp:featuredmedia":[{"embeddable":true,"href":"https:\/\/www.medienlb.com\/en\/wp-json\/wp\/v2\/media\/35265"}],"wp:attachment":[{"href":"https:\/\/www.medienlb.com\/en\/wp-json\/wp\/v2\/media?parent=35262"}],"wp:term":[{"taxonomy":"product_brand","embeddable":true,"href":"https:\/\/www.medienlb.com\/en\/wp-json\/wp\/v2\/product_brand?post=35262"},{"taxonomy":"product_cat","embeddable":true,"href":"https:\/\/www.medienlb.com\/en\/wp-json\/wp\/v2\/product_cat?post=35262"},{"taxonomy":"product_tag","embeddable":true,"href":"https:\/\/www.medienlb.com\/en\/wp-json\/wp\/v2\/product_tag?post=35262"}],"curies":[{"name":"wp","href":"https:\/\/api.w.org\/{rel}","templated":true}]}}