{"id":35205,"date":"2025-11-19T09:35:32","date_gmt":"2025-11-19T09:35:32","guid":{"rendered":"https:\/\/www.medienlb.com\/?post_type=product&#038;p=35205"},"modified":"2026-01-21T06:32:44","modified_gmt":"2026-01-21T06:32:44","slug":"55508234-buntspecht","status":"publish","type":"product","link":"https:\/\/www.medienlb.com\/en\/produkt\/55508234-buntspecht\/","title":{"rendered":"Buntspecht"},"content":{"rendered":"<p>Der Buntspecht lebt in unseren heimischen W\u00e4ldern, Parks und G\u00e4rten. Er hat ein schwarz-wei\u00dfes Gefieder mit einem roten Bauch. Die M\u00e4nnchen erkennt man an einem zus\u00e4tzlichen roten Fleck am Hinterkopf. Mit seinem kr\u00e4ftigen Schnabel trommelt er auf der Suche nach Futter oder zum\u00a0 Bau einer H\u00f6hle auf Baumrinden, Totholz oder auch mal an einer Hauswand.<\/p>\n<p>Der Film beleuchtet den Buntspecht mit Blick auf sein Aussehen und seine Lebensweise. Auf diese Weise reflektieren die Sch\u00fclerinnen und Sch\u00fcler den Platz des Buntspechts im \u00d6kosystem.<\/p>\n","protected":false},"excerpt":{"rendered":"<p>Der Buntspecht lebt in unseren heimischen W\u00e4ldern, Parks und G\u00e4rten. Er hat ein schwarz-wei\u00dfes Gefieder mit einem roten Bauch.<\/p>\n","protected":false},"featured_media":35215,"template":"","meta":{"_acf_changed":false},"product_brand":[],"product_cat":[70],"product_tag":[87,97,129],"class_list":{"0":"post-35205","1":"product","2":"type-product","3":"status-publish","4":"has-post-thumbnail","6":"product_cat-film","7":"product_tag-subject-biologie","8":"product_tag-subject-grundschule","9":"product_tag-target-gru","11":"first","12":"instock","13":"taxable","14":"shipping-taxable","15":"purchasable","16":"product-type-variable"},"acf":{"subtitle":"Aussehen, Verbreitung, Lebensweise","article_id":"55508234 \/ 46507202","languages":"DE","thumb_up":false,"cover_image":36312,"linked_product":33771,"linked_products":null,"banner":{"show":true,"text":"","color":""},"length":"17:31 min","content_movie":"Gesamtes Begleitmaterial: 61 Seiten\r\n\r\n20 Seiten Arbeitsbl\u00e4tter mit L\u00f6sungen\r\n\r\n20 Testaufgaben\r\n\r\n10 Interaktive Aufgaben (h5P)","learning_goals":"Lernziele\r\n\r\nDie Sch\u00fclerinnen und Sch\u00fcler\r\n<ol>\r\n \t<li>wenden sich einem nat\u00fcrlichen Ph\u00e4nomen zu, staunen dar\u00fcber und konzentrieren sich darauf.<\/li>\r\n \t<li>vertiefen grundlegende Wahrnehmung in den Bereichen Gestaltung, Klang und Ph\u00e4nomen.<\/li>\r\n<\/ol>\r\nKompetenzen\r\n\r\nDie Sch\u00fclerinnen und Sch\u00fcler k\u00f6nnen\r\n<ol>\r\n \t<li>Tiere und Pflanzen eines Lebensraums exemplarisch beschreiben, benennen und unterscheiden.<\/li>\r\n \t<li>die Angepasstheit von Tieren und Pflanzen an ihren jeweiligen Lebensraum zu unterschiedlichen jahreszeitlichen Bedingungen beschreiben.<\/li>\r\n<\/ol>","preview_gif":35210,"trailer":{"file":35212,"url":"","image":35214},"mediathek_id":921,"amount":"","demo_url":"","h5p_demo_id":"","content_interactive":"","hide_numbers":false,"flyer":"","info_columns":null},"_links":{"self":[{"href":"https:\/\/www.medienlb.com\/en\/wp-json\/wp\/v2\/product\/35205","targetHints":{"allow":["GET"]}}],"collection":[{"href":"https:\/\/www.medienlb.com\/en\/wp-json\/wp\/v2\/product"}],"about":[{"href":"https:\/\/www.medienlb.com\/en\/wp-json\/wp\/v2\/types\/product"}],"acf:post":[{"embeddable":true,"href":"https:\/\/www.medienlb.com\/en\/wp-json\/wp\/v2\/product\/33771"}],"wp:featuredmedia":[{"embeddable":true,"href":"https:\/\/www.medienlb.com\/en\/wp-json\/wp\/v2\/media\/35215"}],"wp:attachment":[{"href":"https:\/\/www.medienlb.com\/en\/wp-json\/wp\/v2\/media?parent=35205"}],"wp:term":[{"taxonomy":"product_brand","embeddable":true,"href":"https:\/\/www.medienlb.com\/en\/wp-json\/wp\/v2\/product_brand?post=35205"},{"taxonomy":"product_cat","embeddable":true,"href":"https:\/\/www.medienlb.com\/en\/wp-json\/wp\/v2\/product_cat?post=35205"},{"taxonomy":"product_tag","embeddable":true,"href":"https:\/\/www.medienlb.com\/en\/wp-json\/wp\/v2\/product_tag?post=35205"}],"curies":[{"name":"wp","href":"https:\/\/api.w.org\/{rel}","templated":true}]}}