{"id":35165,"date":"2025-11-17T06:24:07","date_gmt":"2025-11-17T06:24:07","guid":{"rendered":"https:\/\/www.medienlb.com\/?post_type=product&#038;p=35165"},"modified":"2025-12-16T12:05:28","modified_gmt":"2025-12-16T12:05:28","slug":"55508400-entwicklung-des-internets","status":"publish","type":"product","link":"https:\/\/www.medienlb.com\/en\/produkt\/55508400-entwicklung-des-internets\/","title":{"rendered":"Entwicklung des Internets"},"content":{"rendered":"<p>Vom piepsenden Modem bis zur smarten KI: Dieser Schulfilm nimmt euch mit auf eine spannende Reise durch die Geschichte des Internets und zeigt, wie K\u00fcnstliche Intelligenz unseren Alltag ver\u00e4ndert \u2013 mit Chancen, Risiken und jeder Menge Denkanst\u00f6\u00dfe. Ein unterhaltsamer Blick auf Technik, Umwelt, Ethik und die Zukunft, die ihr selbst mitgestaltet!<\/p>\n","protected":false},"excerpt":{"rendered":"<p>Vom piepsenden Modem bis zur smarten KI: Dieser Schulfilm nimmt euch mit auf eine spannende Reise durch die Geschichte des Internets.<\/p>\n","protected":false},"featured_media":35172,"template":"","meta":{"_acf_changed":false},"product_brand":[],"product_cat":[70],"product_tag":[77,125],"class_list":{"0":"post-35165","1":"product","2":"type-product","3":"status-publish","4":"has-post-thumbnail","6":"product_cat-film","7":"product_tag-subject-gesellschaft","8":"product_tag-target-sek-i","10":"first","11":"instock","12":"taxable","13":"shipping-taxable","14":"purchasable","15":"product-type-variable"},"acf":{"subtitle":"Digital Jungle","article_id":"55508400 \/ 46505824","languages":"DE","thumb_up":false,"cover_image":35178,"linked_product":34704,"linked_products":null,"banner":{"show":true,"text":"","color":""},"length":"10:46 min","content_movie":"Gesamtes Begleitmaterial: 56 Seiten\r\n\r\n20 Seiten Arbeitsbl\u00e4tter mit L\u00f6sungen\r\n\r\n20 Testaufgaben\r\n\r\n10 Interaktive Aufgaben (h5P)","learning_goals":"Lernziele\r\n\r\nDie Sch\u00fclerinnen und Sch\u00fcler\r\n<ol>\r\n \t<li>definieren den Begriff Algorithmus und nennen Beispiele aus dem Alltag.<\/li>\r\n \t<li>bewerten die Auswirkungen von Computersystemen auf Gesellschaft, Berufswelt und pers\u00f6nliches Lebensumfeld.<\/li>\r\n<\/ol>\r\nKompetenzen\r\n\r\nDie Sch\u00fclerinnen und Sch\u00fcler k\u00f6nnen\r\n<ol>\r\n \t<li>Beziehungen zwischen Daten\/Objekten erkennen und erl\u00e4utern.<\/li>\r\n \t<li>f\u00fcr (Teil-)Abl\u00e4ufe notwendige Eingabedaten und Ergebnisse beschreiben.<\/li>\r\n<\/ol>","preview_gif":35167,"trailer":{"file":35169,"url":"","image":35171},"mediathek_id":914,"amount":"","demo_url":"","h5p_demo_id":"","content_interactive":"","hide_numbers":false,"flyer":"","info_columns":null},"_links":{"self":[{"href":"https:\/\/www.medienlb.com\/en\/wp-json\/wp\/v2\/product\/35165","targetHints":{"allow":["GET"]}}],"collection":[{"href":"https:\/\/www.medienlb.com\/en\/wp-json\/wp\/v2\/product"}],"about":[{"href":"https:\/\/www.medienlb.com\/en\/wp-json\/wp\/v2\/types\/product"}],"acf:post":[{"embeddable":true,"href":"https:\/\/www.medienlb.com\/en\/wp-json\/wp\/v2\/product\/34704"}],"wp:featuredmedia":[{"embeddable":true,"href":"https:\/\/www.medienlb.com\/en\/wp-json\/wp\/v2\/media\/35172"}],"wp:attachment":[{"href":"https:\/\/www.medienlb.com\/en\/wp-json\/wp\/v2\/media?parent=35165"}],"wp:term":[{"taxonomy":"product_brand","embeddable":true,"href":"https:\/\/www.medienlb.com\/en\/wp-json\/wp\/v2\/product_brand?post=35165"},{"taxonomy":"product_cat","embeddable":true,"href":"https:\/\/www.medienlb.com\/en\/wp-json\/wp\/v2\/product_cat?post=35165"},{"taxonomy":"product_tag","embeddable":true,"href":"https:\/\/www.medienlb.com\/en\/wp-json\/wp\/v2\/product_tag?post=35165"}],"curies":[{"name":"wp","href":"https:\/\/api.w.org\/{rel}","templated":true}]}}