{"id":35121,"date":"2025-11-12T05:46:51","date_gmt":"2025-11-12T05:46:51","guid":{"rendered":"https:\/\/www.medienlb.com\/?post_type=product&#038;p=35121"},"modified":"2025-12-16T12:04:32","modified_gmt":"2025-12-16T12:04:32","slug":"55507258-immersiver-mediengestalter","status":"publish","type":"product","link":"https:\/\/www.medienlb.com\/en\/produkt\/55507258-immersiver-mediengestalter\/","title":{"rendered":"Immersiver Mediengestalter"},"content":{"rendered":"<p>Immersiver Mediengestalter ist ein Ausbildungsberuf mit Zukunft! Er verbindet Kreativit\u00e4t mit modernster Technik. In der Ausbildung werden virtuelle Welten, interaktive 3D-Erlebnisse und digitale Inhalte mit Virtual Reality (VR), Augmented Reality (AR) und 3D-Elementen gestaltet. Dabei entstehen Anwendungen f\u00fcr Bildung, Kultur, Spiele oder Industrie. Im Film berichtet ein erfahrener Mediengestalter vom Arbeitsalltag und den pers\u00f6nlichen und technischen Voraussetzungen f\u00fcr den Beruf.<\/p>\n","protected":false},"excerpt":{"rendered":"<p>Immersiver Mediengestalter ist ein Ausbildungsberuf mit Zukunft! Er verbindet Kreativit\u00e4t mit modernster Technik.<\/p>\n","protected":false},"featured_media":35137,"template":"","meta":{"_acf_changed":false},"product_brand":[],"product_cat":[70],"product_tag":[95,125],"class_list":{"0":"post-35121","1":"product","2":"type-product","3":"status-publish","4":"has-post-thumbnail","6":"product_cat-film","7":"product_tag-subject-berufsbildung","8":"product_tag-target-sek-i","10":"first","11":"instock","12":"taxable","13":"shipping-taxable","14":"purchasable","15":"product-type-variable"},"acf":{"subtitle":"Ausbildungsberuf mit Zukunft","article_id":"46505586 \/ 55507258","languages":"DE","thumb_up":false,"cover_image":35140,"linked_product":35604,"linked_products":null,"banner":{"show":true,"text":"","color":""},"length":"17:38 min","content_movie":"Immersiver Mediengestalter ist ein Ausbildungsberuf mit Zukunft! Er verbindet Kreativit\u00e4t mit modernster Technik. In der Ausbildung werden virtuelle Welten, interaktive 3D-Erlebnisse und digitale Inhalte mit Virtual Reality (VR), Augmented Reality (AR) und 3D-Elementen gestaltet. Dabei entstehen Anwendungen f\u00fcr Bildung, Kultur, Spiele oder Industrie. Im Film berichtet ein erfahrener Mediengestalter vom Arbeitsalltag und den pers\u00f6nlichen und technischen Voraussetzungen f\u00fcr den Beruf.","learning_goals":"Lernziele:\r\n\r\nDie Sch\u00fclerinnen und Sch\u00fcler\r\n<ol>\r\n \t<li>beurteilen Folgen des Wandels der Arbeit (zum Beispiel technologische, gesellschaftliche Entwicklungen) an einem Beispiel.<\/li>\r\n \t<li>erl\u00e4utern Anforderungen der Berufs- und Arbeitswelt in unter\u00adschiedlichen Berufsfeldern.<\/li>\r\n<\/ol>\r\nKompetenzen:\r\n\r\nDie Sch\u00fclerinnen und Sch\u00fcler k\u00f6nnen\r\n<ol>\r\n \t<li>beurteilen, inwieweit die Wirtschafts- und Gesellschaftsordnung sowie die Mediengesellschaft \u00f6konomisches Handeln beeinflussen.<\/li>\r\n \t<li>kritisch \u00fcber \u00f6konomisches Verhalten diskutieren mithilfe von Methoden wie Dilemmadiskussion oder Streitgespr\u00e4ch.<\/li>\r\n<\/ol>","preview_gif":35123,"trailer":{"file":35125,"url":"","image":35127},"mediathek_id":913,"amount":"","demo_url":"","h5p_demo_id":"","content_interactive":"","hide_numbers":false,"flyer":"","info_columns":null},"_links":{"self":[{"href":"https:\/\/www.medienlb.com\/en\/wp-json\/wp\/v2\/product\/35121","targetHints":{"allow":["GET"]}}],"collection":[{"href":"https:\/\/www.medienlb.com\/en\/wp-json\/wp\/v2\/product"}],"about":[{"href":"https:\/\/www.medienlb.com\/en\/wp-json\/wp\/v2\/types\/product"}],"acf:post":[{"embeddable":true,"href":"https:\/\/www.medienlb.com\/en\/wp-json\/wp\/v2\/product\/35604"}],"wp:featuredmedia":[{"embeddable":true,"href":"https:\/\/www.medienlb.com\/en\/wp-json\/wp\/v2\/media\/35137"}],"wp:attachment":[{"href":"https:\/\/www.medienlb.com\/en\/wp-json\/wp\/v2\/media?parent=35121"}],"wp:term":[{"taxonomy":"product_brand","embeddable":true,"href":"https:\/\/www.medienlb.com\/en\/wp-json\/wp\/v2\/product_brand?post=35121"},{"taxonomy":"product_cat","embeddable":true,"href":"https:\/\/www.medienlb.com\/en\/wp-json\/wp\/v2\/product_cat?post=35121"},{"taxonomy":"product_tag","embeddable":true,"href":"https:\/\/www.medienlb.com\/en\/wp-json\/wp\/v2\/product_tag?post=35121"}],"curies":[{"name":"wp","href":"https:\/\/api.w.org\/{rel}","templated":true}]}}