{"id":35106,"date":"2025-11-11T18:41:04","date_gmt":"2025-11-11T18:41:04","guid":{"rendered":"https:\/\/www.medienlb.com\/?post_type=product&#038;p=35106"},"modified":"2025-12-11T18:06:12","modified_gmt":"2025-12-11T18:06:12","slug":"bbc-micro_bit","status":"publish","type":"product","link":"https:\/\/www.medienlb.com\/en\/produkt\/bbc-micro_bit\/","title":{"rendered":"BBC micro:bit Go"},"content":{"rendered":"<div>\n<p class=\"ds-markdown-paragraph\">Der BBC micro:bit ist ein handlicher, programmierbare Einplatinencomputer im Taschenformat, der perfekt f\u00fcr den Einstieg in die Welt der digitalen Bildung geeignet ist. Entwickelt von der BBC und 29 Partnern, soll er Sch\u00fclerinnen und Sch\u00fcler der Sekundarstufe I und II dazu motivieren, die Grundlagen von Programmierung, Elektronik und Interaktion zwischen Hard- und Software zu verstehen.<\/p>\n<p class=\"ds-markdown-paragraph\">Mit seinen Ma\u00dfen von 40 x 50 mm spricht der Minirechner sowohl Einsteiger als auch versierte Bastler an. Die Programmierung erfolgt intuitiv \u00fcber den Browser \u2013 wahlweise mit Block-Editor (MakeCode), Python oder JavaScript, kann also sowohl grafisch als auch mit einem Texteditor programmiert werden. So eignet sich der micro:bit sowohl f\u00fcr erste Programmier\u00fcbungen im Unterricht als auch f\u00fcr anspruchsvollere Projekte in Makerspaces oder AGs.\u00a0 Neben der Programmierung \u00fcber einen USB-Anschluss am PC ist auch die Nutzung eines Smartphones oder Tablets m\u00f6glich.<\/p>\n<hr \/>\n<p>Das micro:bit- Board kannunter anderem mit der OER-Software Open Roberta programmiert werden.<\/p>\n<hr \/>\n<\/div>\n<div>Preis exklusive Versandkosten!<\/div>\n<div class=\"ewa-rteLine\">\n<hr \/>\n<p>Hier der Link zu Micro:bit mit vielen Anwendugsideen:<a href=\"https:\/\/microbit.org\/projects\/make-it-code-it\/\" target=\"_blank\" rel=\"noopener\"><img loading=\"lazy\" decoding=\"async\" class=\"alignleft wp-image-35118\" src=\"https:\/\/www.medienlb.com\/wp-content\/uploads\/2025\/11\/microbit_LINK.png\" alt=\"\" width=\"123\" height=\"98\" \/><\/a><\/p>\n<\/div>\n<hr \/>\n<div class=\"ewa-rteLine\"><\/div>\n<p>&nbsp;<\/p>\n","protected":false},"excerpt":{"rendered":"<p>micro:bit GO Set &#8211; <strong>Einplatinencomputer mit vier verschiedene Programmierm\u00f6glichkeiten<\/strong><\/p>\n","protected":false},"featured_media":35110,"template":"","meta":{"_acf_changed":false},"product_brand":[],"product_cat":[75],"product_tag":[],"class_list":{"0":"post-35106","1":"product","2":"type-product","3":"status-publish","4":"has-post-thumbnail","6":"product_cat-hardware","8":"first","9":"instock","10":"taxable","11":"shipping-taxable","12":"purchasable","13":"product-type-variable"},"acf":{"subtitle":"Make it: code it","article_id":"MS_52","languages":"","thumb_up":false,"cover_image":"","linked_product":34893,"linked_products":null,"banner":{"show":true,"text":"","color":""},"length":"","content_movie":"","learning_goals":"","preview_gif":"","trailer":{"file":"","url":"","image":""},"mediathek_id":"","amount":"","demo_url":"","h5p_demo_id":"","content_interactive":"","hide_numbers":false,"flyer":35109,"info_columns":[{"heading":"","content":"<strong>Technische Daten:<\/strong>\r\n<ul>\r\n \t<li>\r\n<p class=\"ds-markdown-paragraph\">Eine 5 x 5 LED-Matrix zum Anzeigen von blinkenden Texten, alphanumerischen Zeichen und Mustern<\/p>\r\n<\/li>\r\n \t<li>\r\n<p class=\"ds-markdown-paragraph\">Zwei programmierbare Tasten (A &amp; B), die sich z.B. als Spiele-Controller nutzen lassen oder zum Steuern der Musikwiedergabe auf einem Smartphone<\/p>\r\n<\/li>\r\n \t<li>\r\n<p class=\"ds-markdown-paragraph\">Integrierter Bewegungssensor und digitaler Beschleunigungssensor zur Erkennung von Bewegungen wie Sch\u00fctteln, Kippen oder freiem Fall<\/p>\r\n<\/li>\r\n \t<li>\r\n<p class=\"ds-markdown-paragraph\">Bluetooth: Erm\u00f6glicht die Verbindung mit anderen Micro:bits, Smartphones, Tablets, Kameras oder anderen Bluetooth-Ger\u00e4ten<\/p>\r\n<\/li>\r\n<\/ul>"},{"heading":"","content":"<ul>\r\n \t<li>Ein eingebauter Kompass zur Erfassung von Bewegungsrichtungen<\/li>\r\n \t<li>\r\n<p class=\"ds-markdown-paragraph\">F\u00fcnf Ein- und Ausg\u00e4nge (2 f\u00fcr die Stromversorgung, 3 frei verf\u00fcgbar) zum Ansteuern von Motoren oder Robotern<\/p>\r\n<\/li>\r\n \t<li>\r\n<p class=\"ds-markdown-paragraph\">\u00dcber einen 20-poligen Edge-Stecker kann das Micro:bit mit anderen Ger\u00e4ten wie Raspberry Pi, Arduino, Galileo und Kano verbunden werden<\/p>\r\n<\/li>\r\n \t<li>\r\n<p class=\"ds-markdown-paragraph\">Ein separater Micro-USB-Controller sorgt daf\u00fcr, dass der Mini-PC am Desktop wie ein gew\u00f6hnlicher Speicherstick erscheint<\/p>\r\n<\/li>\r\n \t<li>\r\n<p class=\"ds-markdown-paragraph\">Betrieb entweder \u00fcber die Micro-USB-Buchse am PC oder mobil mit 2 AAA-Batterien<\/p>\r\n<\/li>\r\n<\/ul>"},{"heading":"","content":"<p class=\"ds-markdown-paragraph\"><strong>Was ist im Lieferumfang enthalten<\/strong><\/p>\r\n\r\n<ul>\r\n \t<li>\r\n<p class=\"ds-markdown-paragraph\">1x BBC micro:bit V2 Platine \u2013 erh\u00e4ltlich in 4 Farben: rot, gelb, gr\u00fcn &amp; blau (Hinweis: Die Farbe des micro:bits kann nicht ausgew\u00e4hlt werden)<\/p>\r\n<\/li>\r\n \t<li>\r\n<p class=\"ds-markdown-paragraph\">1x Micro-USB-Kabel<\/p>\r\n<\/li>\r\n \t<li>\r\n<p class=\"ds-markdown-paragraph\">1x Batteriehalter<\/p>\r\n<\/li>\r\n \t<li>\r\n<p class=\"ds-markdown-paragraph\">2x AAA-Batterien<\/p>\r\n<\/li>\r\n \t<li>\r\n<p class=\"ds-markdown-paragraph\">1x Kurzanleitung, Sicherheitshinweise, Kartonhalter f\u00fcr den Batteriehalter und Sticker<\/p>\r\n<\/li>\r\n<\/ul>"}]},"_links":{"self":[{"href":"https:\/\/www.medienlb.com\/en\/wp-json\/wp\/v2\/product\/35106","targetHints":{"allow":["GET"]}}],"collection":[{"href":"https:\/\/www.medienlb.com\/en\/wp-json\/wp\/v2\/product"}],"about":[{"href":"https:\/\/www.medienlb.com\/en\/wp-json\/wp\/v2\/types\/product"}],"acf:post":[{"embeddable":true,"href":"https:\/\/www.medienlb.com\/en\/wp-json\/wp\/v2\/product\/34893"}],"wp:featuredmedia":[{"embeddable":true,"href":"https:\/\/www.medienlb.com\/en\/wp-json\/wp\/v2\/media\/35110"}],"wp:attachment":[{"href":"https:\/\/www.medienlb.com\/en\/wp-json\/wp\/v2\/media?parent=35106"}],"wp:term":[{"taxonomy":"product_brand","embeddable":true,"href":"https:\/\/www.medienlb.com\/en\/wp-json\/wp\/v2\/product_brand?post=35106"},{"taxonomy":"product_cat","embeddable":true,"href":"https:\/\/www.medienlb.com\/en\/wp-json\/wp\/v2\/product_cat?post=35106"},{"taxonomy":"product_tag","embeddable":true,"href":"https:\/\/www.medienlb.com\/en\/wp-json\/wp\/v2\/product_tag?post=35106"}],"curies":[{"name":"wp","href":"https:\/\/api.w.org\/{rel}","templated":true}]}}