{"id":35092,"date":"2025-11-11T10:41:55","date_gmt":"2025-11-11T10:41:55","guid":{"rendered":"https:\/\/www.medienlb.com\/?post_type=product&#038;p=35092"},"modified":"2025-12-16T12:03:40","modified_gmt":"2025-12-16T12:03:40","slug":"55508399-digitale-ethik","status":"publish","type":"product","link":"https:\/\/www.medienlb.com\/en\/produkt\/55508399-digitale-ethik\/","title":{"rendered":"Digitale Ethik"},"content":{"rendered":"<p>In diesem Film nimmt Juna uns mit auf eine spannende Reise durch die Welt der digitalen Ethik. Verst\u00e4ndlich, lebensnah und mit einem Augenzwinkern zeigt sie, worauf es im digitalen Miteinander wirklich ankommt: Respekt, Verantwortung und ein bewusster Umgang mit den Medien. Ein Film, der zum Nachdenken und Mitreden anregt!<\/p>\n","protected":false},"excerpt":{"rendered":"<p>In diesem Film nimmt Juna uns mit auf eine spannende Reise durch die Welt der digitalen Ethik.<\/p>\n","protected":false},"featured_media":35096,"template":"","meta":{"_acf_changed":false},"product_brand":[],"product_cat":[70],"product_tag":[77,125],"class_list":{"0":"post-35092","1":"product","2":"type-product","3":"status-publish","4":"has-post-thumbnail","6":"product_cat-film","7":"product_tag-subject-gesellschaft","8":"product_tag-target-sek-i","10":"first","11":"instock","12":"taxable","13":"shipping-taxable","14":"purchasable","15":"product-type-variable"},"acf":{"subtitle":"Digital Jungle","article_id":"46505823 \/ 55508399","languages":"DE","thumb_up":false,"cover_image":35105,"linked_product":34658,"linked_products":null,"banner":{"show":true,"text":"","color":""},"length":"10:42 min","content_movie":"In diesem Film nimmt Juna uns mit auf eine spannende Reise durch die Welt der digitalen Ethik. Verst\u00e4ndlich, lebensnah und mit einem Augenzwinkern zeigt sie, worauf es im digitalen Miteinander wirklich ankommt: Respekt, Verantwortung und ein bewusster Umgang mit den Medien. Ein Film, der zum Nachdenken und Mitreden anregt!","learning_goals":"Lernziele\r\n\r\nDie Sch\u00fclerinnen und Sch\u00fcler\r\n<ol>\r\n \t<li>nennen in Grundz\u00fcgen alltagsrelevante gesetzliche Regelungen zum Umgang mit digitalen Daten.<\/li>\r\n \t<li>sch\u00e4tzen die Verantwortung f\u00fcr publizierte Inhalte ein.<\/li>\r\n<\/ol>\r\nKompetenzen\r\n\r\nDie Sch\u00fclerinnen und Sch\u00fcler k\u00f6nnen\r\n<ol>\r\n \t<li>Aspekte von Toleranz und Akzeptanz von Vielfalt im Kontext informatischer Fragestellungen diskutieren.<\/li>\r\n \t<li>Verhaltensregeln im Umgang mit Medien einhalten und benennen.<\/li>\r\n<\/ol>","preview_gif":35099,"trailer":{"file":35101,"url":"","image":35103},"mediathek_id":912,"amount":"","demo_url":"","h5p_demo_id":"","content_interactive":"","hide_numbers":false,"flyer":"","info_columns":null},"_links":{"self":[{"href":"https:\/\/www.medienlb.com\/en\/wp-json\/wp\/v2\/product\/35092","targetHints":{"allow":["GET"]}}],"collection":[{"href":"https:\/\/www.medienlb.com\/en\/wp-json\/wp\/v2\/product"}],"about":[{"href":"https:\/\/www.medienlb.com\/en\/wp-json\/wp\/v2\/types\/product"}],"acf:post":[{"embeddable":true,"href":"https:\/\/www.medienlb.com\/en\/wp-json\/wp\/v2\/product\/34658"}],"wp:featuredmedia":[{"embeddable":true,"href":"https:\/\/www.medienlb.com\/en\/wp-json\/wp\/v2\/media\/35096"}],"wp:attachment":[{"href":"https:\/\/www.medienlb.com\/en\/wp-json\/wp\/v2\/media?parent=35092"}],"wp:term":[{"taxonomy":"product_brand","embeddable":true,"href":"https:\/\/www.medienlb.com\/en\/wp-json\/wp\/v2\/product_brand?post=35092"},{"taxonomy":"product_cat","embeddable":true,"href":"https:\/\/www.medienlb.com\/en\/wp-json\/wp\/v2\/product_cat?post=35092"},{"taxonomy":"product_tag","embeddable":true,"href":"https:\/\/www.medienlb.com\/en\/wp-json\/wp\/v2\/product_tag?post=35092"}],"curies":[{"name":"wp","href":"https:\/\/api.w.org\/{rel}","templated":true}]}}