{"id":35069,"date":"2025-11-06T14:33:21","date_gmt":"2025-11-06T14:33:21","guid":{"rendered":"https:\/\/www.medienlb.com\/?post_type=product&#038;p=35069"},"modified":"2026-02-04T11:58:33","modified_gmt":"2026-02-04T11:58:33","slug":"55507280-oedoen-von-horvath","status":"publish","type":"product","link":"https:\/\/www.medienlb.com\/en\/produkt\/55507280-oedoen-von-horvath\/","title":{"rendered":"\u00d6d\u00f6n von Horv\u00e1th"},"content":{"rendered":"<p>Ein faszinierender Blick auf einen der bedeutendsten deutschsprachigen Autoren des 20. Jahrhunderts. Der Film zeigt Horv\u00e1ths bewegtes Leben zwischen Wien, Berlin und Murnau, seine literarische Entwicklung und seine kritische Haltung gegen\u00fcber Faschismus und b\u00fcrgerlicher Moral. Ein zeitloses Portr\u00e4t \u00fcber Mut, Wahrheit und Verantwortung.<\/p>\n","protected":false},"excerpt":{"rendered":"<p>Ein faszinierender Blick auf einen der bedeutendsten deutschsprachigen Autoren des 20. Jahrhunderts. Der Film zeigt Horv\u00e1ths bewegtes Leben zwischen Wien, Berlin und Murnau, seine literarische Entwicklung und seine kritische Haltung gegen\u00fcber Faschismus und b\u00fcrgerlicher Moral.<\/p>\n","protected":false},"featured_media":35079,"template":"","meta":{"_acf_changed":false},"product_brand":[],"product_cat":[70],"product_tag":[119,125],"class_list":{"0":"post-35069","1":"product","2":"type-product","3":"status-publish","4":"has-post-thumbnail","6":"product_cat-film","7":"product_tag-subject-deutsch","8":"product_tag-target-sek-i","10":"first","11":"instock","12":"taxable","13":"shipping-taxable","14":"purchasable","15":"product-type-variable"},"acf":{"subtitle":"Leben und Werk","article_id":"46505606 \/ 55507280","languages":"DE","thumb_up":true,"cover_image":35082,"linked_product":"","linked_products":null,"banner":{"show":true,"text":"","color":""},"length":"14:32 min","content_movie":"Ein faszinierender Blick auf einen der bedeutendsten deutschsprachigen Autoren des 20. Jahrhunderts. Der Film zeigt Horv\u00e1ths bewegtes Leben zwischen Wien, Berlin und Murnau, seine literarische Entwicklung und seine kritische Haltung gegen\u00fcber Faschismus und b\u00fcrgerlicher Moral. Ein zeitloses Portr\u00e4t \u00fcber Mut, Wahrheit und Verantwortung.","learning_goals":"Lernziele\r\n\r\nDie Sch\u00fclerinnen und Sch\u00fcler\r\n<ol>\r\n \t<li>erl\u00e4utern die formale und sprachlich-stilistische Gestaltungsweise von Texten und deren Wirkung an Beispielen.<\/li>\r\n \t<li>interpretieren Texte analytisch und\u00a0begr\u00fcnden und belegen Textdeutungen.<\/li>\r\n<\/ol>\r\nKompetenzen\r\n\r\nDie Sch\u00fclerinnen und Sch\u00fcler k\u00f6nnen\r\n<ol>\r\n \t<li>systematisch, methodisch fachgerecht und aspektorientiert Textvergleiche durchf\u00fchren, auswerten und die Ergebnisse gewinnbringend in ihre Verstehensentw\u00fcrfe integrieren<\/li>\r\n \t<li>eine KI gezielt zur Recherche einsetzen und die Ergebnisse kritisch bewerten.<\/li>\r\n<\/ol>","preview_gif":35074,"trailer":{"file":35076,"url":"","image":35078},"mediathek_id":911,"amount":"","demo_url":"","h5p_demo_id":"","content_interactive":"","hide_numbers":false,"flyer":"","info_columns":null},"_links":{"self":[{"href":"https:\/\/www.medienlb.com\/en\/wp-json\/wp\/v2\/product\/35069","targetHints":{"allow":["GET"]}}],"collection":[{"href":"https:\/\/www.medienlb.com\/en\/wp-json\/wp\/v2\/product"}],"about":[{"href":"https:\/\/www.medienlb.com\/en\/wp-json\/wp\/v2\/types\/product"}],"wp:featuredmedia":[{"embeddable":true,"href":"https:\/\/www.medienlb.com\/en\/wp-json\/wp\/v2\/media\/35079"}],"wp:attachment":[{"href":"https:\/\/www.medienlb.com\/en\/wp-json\/wp\/v2\/media?parent=35069"}],"wp:term":[{"taxonomy":"product_brand","embeddable":true,"href":"https:\/\/www.medienlb.com\/en\/wp-json\/wp\/v2\/product_brand?post=35069"},{"taxonomy":"product_cat","embeddable":true,"href":"https:\/\/www.medienlb.com\/en\/wp-json\/wp\/v2\/product_cat?post=35069"},{"taxonomy":"product_tag","embeddable":true,"href":"https:\/\/www.medienlb.com\/en\/wp-json\/wp\/v2\/product_tag?post=35069"}],"curies":[{"name":"wp","href":"https:\/\/api.w.org\/{rel}","templated":true}]}}