{"id":35055,"date":"2025-11-05T12:29:56","date_gmt":"2025-11-05T12:29:56","guid":{"rendered":"https:\/\/www.medienlb.com\/?post_type=product&#038;p=35055"},"modified":"2025-12-16T12:01:51","modified_gmt":"2025-12-16T12:01:51","slug":"55507268-roboterarme-in-der-schule","status":"publish","type":"product","link":"https:\/\/www.medienlb.com\/en\/produkt\/55507268-roboterarme-in-der-schule\/","title":{"rendered":"Roboterarme in der Schule"},"content":{"rendered":"<p>Dieser Film zeigt, wie moderne Robotik und Programmierung im Unterricht erlebbar werden \u2013 von einfachen Greifaufgaben bis zu komplexen Automatisierungen. Mit dem NED2 von Niryo lernen Sch\u00fcler:innen spielerisch Technik, Logik und Teamarbeit.<\/p>\n<hr \/>\n<p><a href=\"https:\/\/www.medienlb.com\/produkt\/ned2-bundle-von-niryo\/\" target=\"_blank\" rel=\"noopener\"><span style=\"color: #0000ff;\">Hier der Link zum Roboter NED2<\/span><\/a><\/p>\n","protected":false},"excerpt":{"rendered":"<p>Dieser Film zeigt, wie moderne Robotik und Programmierung im Unterricht erlebbar werden \u2013 von einfachen Greifaufgaben bis zu komplexen Automatisierungen.<\/p>\n","protected":false},"featured_media":35065,"template":"","meta":{"_acf_changed":false},"product_brand":[],"product_cat":[70],"product_tag":[121,105,143,125],"class_list":{"0":"post-35055","1":"product","2":"type-product","3":"status-publish","4":"has-post-thumbnail","6":"product_cat-film","7":"product_tag-subject-lehrerfortbildung","8":"product_tag-subject-technik","9":"product_tag-target-lehrkraefte","10":"product_tag-target-sek-i","12":"first","13":"instock","14":"taxable","15":"shipping-taxable","16":"purchasable","17":"product-type-variable"},"acf":{"subtitle":"Anwendung und Programmierung mit NED2 ","article_id":"46505594 \/ 55507268","languages":"DE","thumb_up":false,"cover_image":35068,"linked_product":26344,"linked_products":null,"banner":{"show":true,"text":"","color":""},"length":"19:18 min","content_movie":"Dieser Film zeigt, wie moderne Robotik und Programmierung im Unterricht erlebbar werden \u2013 von einfachen Greifaufgaben bis zu komplexen Automatisierungen. Mit dem NED2 lernen Sch\u00fcler:innen spielerisch Technik, Logik und Teamarbeit.","learning_goals":"Lernziele\r\n\r\nDie Sch\u00fclerinnen und Sch\u00fcler\r\n<ol>\r\n \t<li>beschreiben aktuelle Entwicklungen der Mobilit\u00e4t (autonomes Fahren).<\/li>\r\n \t<li>realisieren Steuerungs- oder Regelungsaufgaben computergest\u00fctzt<\/li>\r\n<\/ol>\r\nKompetenzen\r\n\r\nDie Sch\u00fclerinnen und Sch\u00fcler k\u00f6nnen\r\n<ol>\r\n \t<li>Handlungsschritte chronologisch ordnen (auch aufgrund von kausalen Zusammenh\u00e4ngen).<\/li>\r\n \t<li>relevante Abl\u00e4ufe, Daten und ihre Beziehungen in informatischen Modellen darstellen.<\/li>\r\n<\/ol>","preview_gif":35060,"trailer":{"file":35062,"url":"","image":35064},"mediathek_id":910,"amount":"","demo_url":"","h5p_demo_id":"","content_interactive":"","hide_numbers":false,"flyer":"","info_columns":null},"_links":{"self":[{"href":"https:\/\/www.medienlb.com\/en\/wp-json\/wp\/v2\/product\/35055","targetHints":{"allow":["GET"]}}],"collection":[{"href":"https:\/\/www.medienlb.com\/en\/wp-json\/wp\/v2\/product"}],"about":[{"href":"https:\/\/www.medienlb.com\/en\/wp-json\/wp\/v2\/types\/product"}],"acf:post":[{"embeddable":true,"href":"https:\/\/www.medienlb.com\/en\/wp-json\/wp\/v2\/product\/26344"}],"wp:featuredmedia":[{"embeddable":true,"href":"https:\/\/www.medienlb.com\/en\/wp-json\/wp\/v2\/media\/35065"}],"wp:attachment":[{"href":"https:\/\/www.medienlb.com\/en\/wp-json\/wp\/v2\/media?parent=35055"}],"wp:term":[{"taxonomy":"product_brand","embeddable":true,"href":"https:\/\/www.medienlb.com\/en\/wp-json\/wp\/v2\/product_brand?post=35055"},{"taxonomy":"product_cat","embeddable":true,"href":"https:\/\/www.medienlb.com\/en\/wp-json\/wp\/v2\/product_cat?post=35055"},{"taxonomy":"product_tag","embeddable":true,"href":"https:\/\/www.medienlb.com\/en\/wp-json\/wp\/v2\/product_tag?post=35055"}],"curies":[{"name":"wp","href":"https:\/\/api.w.org\/{rel}","templated":true}]}}