{"id":35049,"date":"2025-11-05T09:11:32","date_gmt":"2025-11-05T09:11:32","guid":{"rendered":"https:\/\/www.medienlb.com\/?post_type=product&#038;p=35049"},"modified":"2025-12-16T11:59:34","modified_gmt":"2025-12-16T11:59:34","slug":"55508367-digitale-privatsphaere","status":"publish","type":"product","link":"https:\/\/www.medienlb.com\/en\/produkt\/55508367-digitale-privatsphaere\/","title":{"rendered":"Digitale Privatsph\u00e4re"},"content":{"rendered":"<p>Kinder, Jugendliche und Erwachsene \u2013 wir alle surfen im Internet, bestellen online, klicken, liken und sharen, was das Zeug h\u00e4lt. Dabei gehen wir recht freigiebig mit unseren Daten um und riskieren, dass andere unsere digitale Privatsph\u00e4re verletzen.<\/p>\n<p>Der Film zeigt auf erfrischende Weise Sch\u00fclerinnen und Sch\u00fclern wie sie ihre Identit\u00e4t im digitalen Raum wahren und sch\u00fctzen, mit welch einfachen Einstellungen sich die Datensicherheit erh\u00f6ht und wie wichtig Kommunikation und Aufkl\u00e4rung dar\u00fcber sind.<\/p>\n","protected":false},"excerpt":{"rendered":"<p>Kinder, Jugendliche und Erwachsene \u2013 wir alle surfen im Internet, bestellen online, klicken, liken und sharen, was das Zeug h\u00e4lt. Dabei gehen wir recht freigiebig mit unseren Daten um und riskieren, dass andere unsere digitale Privatsph\u00e4re verletzen.<\/p>\n","protected":false},"featured_media":35039,"template":"","meta":{"_acf_changed":false},"product_brand":[],"product_cat":[70],"product_tag":[77,125],"class_list":{"0":"post-35049","1":"product","2":"type-product","3":"status-publish","4":"has-post-thumbnail","6":"product_cat-film","7":"product_tag-subject-gesellschaft","8":"product_tag-target-sek-i","10":"first","11":"instock","12":"taxable","13":"shipping-taxable","14":"purchasable","15":"product-type-variable"},"acf":{"subtitle":"Digital Jungle","article_id":"46505811 \/ 55508367","languages":"DE","thumb_up":false,"cover_image":35054,"linked_product":34658,"linked_products":null,"banner":{"show":true,"text":"","color":""},"length":"10:17 min","content_movie":"Kinder, Jugendliche und Erwachsene \u2013 wir alle surfen im Internet, bestellen online, klicken, liken und sharen, was das Zeug h\u00e4lt. Dabei gehen wir recht freigiebig mit unseren Daten um und riskieren, dass andere unsere digitale Privatsph\u00e4re verletzen.\r\n\r\nDer Film zeigt auf erfrischende Weise Sch\u00fclerinnen und Sch\u00fclern wie sie ihre Identit\u00e4t im digitalen Raum wahren und sch\u00fctzen, mit welch einfachen Einstellungen sich die Datensicherheit erh\u00f6ht und wie wichtig Kommunikation und Aufkl\u00e4rung dar\u00fcber sind.","learning_goals":"Lernziele\r\n\r\nDie Sch\u00fclerinnen und Sch\u00fcler\r\n<ol>\r\n \t<li>nennen in Grundz\u00fcgen alltagsrelevante gesetzliche Regelungen zum Umgang mit digitalen Daten.<\/li>\r\n \t<li>sch\u00e4tzen die Verantwortung f\u00fcr publizierte Inhalte ein.<\/li>\r\n<\/ol>\r\nKompetenzen\r\n\r\nDie Sch\u00fclerinnen und Sch\u00fcler k\u00f6nnen\r\n<ol>\r\n \t<li>Verhaltensregeln im Umgang mit Medien einhalten und benennen.<\/li>\r\n \t<li>Auswirkungen der medialen Selbstdarstellung absch\u00e4tzen und in Grundz\u00fcgen bewerten.<\/li>\r\n<\/ol>","preview_gif":35032,"trailer":{"file":35034,"url":"","image":35036},"mediathek_id":909,"amount":"","demo_url":"","h5p_demo_id":"","content_interactive":"","hide_numbers":false,"flyer":"","info_columns":null},"_links":{"self":[{"href":"https:\/\/www.medienlb.com\/en\/wp-json\/wp\/v2\/product\/35049","targetHints":{"allow":["GET"]}}],"collection":[{"href":"https:\/\/www.medienlb.com\/en\/wp-json\/wp\/v2\/product"}],"about":[{"href":"https:\/\/www.medienlb.com\/en\/wp-json\/wp\/v2\/types\/product"}],"acf:post":[{"embeddable":true,"href":"https:\/\/www.medienlb.com\/en\/wp-json\/wp\/v2\/product\/34658"}],"wp:featuredmedia":[{"embeddable":true,"href":"https:\/\/www.medienlb.com\/en\/wp-json\/wp\/v2\/media\/35039"}],"wp:attachment":[{"href":"https:\/\/www.medienlb.com\/en\/wp-json\/wp\/v2\/media?parent=35049"}],"wp:term":[{"taxonomy":"product_brand","embeddable":true,"href":"https:\/\/www.medienlb.com\/en\/wp-json\/wp\/v2\/product_brand?post=35049"},{"taxonomy":"product_cat","embeddable":true,"href":"https:\/\/www.medienlb.com\/en\/wp-json\/wp\/v2\/product_cat?post=35049"},{"taxonomy":"product_tag","embeddable":true,"href":"https:\/\/www.medienlb.com\/en\/wp-json\/wp\/v2\/product_tag?post=35049"}],"curies":[{"name":"wp","href":"https:\/\/api.w.org\/{rel}","templated":true}]}}