{"id":34984,"date":"2025-10-29T14:59:52","date_gmt":"2025-10-29T14:59:52","guid":{"rendered":"https:\/\/www.medienlb.com\/?post_type=product&#038;p=34984"},"modified":"2026-04-21T11:11:34","modified_gmt":"2026-04-21T11:11:34","slug":"stickmaschine-necchi-creator-c1200","status":"publish","type":"product","link":"https:\/\/www.medienlb.com\/en\/produkt\/stickmaschine-necchi-creator-c1200\/","title":{"rendered":"Stickmaschine &#8211; Necchi Creator C1200"},"content":{"rendered":"<div>\n<div class=\"WaaZC\">\n<div class=\"RJPOee EIJn2\">\n<div data-hveid=\"CAQQAQ\" data-ved=\"2ahUKEwjIufbv1cmQAxVj_7sIHTgNHLgQo_EKegQIBBAB\">Eine fortschrittliche Stickmaschine mit WLAN, ideal zum Dekorieren von Kleidung, zum Erstellen von Patchwork und Besticken von Einrichtungsaccessoires. Dank ihrer Benutzerfreundlichkeit, der WiFi-App-\u00dcberwachung und dem gro\u00dfen Arbeitsbereich ist sie ideal f\u00fcr Stickbegeisterte.<br \/>\nIm Lieferumfang enthalten sind 3 Stickrahmen (16&#215;26 cm, 12&#215;18 cm, 5&#215;7 cm), ein Stickfu\u00df, eine Geradstichplatte und ein Korb f\u00fcr optimale Spannung des Unterfadens. Die Multi-Spulen-Unterst\u00fctzung erleichtert das Farbmanagement der Stickerei.<br \/>\n\u00dcber den 5\u2018\u2018 Touch-LCD-Bildschirm k\u00f6nnen Designs importiert, neue erstellt, bearbeitet (Gr\u00f6\u00dfe \u00e4ndern, drehen, duplizieren, spiegeln usw.), Farben ge\u00e4ndert und Stickdetails \u00fcberwacht werden. Mit der Maschine k\u00f6nnen Sie die Fadenspannung anpassen, automatische Knoten einstellen und andere erweiterte Funktionen \u00e4ndern, um Ihre Arbeit individuell zu gestalten.<\/p>\n<hr \/>\n<\/div>\n<\/div>\n<\/div>\n<\/div>\n<div class=\"ewa-rteLine\"><\/div>\n<p>&nbsp;<\/p>\n","protected":false},"excerpt":{"rendered":"<p>..die fortschrittliche Stickmaschine f\u00fcr kreatives textiles Arbeiten<\/p>\n","protected":false},"featured_media":34986,"template":"","meta":{"_acf_changed":false},"product_brand":[],"product_cat":[75],"product_tag":[],"class_list":{"0":"post-34984","1":"product","2":"type-product","3":"status-publish","4":"has-post-thumbnail","6":"product_cat-hardware","8":"first","9":"instock","10":"taxable","11":"shipping-taxable","12":"purchasable","13":"product-type-variable"},"acf":{"subtitle":"Kreatives textiles Arbeiten","article_id":"MS_51","languages":"","thumb_up":false,"cover_image":"","linked_product":35262,"linked_products":null,"banner":{"show":true,"text":"","color":""},"length":"","content_movie":"","learning_goals":"","preview_gif":"","trailer":{"file":"","url":"","image":""},"mediathek_id":"","amount":"","demo_url":"","h5p_demo_id":"","content_interactive":"","hide_numbers":false,"flyer":34997,"info_columns":[{"heading":"","content":"<strong>Grundmerkmale:<\/strong>\r\n\u2022 Wi-Fi-Verbindung\r\n\u2022 Gro\u00dfer Arbeitsbereich von 230 mm\r\n\u2022 5-Zoll-Farb-LCD-Bildschirm\r\n\u2022 Touchscreen\r\n\u2022 5 LED-Beleuchtung\r\n\u2022 Automatischer Fadenabschneider\r\n\u2022 USB-Anschluss\r\n\u2022 Unabh\u00e4ngiges Spulenwickelsystem\r\n\u2022 Automatische Spannung\r\n\u2022 Ober-\/Unterfaden Sensor\r\n\u2022 Absorption in Watt: 90 W\r\nL\u00e4nge mit eingesetzter Stickeinheit 68 cm"},{"heading":"","content":"<span class=\"oXzekf\" data-huuid=\"2558660678235719987\"><strong>Stickbereich:\r\n<\/strong><\/span>160\u00d7260160 cross 260x160\u00d7260 <span class=\"oXzekf\" data-huuid=\"2558660678235719230\">mm\u00a0<\/span><span class=\"oXzekf\" data-huuid=\"2558660678235719230\">\r\n<\/span><span class=\"oXzekf\" data-huuid=\"2558660678235717716\"><strong>Stiche:<\/strong> <\/span><span class=\"oXzekf\" data-huuid=\"2558660678235721055\">1270 integrierte Stickmuster\r\n<\/span><span class=\"oXzekf\" data-huuid=\"2558660678235719541\"><strong>Geschwindigkeit:<\/strong> <\/span><span class=\"oXzekf\" data-huuid=\"2558660678235718784\">Bis zu 850 Stiche pro Minute\r\n<\/span><span class=\"oXzekf\" data-huuid=\"2558660678235721366\"><strong>Bildschirm:<\/strong> <\/span><span class=\"oXzekf\" data-huuid=\"2558660678235720609\">5-Zoll-Farb-LCD-Touchscreen\r\n<\/span><span class=\"oXzekf\" data-huuid=\"2558660678235719095\"><strong>Konnektivit\u00e4t:<\/strong> <\/span><span class=\"oXzekf\" data-huuid=\"2558660678235718338\">WLAN f\u00fcr die Steuerung \u00fcber eine Smartphone-App\r\n<\/span><span class=\"oXzekf\" data-huuid=\"2558660678235720920\"><strong>Automatischer Fadenschneider:<\/strong> <\/span><span class=\"oXzekf\" data-huuid=\"2558660678235720163\">Ja, f\u00fcr Ober- und Unterfaden\r\n<strong>Spulensystem:<\/strong> <\/span><span class=\"oXzekf\" data-huuid=\"2558660678235717892\">Unabh\u00e4ngiges System zum Aufwickeln der Spule w\u00e4hrend des Betriebs\r\n<\/span><span class=\"oXzekf\" data-huuid=\"2558660678235720474\"><strong>Weitere Merkmale:<\/strong>\r\n<\/span><span class=\"oXzekf\" data-huuid=\"2558660678235718203\">Leistungsstarker Motor\r\n<\/span><span class=\"oXzekf\" data-huuid=\"2558660678235720785\">Mehrfach-Spulenhalter f\u00fcr eine bequeme Farbverwaltung\r\n<\/span><span class=\"oXzekf\" data-huuid=\"2558660678235719271\">Automatisches Erkennen des Rahmens<span class=\"pjBG2e\" data-cid=\"8120d56a-1547-4995-9ab5-7f77bd3b7862\"><span class=\"UV3uM\">\u00a0<\/span><\/span><\/span>"},{"heading":"","content":"<div>\r\n<div class=\"WaaZC\">\r\n<div class=\"RJPOee EIJn2\">\r\n<div data-hveid=\"CAQQAQ\" data-ved=\"2ahUKEwjIufbv1cmQAxVj_7sIHTgNHLgQo_EKegQIBBAB\"><span style=\"color: #0000ff;\"><a style=\"color: #0000ff;\" href=\"https:\/\/www.mynecchi.com\/products_detail\/329.htm\" target=\"_blank\" rel=\"noopener\">LINK zum Hersteller<\/a><\/span><\/div>\r\n<div data-hveid=\"CAQQAQ\" data-ved=\"2ahUKEwjIufbv1cmQAxVj_7sIHTgNHLgQo_EKegQIBBAB\">\r\n\r\n<a href=\"https:\/\/www.youtube.com\/@NECCHISHOP\/search?query=Necchi%20Creator%20C1200\" target=\"_blank\" rel=\"noopener\"><span style=\"color: #0000ff;\">LINK zur Videosammlung<\/span><\/a>\r\n\r\n<hr \/>\r\n\r\n<a href=\"https:\/\/inkscape.org\/\" target=\"_blank\" rel=\"noopener\"><img class=\"\" src=\"https:\/\/media.inkscape.org\/static\/images\/inkscape-logo.svg\" alt=\"Inkscape\" width=\"45\" height=\"45\" \/><\/a> LINK zu passender OpenSource - Software <span style=\"color: #0000ff;\"><a style=\"color: #0000ff;\" href=\"https:\/\/inkscape.org\/\" target=\"_blank\" rel=\"noopener\">Inkscape<\/a><\/span>\r\n\r\n<hr \/>\r\n\r\n<a href=\"https:\/\/inkstitch.org\/de\/\" target=\"_blank\" rel=\"noopener\"><img class=\"\" title=\"Ink\/Stitch\" src=\"https:\/\/inkstitch.org\/assets\/images\/inkstitch-logo.svg\" alt=\"Ink\/Stitch\" width=\"45\" height=\"41\" \/><\/a> LINK zu passender OpenSource - Software<span style=\"color: #0000ff;\">\u00a0 <a style=\"color: #0000ff;\" href=\"https:\/\/inkstitch.org\/de\/\" target=\"_blank\" rel=\"noopener\">Inkstich\u00a0<\/a><\/span>\r\n\r\n<hr \/>\r\n\r\n<a href=\"https:\/\/www.turtlestitch.org\/\" target=\"_blank\" rel=\"noopener\"><img class=\"w-14 absolute top-2 h-14 -ml-2 rotate\" src=\"https:\/\/www.turtlestitch.org\/static\/img\/TurtleBlackGreen-150x150.png\" alt=\"TurtleStitch\" width=\"44\" height=\"44\" \/><\/a> LINK zu passender OpenSource - Software\u00a0 <a href=\"https:\/\/www.turtlestitch.org\/\" target=\"_blank\" rel=\"noopener\"><span style=\"color: #0000ff;\">TurtelStich<\/span> <\/a>\r\n\r\n<\/div>\r\n<\/div>\r\n<\/div>\r\n<\/div>\r\n<div data-hveid=\"CAQQAQ\" data-ved=\"2ahUKEwjIufbv1cmQAxVj_7sIHTgNHLgQo_EKegQIBBAB\"><\/div>\r\n<div data-hveid=\"CAQQAQ\" data-ved=\"2ahUKEwjIufbv1cmQAxVj_7sIHTgNHLgQo_EKegQIBBAB\"><\/div>\r\n<div>\r\n\r\n<hr \/>\r\n\r\n<\/div>\r\n<div class=\"ewa-rteLine\"><\/div>"}]},"_links":{"self":[{"href":"https:\/\/www.medienlb.com\/en\/wp-json\/wp\/v2\/product\/34984","targetHints":{"allow":["GET"]}}],"collection":[{"href":"https:\/\/www.medienlb.com\/en\/wp-json\/wp\/v2\/product"}],"about":[{"href":"https:\/\/www.medienlb.com\/en\/wp-json\/wp\/v2\/types\/product"}],"acf:post":[{"embeddable":true,"href":"https:\/\/www.medienlb.com\/en\/wp-json\/wp\/v2\/product\/35262"}],"wp:featuredmedia":[{"embeddable":true,"href":"https:\/\/www.medienlb.com\/en\/wp-json\/wp\/v2\/media\/34986"}],"wp:attachment":[{"href":"https:\/\/www.medienlb.com\/en\/wp-json\/wp\/v2\/media?parent=34984"}],"wp:term":[{"taxonomy":"product_brand","embeddable":true,"href":"https:\/\/www.medienlb.com\/en\/wp-json\/wp\/v2\/product_brand?post=34984"},{"taxonomy":"product_cat","embeddable":true,"href":"https:\/\/www.medienlb.com\/en\/wp-json\/wp\/v2\/product_cat?post=34984"},{"taxonomy":"product_tag","embeddable":true,"href":"https:\/\/www.medienlb.com\/en\/wp-json\/wp\/v2\/product_tag?post=34984"}],"curies":[{"name":"wp","href":"https:\/\/api.w.org\/{rel}","templated":true}]}}