{"id":34964,"date":"2025-10-29T14:24:14","date_gmt":"2025-10-29T14:24:14","guid":{"rendered":"https:\/\/www.medienlb.com\/?post_type=product&#038;p=34964"},"modified":"2025-10-29T14:49:37","modified_gmt":"2025-10-29T14:49:37","slug":"fischertechnik-stem-renewable-energies","status":"publish","type":"product","link":"https:\/\/www.medienlb.com\/en\/produkt\/fischertechnik-stem-renewable-energies\/","title":{"rendered":"fischertechnik-STEM Renewable Energies"},"content":{"rendered":"<div>\n<div class=\"ewa-rteLine\">Dieses Set ist besonders geeignet f\u00fcr \u00e4ltere Sch\u00fclerinnen und Sch\u00fcler der Sekundarstufe I , die praxisnah die Funktionsweise erneuerbarer Energiequellen im Kontext von Technik und Programmierung entdecken m\u00f6chten.<\/div>\n<div class=\"ewa-rteLine\">\n<hr \/>\n<\/div>\n<div class=\"ewa-rteLine\">\n<div class=\"ewa-rteLine\">&#8211; 268 Bauteile f\u00fcr 9 Modelle und 28 Experimente, darunter Solarmodule, Windr\u00e4der, Wasserr\u00e4der und eine Brennstoffzelle, die die Umwandlung von Wasser in Wasserstoff demonstriert.<\/div>\n<div class=\"ewa-rteLine\">&#8211; Multimeter und Spannungswandler erm\u00f6glichen die Messung von Strom und Spannung sowie die Umwandlung von Niederspannung in Hochspannung, um die Elektrizit\u00e4tserzeugung und -nutzung zu verstehen.<\/div>\n<div class=\"ewa-rteLine\">&#8211; F\u00f6rdert handlungsorientiertes Lernen, indem Sch\u00fclerinnen und Sch\u00fcler selbstst\u00e4ndig Modelle bauen, testen und die Prinzipien der Energieerzeugung und -speicherung anwenden.<\/div>\n<div class=\"ewa-rteLine\">&#8211; Geeignet f\u00fcr Gruppenarbeiten von 2 bis 4 Personen<\/div>\n<\/div>\n<\/div>\n<hr \/>\n<div class=\"ewa-rteLine\"><\/div>\n<div><\/div>\n<div>\n<div class=\"ewa-rteLine\"><\/div>\n<div class=\"ewa-rteLine\"><\/div>\n<\/div>\n<p>&nbsp;<\/p>\n","protected":false},"excerpt":{"rendered":"<p>fischertechnik &#8211;\u00a0\u00a0praxisnah die Funktionsweise erneuerbarer Energiequellen im Kontext von Technik und Programmierung entdecken<\/p>\n","protected":false},"featured_media":34968,"template":"","meta":{"_acf_changed":false},"product_brand":[],"product_cat":[75],"product_tag":[],"class_list":{"0":"post-34964","1":"product","2":"type-product","3":"status-publish","4":"has-post-thumbnail","6":"product_cat-hardware","8":"first","9":"instock","10":"taxable","11":"shipping-taxable","12":"purchasable","13":"product-type-variable"},"acf":{"subtitle":"praxisnah die Funktionsweise erneuerbarer Energiequellen entdecken","article_id":"MS_44","languages":"","thumb_up":false,"cover_image":"","linked_product":27085,"linked_products":null,"banner":{"show":true,"text":"","color":""},"length":"","content_movie":"","learning_goals":"","preview_gif":"","trailer":{"file":"","url":"","image":""},"mediathek_id":"","amount":"","demo_url":"","h5p_demo_id":"","content_interactive":"","hide_numbers":false,"flyer":34967,"info_columns":[{"heading":"","content":"<div class=\"ewa-rteLine\"><strong>Lernen durch Bauen und Programmieren!<\/strong><\/div>\r\n<div class=\"ewa-rteLine\">fischertechnik ist seit Jahrzehnten eine weltweit bekannte Marke f\u00fcr innovative Lern- und Konstruktionssysteme. Die Baus\u00e4tze verbinden technisches Verst\u00e4ndnis, kreatives Denken und praktische Umsetzung. Kinder, Jugendliche und auch Erwachsene k\u00f6nnen komplexe Mechanik, Elektronik, Programmierung und K\u00fcnstliche Intelligenz spielerisch entdecken und experimentieren.<\/div>"},{"heading":"","content":"Besonders in Bildungseinrichtungen und Makerspaces sind die Systeme beliebt, da sie technische Grundlagen anschaulich vermitteln und gleichzeitig die Probleml\u00f6sungsf\u00e4higkeiten f\u00f6rdern. Die verschiedenen Kits sind f\u00fcr unterschiedliche Altersgruppen konzipiert und bieten altersgerechte Herausforderungen \u2013 vom Einstieg f\u00fcr j\u00fcngere Kinder bis zu komplexen Projekten f\u00fcr \u00e4ltere Sch\u00fcler:innen"},{"heading":"","content":""}]},"_links":{"self":[{"href":"https:\/\/www.medienlb.com\/en\/wp-json\/wp\/v2\/product\/34964","targetHints":{"allow":["GET"]}}],"collection":[{"href":"https:\/\/www.medienlb.com\/en\/wp-json\/wp\/v2\/product"}],"about":[{"href":"https:\/\/www.medienlb.com\/en\/wp-json\/wp\/v2\/types\/product"}],"acf:post":[{"embeddable":true,"href":"https:\/\/www.medienlb.com\/en\/wp-json\/wp\/v2\/product\/27085"}],"wp:featuredmedia":[{"embeddable":true,"href":"https:\/\/www.medienlb.com\/en\/wp-json\/wp\/v2\/media\/34968"}],"wp:attachment":[{"href":"https:\/\/www.medienlb.com\/en\/wp-json\/wp\/v2\/media?parent=34964"}],"wp:term":[{"taxonomy":"product_brand","embeddable":true,"href":"https:\/\/www.medienlb.com\/en\/wp-json\/wp\/v2\/product_brand?post=34964"},{"taxonomy":"product_cat","embeddable":true,"href":"https:\/\/www.medienlb.com\/en\/wp-json\/wp\/v2\/product_cat?post=34964"},{"taxonomy":"product_tag","embeddable":true,"href":"https:\/\/www.medienlb.com\/en\/wp-json\/wp\/v2\/product_tag?post=34964"}],"curies":[{"name":"wp","href":"https:\/\/api.w.org\/{rel}","templated":true}]}}