{"id":34908,"date":"2025-10-29T13:41:42","date_gmt":"2025-10-29T13:41:42","guid":{"rendered":"https:\/\/www.medienlb.com\/?post_type=product&#038;p=34908"},"modified":"2025-10-29T14:15:59","modified_gmt":"2025-10-29T14:15:59","slug":"fischertechnik-stem-coding-ultimate-ai","status":"publish","type":"product","link":"https:\/\/www.medienlb.com\/en\/produkt\/fischertechnik-stem-coding-ultimate-ai\/","title":{"rendered":"fischertechnik-STEM Coding Ultimate AI"},"content":{"rendered":"<div>\n<div class=\"ewa-rteLine\">Dieses Set ist besonders geeignet f\u00fcr Sch\u00fclerinnen und Sch\u00fcler der Sekundarstufe II, die sich praxisnah mit Informationstechnik und K\u00fcnstlicher Intelligenz auseinandersetzen m\u00f6chten.<\/div>\n<div class=\"ewa-rteLine\">\n<hr \/>\n<\/div>\n<div class=\"ewa-rteLine\">&#8211; 224 Bauteile f\u00fcr 10 Modelle (mit 13 Lerneinheiten), inkl. moderner Sensoren, Aktoren und USB-Kamera<\/div>\n<div class=\"ewa-rteLine\">&#8211; Leistungsstarker TXT 4.0 Controller und benutzerfreundliche App erm\u00f6glichen Programmierung in Blockly und Python<\/div>\n<div class=\"ewa-rteLine\">&#8211; F\u00f6rdert Probleml\u00f6sef\u00e4higkeit, Teamarbeit und kritisches Denken durch eigenst\u00e4ndige Entwicklung von L\u00f6sungen zu realit\u00e4tsnahen Szenarien<\/div>\n<div class=\"ewa-rteLine\">&#8211; P\u00e4dagogischer Nutzen: Kompetenzorientierter Lernansatz, Vertiefung von Informatik- und Robotikgrundlagen, Einf\u00fchrung in neuronale Netze, Objekterkennung und maschinelles Lernen &#8211; Geeignet f\u00fcr Gruppenarbeiten von 2 bis 4 Personen<\/div>\n<\/div>\n<hr \/>\n<div class=\"ewa-rteLine\"><\/div>\n<p>&nbsp;<\/p>\n","protected":false},"excerpt":{"rendered":"<p>fischertechnik &#8211;\u00a0<span data-v-465bb679=\"\">Robotik, KI und moderne Technik realit\u00e4tsnah und handlungsorientiert entdecken<\/span><\/p>\n","protected":false},"featured_media":34910,"template":"","meta":{"_acf_changed":false},"product_brand":[],"product_cat":[75],"product_tag":[],"class_list":{"0":"post-34908","1":"product","2":"type-product","3":"status-publish","4":"has-post-thumbnail","6":"product_cat-hardware","8":"first","9":"instock","10":"taxable","11":"shipping-taxable","12":"purchasable","13":"product-type-variable"},"acf":{"subtitle":"Programmierung in der Grundschule","article_id":"MS_47","languages":"","thumb_up":false,"cover_image":"","linked_product":27085,"linked_products":null,"banner":{"show":true,"text":"","color":""},"length":"","content_movie":"","learning_goals":"","preview_gif":"","trailer":{"file":"","url":"","image":""},"mediathek_id":"","amount":"","demo_url":"","h5p_demo_id":"","content_interactive":"","hide_numbers":false,"flyer":34931,"info_columns":[{"heading":"","content":"<div class=\"ewa-rteLine\"><strong>Lernen durch Bauen und Programmieren!<\/strong><\/div>\r\n<div class=\"ewa-rteLine\">fischertechnik ist seit Jahrzehnten eine weltweit bekannte Marke f\u00fcr innovative Lern- und Konstruktionssysteme. Die Baus\u00e4tze verbinden technisches Verst\u00e4ndnis, kreatives Denken und praktische Umsetzung. Kinder, Jugendliche und auch Erwachsene k\u00f6nnen komplexe Mechanik, Elektronik, Programmierung und K\u00fcnstliche Intelligenz spielerisch entdecken und experimentieren.<\/div>"},{"heading":"","content":"Besonders in Bildungseinrichtungen und Makerspaces sind die Systeme beliebt, da sie technische Grundlagen anschaulich vermitteln und gleichzeitig die Probleml\u00f6sungsf\u00e4higkeiten f\u00f6rdern. Die verschiedenen Kits sind f\u00fcr unterschiedliche Altersgruppen konzipiert und bieten altersgerechte Herausforderungen \u2013 vom Einstieg f\u00fcr j\u00fcngere Kinder bis zu komplexen Projekten f\u00fcr \u00e4ltere Sch\u00fcler:innen"},{"heading":"","content":""}]},"_links":{"self":[{"href":"https:\/\/www.medienlb.com\/en\/wp-json\/wp\/v2\/product\/34908","targetHints":{"allow":["GET"]}}],"collection":[{"href":"https:\/\/www.medienlb.com\/en\/wp-json\/wp\/v2\/product"}],"about":[{"href":"https:\/\/www.medienlb.com\/en\/wp-json\/wp\/v2\/types\/product"}],"acf:post":[{"embeddable":true,"href":"https:\/\/www.medienlb.com\/en\/wp-json\/wp\/v2\/product\/27085"}],"wp:featuredmedia":[{"embeddable":true,"href":"https:\/\/www.medienlb.com\/en\/wp-json\/wp\/v2\/media\/34910"}],"wp:attachment":[{"href":"https:\/\/www.medienlb.com\/en\/wp-json\/wp\/v2\/media?parent=34908"}],"wp:term":[{"taxonomy":"product_brand","embeddable":true,"href":"https:\/\/www.medienlb.com\/en\/wp-json\/wp\/v2\/product_brand?post=34908"},{"taxonomy":"product_cat","embeddable":true,"href":"https:\/\/www.medienlb.com\/en\/wp-json\/wp\/v2\/product_cat?post=34908"},{"taxonomy":"product_tag","embeddable":true,"href":"https:\/\/www.medienlb.com\/en\/wp-json\/wp\/v2\/product_tag?post=34908"}],"curies":[{"name":"wp","href":"https:\/\/api.w.org\/{rel}","templated":true}]}}