{"id":34855,"date":"2025-10-29T12:16:42","date_gmt":"2025-10-29T12:16:42","guid":{"rendered":"https:\/\/www.medienlb.com\/?post_type=product&#038;p=34855"},"modified":"2025-10-29T13:07:43","modified_gmt":"2025-10-29T13:07:43","slug":"fischertechnik-stem-mechanics","status":"publish","type":"product","link":"https:\/\/www.medienlb.com\/en\/produkt\/fischertechnik-stem-mechanics\/","title":{"rendered":"fischertechnik &#8211; STEM Mechanics"},"content":{"rendered":"<div class=\"ewa-rteLine\">\n<p>Dieses Set ist besonders geeignet f\u00fcr Sch\u00fcler:innen ab der Sekundarstufe I, die Grundlagen der Mechanik, Statik und Physik anschaulich und praxisnah verstehen m\u00f6chten.<\/p>\n<hr \/>\n<\/div>\n<div class=\"ewa-rteLine\">&#8211; 32 spannende Modelle mit zentralen Themen wie Hebel, Rollen, Seilz\u00fcge, Br\u00fcckenkonstruktionen, Getriebearten und Kr\u00e4ftegleichgewicht<\/div>\n<div class=\"ewa-rteLine\">&#8211; Vermittelt alltagsnahe Technik wie Kardanantrieb, Planetengetriebe, Scherenhubgetriebe oder Scheibenwischer<\/div>\n<div class=\"ewa-rteLine\">&#8211; F\u00f6rdert Probleml\u00f6sef\u00e4higkeit, Kreativit\u00e4t und Teamarbeit durch handlungsorientiertes Konstruieren und Forschen<\/div>\n<div class=\"ewa-rteLine\">&#8211; P\u00e4dagogischer Nutzen: Nachhaltiges Verst\u00e4ndnis mechanischer Zusammenh\u00e4nge, gezieltes Training fachlicher, methodischer und sozialer Kompetenzen, ideal f\u00fcr den MINT-Unterricht von Sekundarstufe I bis II<\/div>\n<hr \/>\n<div class=\"ewa-rteLine\">\n<div class=\"ewa-rteLine\"><\/div>\n<\/div>\n<p>&nbsp;<\/p>\n<p>&nbsp;<\/p>\n","protected":false},"excerpt":{"rendered":"<p>fischertechnik &#8211;\u00a0die Grundlagen der Mechanik, Statik und Physik anschaulich und praxisnah verstehen<\/p>\n","protected":false},"featured_media":34859,"template":"","meta":{"_acf_changed":false},"product_brand":[],"product_cat":[75],"product_tag":[],"class_list":{"0":"post-34855","1":"product","2":"type-product","3":"status-publish","4":"has-post-thumbnail","6":"product_cat-hardware","8":"first","9":"instock","10":"taxable","11":"shipping-taxable","12":"purchasable","13":"product-type-variable"},"acf":{"subtitle":"Grundlagen der Mechanik, Statik und Physik nachhaltig verstehen!","article_id":"MS_49","languages":"","thumb_up":false,"cover_image":"","linked_product":27085,"linked_products":null,"banner":{"show":true,"text":"","color":""},"length":"","content_movie":"","learning_goals":"","preview_gif":"","trailer":{"file":"","url":"","image":""},"mediathek_id":"","amount":"","demo_url":"","h5p_demo_id":"","content_interactive":"","hide_numbers":false,"flyer":34858,"info_columns":[{"heading":"","content":"<div class=\"ewa-rteLine\"><strong>Lernen durch Bauen und Programmieren!<\/strong><\/div>\r\n<div class=\"ewa-rteLine\">fischertechnik ist seit Jahrzehnten eine weltweit bekannte Marke f\u00fcr innovative Lern- und Konstruktionssysteme. Die Baus\u00e4tze verbinden technisches Verst\u00e4ndnis, kreatives Denken und praktische Umsetzung. Kinder, Jugendliche und auch Erwachsene k\u00f6nnen komplexe Mechanik, Elektronik, Programmierung und K\u00fcnstliche Intelligenz spielerisch entdecken und experimentieren.<\/div>"},{"heading":"","content":"Besonders in Bildungseinrichtungen und Makerspaces sind die Systeme beliebt, da sie technische Grundlagen anschaulich vermitteln und gleichzeitig die Probleml\u00f6sungsf\u00e4higkeiten f\u00f6rdern. Die verschiedenen Kits sind f\u00fcr unterschiedliche Altersgruppen konzipiert und bieten altersgerechte Herausforderungen \u2013 vom Einstieg f\u00fcr j\u00fcngere Kinder bis zu komplexen Projekten f\u00fcr \u00e4ltere Sch\u00fcler:innen"},{"heading":"","content":""}]},"_links":{"self":[{"href":"https:\/\/www.medienlb.com\/en\/wp-json\/wp\/v2\/product\/34855","targetHints":{"allow":["GET"]}}],"collection":[{"href":"https:\/\/www.medienlb.com\/en\/wp-json\/wp\/v2\/product"}],"about":[{"href":"https:\/\/www.medienlb.com\/en\/wp-json\/wp\/v2\/types\/product"}],"acf:post":[{"embeddable":true,"href":"https:\/\/www.medienlb.com\/en\/wp-json\/wp\/v2\/product\/27085"}],"wp:featuredmedia":[{"embeddable":true,"href":"https:\/\/www.medienlb.com\/en\/wp-json\/wp\/v2\/media\/34859"}],"wp:attachment":[{"href":"https:\/\/www.medienlb.com\/en\/wp-json\/wp\/v2\/media?parent=34855"}],"wp:term":[{"taxonomy":"product_brand","embeddable":true,"href":"https:\/\/www.medienlb.com\/en\/wp-json\/wp\/v2\/product_brand?post=34855"},{"taxonomy":"product_cat","embeddable":true,"href":"https:\/\/www.medienlb.com\/en\/wp-json\/wp\/v2\/product_cat?post=34855"},{"taxonomy":"product_tag","embeddable":true,"href":"https:\/\/www.medienlb.com\/en\/wp-json\/wp\/v2\/product_tag?post=34855"}],"curies":[{"name":"wp","href":"https:\/\/api.w.org\/{rel}","templated":true}]}}