{"id":34833,"date":"2025-10-29T10:26:14","date_gmt":"2025-10-29T10:26:14","guid":{"rendered":"https:\/\/www.medienlb.com\/?post_type=product&#038;p=34833"},"modified":"2025-10-29T13:07:34","modified_gmt":"2025-10-29T13:07:34","slug":"fischertechnik-calliope-starter-kit","status":"publish","type":"product","link":"https:\/\/www.medienlb.com\/en\/produkt\/fischertechnik-calliope-starter-kit\/","title":{"rendered":"fischertechnik &#8211; Calliope Starter Kit"},"content":{"rendered":"<div>\n<p>Diese Set f\u00f6rdert das Verst\u00e4ndnis von Sensoren, Aktoren und einfachen Steuerungssystemen durch praktisches Bauen und Programmieren.<\/p>\n<hr \/>\n<p>Das Calliope mini Board ist nicht beinhaltet, f\u00fcr die Programmierung wird die\u00a0 OER-Software Open Roberta verwendet.<br \/>\nEin didaktisches Begleitheft mit Schritt-f\u00fcr-Schritt-Anleitungen und Aufgaben f\u00fcr gef\u00fchrte oder freie Unterrichtseinheiten ist enthalten.<\/p>\n<\/div>\n<div class=\"ewa-rteLine\">Der Baussatz beinhaltet 125 Bauteile zum Bau von 6 station\u00e4ren Modellen, wie z.B. H\u00e4ndetrockner, Ampel oder Schranke.<\/div>\n<div class=\"ewa-rteLine\">Unterst\u00fctzt kreative Probleml\u00f6sungsf\u00e4higkeiten, logisches Denken und handlungsorientiertes Lernen im Grundschulbereich.<\/div>\n<hr \/>\n<div class=\"ewa-rteLine\"><\/div>\n<p>&nbsp;<\/p>\n","protected":false},"excerpt":{"rendered":"<p>fischertechnik &#8211; Calliope Starter Kit &#8211; <strong>Lernen durch Bauen und Programmieren!<\/strong><\/p>\n","protected":false},"featured_media":34835,"template":"","meta":{"_acf_changed":false},"product_brand":[],"product_cat":[75],"product_tag":[],"class_list":{"0":"post-34833","1":"product","2":"type-product","3":"status-publish","4":"has-post-thumbnail","6":"product_cat-hardware","8":"first","9":"instock","10":"taxable","11":"shipping-taxable","12":"purchasable","13":"product-type-variable"},"acf":{"subtitle":"Einstieg in die Programmierung","article_id":"MS_50","languages":"","thumb_up":false,"cover_image":"","linked_product":27085,"linked_products":null,"banner":{"show":true,"text":"","color":""},"length":"","content_movie":"","learning_goals":"","preview_gif":"","trailer":{"file":"","url":"","image":""},"mediathek_id":"","amount":"","demo_url":"","h5p_demo_id":"","content_interactive":"","hide_numbers":false,"flyer":34854,"info_columns":[{"heading":"","content":"<div class=\"ewa-rteLine\"><strong>Lernen durch Bauen und Programmieren!<\/strong><\/div>\r\n<div class=\"ewa-rteLine\">fischertechnik ist seit Jahrzehnten eine weltweit bekannte Marke f\u00fcr innovative Lern- und Konstruktionssysteme. Die Baus\u00e4tze verbinden technisches Verst\u00e4ndnis, kreatives Denken und praktische Umsetzung. Kinder, Jugendliche und auch Erwachsene k\u00f6nnen komplexe Mechanik, Elektronik, Programmierung und K\u00fcnstliche Intelligenz spielerisch entdecken und experimentieren.<\/div>"},{"heading":"","content":"Besonders in Bildungseinrichtungen und Makerspaces sind die Systeme beliebt, da sie technische Grundlagen anschaulich vermitteln und gleichzeitig die Probleml\u00f6sungsf\u00e4higkeiten f\u00f6rdern. Die verschiedenen Kits sind f\u00fcr unterschiedliche Altersgruppen konzipiert und bieten altersgerechte Herausforderungen \u2013 vom Einstieg f\u00fcr j\u00fcngere Kinder bis zu komplexen Projekten f\u00fcr \u00e4ltere Sch\u00fcler:innen"},{"heading":"","content":""}]},"_links":{"self":[{"href":"https:\/\/www.medienlb.com\/en\/wp-json\/wp\/v2\/product\/34833","targetHints":{"allow":["GET"]}}],"collection":[{"href":"https:\/\/www.medienlb.com\/en\/wp-json\/wp\/v2\/product"}],"about":[{"href":"https:\/\/www.medienlb.com\/en\/wp-json\/wp\/v2\/types\/product"}],"acf:post":[{"embeddable":true,"href":"https:\/\/www.medienlb.com\/en\/wp-json\/wp\/v2\/product\/27085"}],"wp:featuredmedia":[{"embeddable":true,"href":"https:\/\/www.medienlb.com\/en\/wp-json\/wp\/v2\/media\/34835"}],"wp:attachment":[{"href":"https:\/\/www.medienlb.com\/en\/wp-json\/wp\/v2\/media?parent=34833"}],"wp:term":[{"taxonomy":"product_brand","embeddable":true,"href":"https:\/\/www.medienlb.com\/en\/wp-json\/wp\/v2\/product_brand?post=34833"},{"taxonomy":"product_cat","embeddable":true,"href":"https:\/\/www.medienlb.com\/en\/wp-json\/wp\/v2\/product_cat?post=34833"},{"taxonomy":"product_tag","embeddable":true,"href":"https:\/\/www.medienlb.com\/en\/wp-json\/wp\/v2\/product_tag?post=34833"}],"curies":[{"name":"wp","href":"https:\/\/api.w.org\/{rel}","templated":true}]}}