{"id":34792,"date":"2025-10-28T14:25:22","date_gmt":"2025-10-28T14:25:22","guid":{"rendered":"https:\/\/www.medienlb.com\/?post_type=product&#038;p=34792"},"modified":"2025-10-28T15:18:19","modified_gmt":"2025-10-28T15:18:19","slug":"intel-sfi-erlebnispaket-scottie-go","status":"publish","type":"product","link":"https:\/\/www.medienlb.com\/en\/produkt\/intel-sfi-erlebnispaket-scottie-go\/","title":{"rendered":"Intel SFI Erlebnispaket &#8211; Scottie Go!"},"content":{"rendered":"<p>Das <strong>SFI Erlebnispaket: Wie &#8220;denkt&#8221; ein Roboter von Intel\u00a0inkl. Acer TravelMate Spin B3<\/strong> ist ein Gesamtpaket mit allem, was Lehrkr\u00e4fte f\u00fcr die Gestaltung ihres digitalen Unterrichts ben\u00f6tigen: Unterrichtspakete von Intel Skills for Innovation sowie optimal abgestimmte Hard- und Software. Die Lernenden entdecken spielerisch die Welt der Blockprogrammierung. Hierzu wird zun\u00e4chst ein menschlicher Roboter sowie anschlie\u00dfend der Weltraum-Roboter Scottie Go! programmiert.<\/p>\n<hr \/>\n<div class=\"ewa-rteLine\"><strong>Scottie Go!<\/strong> Edu ist ein innovatives Lernspiel, das Kindern und Jugendlichen\u00a0und\u00a0das Programmieren beibringt. Im Spiel geht es um einen freundlichen Au\u00dferirdischen namens Scottie, dessen Raumschiff eine Panne hat und auf der Erde abst\u00fcrzt. Die Lernenden m\u00fcssen Scottie und seinen Freunden beim Sammeln der Ersatzteile f\u00fcr sein Raumschiff helfen, indem sie seine Bewegungen programmieren. Mit diesem Spiel und der dazugeh\u00f6rigen App k\u00f6nnen Lernende ihre F\u00e4higkeiten im logischen Denken und in der algorithmischen Intuition auf spielerische Weise erweitern. Es kombiniert physische Programmierk\u00e4rtchen mit digitaler Technik und fordert die Lernenden heraus, den Protagonisten Scottie durch verschiedene Abenteuer zu steuern. Durch das Legen und Scannen von K\u00e4rtchen mit Befehlen wie Schritt oder Drehen programmieren die Sch\u00fclerinnen und Sch\u00fcler Scotties Bewegungen.<\/div>\n<hr \/>\n<p>Hier ein Link zu einen Unterrichtsplan zu <span style=\"color: #0000ff;\"><strong><a style=\"color: #0000ff;\" href=\"https:\/\/cdn.medienlb.com\/wp-content\/uploads\/2025\/10\/Unterrichtsplan_ScottieGo.pdf\" target=\"_blank\" rel=\"noopener\">Scottie GO!<\/a><\/strong><\/span><\/p>\n<p>&nbsp;<\/p>\n","protected":false},"excerpt":{"rendered":"<p>Programmieren spielerisch erlernen mit Scottie Go!<\/p>\n","protected":false},"featured_media":34794,"template":"","meta":{"_acf_changed":false},"product_brand":[],"product_cat":[75],"product_tag":[],"class_list":{"0":"post-34792","1":"product","2":"type-product","3":"status-publish","4":"has-post-thumbnail","6":"product_cat-hardware","8":"first","9":"instock","10":"taxable","11":"shipping-taxable","12":"purchasable","13":"product-type-variable"},"acf":{"subtitle":"Wie \"denkt\" ein Roboter","article_id":"MS_44","languages":"","thumb_up":false,"cover_image":"","linked_product":27085,"linked_products":null,"banner":{"show":true,"text":"","color":""},"length":"","content_movie":"","learning_goals":"","preview_gif":"","trailer":{"file":"","url":"","image":""},"mediathek_id":"","amount":"","demo_url":"","h5p_demo_id":"","content_interactive":"","hide_numbers":false,"flyer":34790,"info_columns":[{"heading":"","content":"<h4>Hauptmerkmale:<\/h4>\r\n<div class=\"ewa-rteLine\">- 179 physische Spielsteine f\u00fcr Programmierbefehle<\/div>\r\n<div class=\"ewa-rteLine\">- 1 interaktives Spielbrett f\u00fcr analoge Umsetzung<\/div>\r\n<div class=\"ewa-rteLine\">- App mit 91 Aufgaben in 10 Modulen<\/div>\r\n<div class=\"ewa-rteLine\">- F\u00f6rdert Programmieren,Algorithmieren, Mathematik und logisches Denken<\/div>\r\n<div class=\"ewa-rteLine\">- Einsetzbar in Schule, Makerspace oder zu Hause<\/div>\r\n<div class=\"ewa-rteLine\">- Geeignet f\u00fcr Grundschule und Sekundarstufe<\/div>"},{"heading":"","content":"<div>\r\n<h4>Technische Details zu Acer TravelMate B3 Spin 12<\/h4>\r\nProzessor: Intel N250\r\nBetriebssystem:Windows 11 Pro Edu\r\nArbeitsspeicher:8 GB\r\nFestplatte: 256 GB SSd\r\nDisplay: 12,2 Zoll\u00a0\u00a0WUXGA Display\u00a0\u00a016:10\r\nAufl\u00f6sung: 1920 x 1200\r\nGrafikkarte: Intel Graphics\r\nFarbe: Schwarz\r\nAnschl\u00fcsse:\r\n1x HDMI2.0\r\n2x USB-C (Displayport)\r\n2x USB3.2 Gen1 \u00fcber USB-C\r\n2x UsB3.2 Gen1 Typ-A\r\n1x Ethernet RJ-45\r\n1x Audio Combo Jack\r\n\r\n<\/div>\r\n<div><\/div>"},{"heading":"","content":"&nbsp;\r\n\r\nAudio:\r\nzwei eingebaute Lautsprecher\r\nzwei eingebaute Mikorofone\r\nKamera: Webcam 1920 x 1080\r\nTastatur: QWERTZ\r\nWireless: Intel Wireless Wi-Fi 6E AX211, Bluetooth 5.4\r\nAkku: Li-Ion Akku (3 Zellen \/ 53 Wh)\r\nStromversorgung: USB Type-C 65W Netzteil\r\nGewicht: 1,45 kg\r\nBesonderheiten: Milit\u00e4rstandard MIL-STD-810H\r\nZubeh\u00f6r: inkl. Acer Active Stylus Pen\r\nGarantie: 36 Monate"}]},"_links":{"self":[{"href":"https:\/\/www.medienlb.com\/en\/wp-json\/wp\/v2\/product\/34792","targetHints":{"allow":["GET"]}}],"collection":[{"href":"https:\/\/www.medienlb.com\/en\/wp-json\/wp\/v2\/product"}],"about":[{"href":"https:\/\/www.medienlb.com\/en\/wp-json\/wp\/v2\/types\/product"}],"acf:post":[{"embeddable":true,"href":"https:\/\/www.medienlb.com\/en\/wp-json\/wp\/v2\/product\/27085"}],"wp:featuredmedia":[{"embeddable":true,"href":"https:\/\/www.medienlb.com\/en\/wp-json\/wp\/v2\/media\/34794"}],"wp:attachment":[{"href":"https:\/\/www.medienlb.com\/en\/wp-json\/wp\/v2\/media?parent=34792"}],"wp:term":[{"taxonomy":"product_brand","embeddable":true,"href":"https:\/\/www.medienlb.com\/en\/wp-json\/wp\/v2\/product_brand?post=34792"},{"taxonomy":"product_cat","embeddable":true,"href":"https:\/\/www.medienlb.com\/en\/wp-json\/wp\/v2\/product_cat?post=34792"},{"taxonomy":"product_tag","embeddable":true,"href":"https:\/\/www.medienlb.com\/en\/wp-json\/wp\/v2\/product_tag?post=34792"}],"curies":[{"name":"wp","href":"https:\/\/api.w.org\/{rel}","templated":true}]}}