{"id":34773,"date":"2025-10-28T09:23:53","date_gmt":"2025-10-28T09:23:53","guid":{"rendered":"https:\/\/www.medienlb.com\/?post_type=product&#038;p=34773"},"modified":"2025-10-28T14:25:15","modified_gmt":"2025-10-28T14:25:15","slug":"scottie_go","status":"publish","type":"product","link":"https:\/\/www.medienlb.com\/en\/produkt\/scottie_go\/","title":{"rendered":"Scottie Go! Edu Multimedialernspiel"},"content":{"rendered":"<p>Scottie Go! Education ist ein innovatives Lernsystem, das analoge Spielsteine mit einer digitalen App kombiniert, um spielerisch die Grundlagen des Programmierens zu vermitteln. Mit diesem System lernen Sch\u00fclerinnen und Sch\u00fcler, Befehle, Schleifen, Bedingungen und Variablen zu verstehen und in eigenen Programmen anzuwenden \u2013 ganz ohne Frustration oder komplizierte Syntax!<\/p>\n<hr \/>\n<div class=\"ewa-rteLine\">Das Set umfasst insgesamt 179 physische Spielsteine, ein Spielbrett, eine ausf\u00fchrliche Anleitung und einen Lizenzcode f\u00fcr die App, die auf bis zu drei Ger\u00e4ten installiert werden kann. Die Aufgaben in der App sind in 10 Module mit insgesamt 91 Aufgaben unterteilt, sodass die Kinder Schritt f\u00fcr Schritt vom einfachen Befehlsverst\u00e4ndnis zu komplexeren Programmieraufgaben gef\u00fchrt werden.<\/div>\n<hr \/>\n<p>Hier ein Link zu einen Unterrichtsplan zu <span style=\"color: #0000ff;\"><strong><a style=\"color: #0000ff;\" href=\"https:\/\/cdn.medienlb.com\/wp-content\/uploads\/2025\/10\/Unterrichtsplan_ScottieGo.pdf\" target=\"_blank\" rel=\"noopener\">Scottie GO!<\/a><\/strong><\/span><\/p>\n<p>&nbsp;<\/p>\n","protected":false},"excerpt":{"rendered":"<p>Programmieren spielerisch erlernen mit Scottie Go!<\/p>\n","protected":false},"featured_media":34775,"template":"","meta":{"_acf_changed":false},"product_brand":[],"product_cat":[75],"product_tag":[],"class_list":{"0":"post-34773","1":"product","2":"type-product","3":"status-publish","4":"has-post-thumbnail","6":"product_cat-hardware","8":"first","9":"instock","10":"taxable","11":"shipping-taxable","12":"purchasable","13":"product-type-variable"},"acf":{"subtitle":"Programmieren spielerisch erlernen mit Scottie Go! Education ","article_id":"MS_43","languages":"","thumb_up":false,"cover_image":"","linked_product":27085,"linked_products":null,"banner":{"show":true,"text":"","color":""},"length":"","content_movie":"","learning_goals":"","preview_gif":"","trailer":{"file":"","url":"","image":""},"mediathek_id":"","amount":"","demo_url":"","h5p_demo_id":"","content_interactive":"","hide_numbers":false,"flyer":34790,"info_columns":[{"heading":"Hauptmerkmale:","content":"<div class=\"ewa-rteLine\">- 179 physische Spielsteine f\u00fcr Programmierbefehle<\/div>\r\n<div class=\"ewa-rteLine\">- 1 interaktives Spielbrett f\u00fcr analoge Umsetzung<\/div>\r\n<div class=\"ewa-rteLine\">- App mit 91 Aufgaben in 10 Modulen<\/div>\r\n<div class=\"ewa-rteLine\">- F\u00f6rdert Programmieren,Algorithmieren, Mathematik und logisches Denken<\/div>\r\n<div class=\"ewa-rteLine\">- Einsetzbar in Schule, Makerspace oder zu Hause<\/div>\r\n<div class=\"ewa-rteLine\">- Geeignet f\u00fcr Grundschule und Sekundarstufe<\/div>"},{"heading":"","content":""},{"heading":"","content":""}]},"_links":{"self":[{"href":"https:\/\/www.medienlb.com\/en\/wp-json\/wp\/v2\/product\/34773","targetHints":{"allow":["GET"]}}],"collection":[{"href":"https:\/\/www.medienlb.com\/en\/wp-json\/wp\/v2\/product"}],"about":[{"href":"https:\/\/www.medienlb.com\/en\/wp-json\/wp\/v2\/types\/product"}],"acf:post":[{"embeddable":true,"href":"https:\/\/www.medienlb.com\/en\/wp-json\/wp\/v2\/product\/27085"}],"wp:featuredmedia":[{"embeddable":true,"href":"https:\/\/www.medienlb.com\/en\/wp-json\/wp\/v2\/media\/34775"}],"wp:attachment":[{"href":"https:\/\/www.medienlb.com\/en\/wp-json\/wp\/v2\/media?parent=34773"}],"wp:term":[{"taxonomy":"product_brand","embeddable":true,"href":"https:\/\/www.medienlb.com\/en\/wp-json\/wp\/v2\/product_brand?post=34773"},{"taxonomy":"product_cat","embeddable":true,"href":"https:\/\/www.medienlb.com\/en\/wp-json\/wp\/v2\/product_cat?post=34773"},{"taxonomy":"product_tag","embeddable":true,"href":"https:\/\/www.medienlb.com\/en\/wp-json\/wp\/v2\/product_tag?post=34773"}],"curies":[{"name":"wp","href":"https:\/\/api.w.org\/{rel}","templated":true}]}}