{"id":34740,"date":"2025-10-24T10:57:37","date_gmt":"2025-10-24T10:57:37","guid":{"rendered":"https:\/\/www.medienlb.com\/?post_type=product&#038;p=34740"},"modified":"2025-10-27T07:19:35","modified_gmt":"2025-10-27T07:19:35","slug":"55507279-tomate","status":"publish","type":"product","link":"https:\/\/www.medienlb.com\/en\/produkt\/55507279-tomate\/","title":{"rendered":"Tomate"},"content":{"rendered":"<p>Die Tomate ist mehr als nur ein beliebtes Gem\u00fcse \u2013 sie ist ein botanisches Wunder! Der Film erkl\u00e4rt anschaulich Aufbau, Sortenvielfalt, Geschichte und Nutzung der Tomate. Von der Best\u00e4ubung bis zur industriellen Verarbeitung, von der \u00d6kobilanz bis zur Giftigkeit unreifer Fr\u00fcchte: Ein spannender Einblick in Biologie, Ern\u00e4hrung und Nachhaltigkeit \u2013 ideal f\u00fcr den Einsatz in der Grundschule.<\/p>\n","protected":false},"excerpt":{"rendered":"<p>Die Tomate ist mehr als nur ein beliebtes Gem\u00fcse \u2013 sie ist ein botanisches Wunder! Der Film erkl\u00e4rt anschaulich Aufbau, Sortenvielfalt, Geschichte und Nutzung der Tomate.<\/p>\n","protected":false},"featured_media":34744,"template":"","meta":{"_acf_changed":false},"product_brand":[],"product_cat":[70],"product_tag":[87,97,129,125],"class_list":{"0":"post-34740","1":"product","2":"type-product","3":"status-publish","4":"has-post-thumbnail","6":"product_cat-film","7":"product_tag-subject-biologie","8":"product_tag-subject-grundschule","9":"product_tag-target-gru","10":"product_tag-target-sek-i","12":"first","13":"instock","14":"taxable","15":"shipping-taxable","16":"purchasable","17":"product-type-variable"},"acf":{"subtitle":"Sorten und Kultivierung","article_id":"46505605 \/ 55507279","languages":"DE","thumb_up":false,"cover_image":34753,"linked_product":8867,"linked_products":null,"banner":{"show":true,"text":"","color":""},"length":"14:45 min","content_movie":"<ul>\r\n \t<li>Gesamtes Begleitmaterial: 66 Seiten<\/li>\r\n \t<li>Arbeitsbl\u00e4tter: 20 Seiten<\/li>\r\n \t<li>Testaufgaben: 20 Seiten<\/li>\r\n \t<li>Interaktive Aufgaben: 10<\/li>\r\n<\/ul>","learning_goals":"Die Sch\u00fclerinnen und Sch\u00fcler\r\n<ol>\r\n \t<li>ordnen Nahrungsmittel kriterienbezogen<\/li>\r\n \t<li>erkennen Ern\u00e4hrung als Grundlage einer gesunden Lebensf\u00fchrung<\/li>\r\n<\/ol>\r\nKompetenzen\r\n\r\nDie Sch\u00fclerinnen und Sch\u00fcler k\u00f6nnen\r\n<ol>\r\n \t<li>grundlegende Wahrnehmungen durch vertiefte Auseinandersetzung mit allt\u00e4glichen Naturph\u00e4nomenen vertiefen<\/li>\r\n \t<li>interessengeleitete Fragen in der Auseinandersetzung mit Naturph\u00e4nomenen formulieren<\/li>\r\n<\/ol>","preview_gif":34747,"trailer":{"file":34749,"url":"","image":34751},"mediathek_id":907,"amount":"","demo_url":"","h5p_demo_id":"","content_interactive":"","hide_numbers":false,"flyer":"","info_columns":null},"_links":{"self":[{"href":"https:\/\/www.medienlb.com\/en\/wp-json\/wp\/v2\/product\/34740","targetHints":{"allow":["GET"]}}],"collection":[{"href":"https:\/\/www.medienlb.com\/en\/wp-json\/wp\/v2\/product"}],"about":[{"href":"https:\/\/www.medienlb.com\/en\/wp-json\/wp\/v2\/types\/product"}],"acf:post":[{"embeddable":true,"href":"https:\/\/www.medienlb.com\/en\/wp-json\/wp\/v2\/product\/8867"}],"wp:featuredmedia":[{"embeddable":true,"href":"https:\/\/www.medienlb.com\/en\/wp-json\/wp\/v2\/media\/34744"}],"wp:attachment":[{"href":"https:\/\/www.medienlb.com\/en\/wp-json\/wp\/v2\/media?parent=34740"}],"wp:term":[{"taxonomy":"product_brand","embeddable":true,"href":"https:\/\/www.medienlb.com\/en\/wp-json\/wp\/v2\/product_brand?post=34740"},{"taxonomy":"product_cat","embeddable":true,"href":"https:\/\/www.medienlb.com\/en\/wp-json\/wp\/v2\/product_cat?post=34740"},{"taxonomy":"product_tag","embeddable":true,"href":"https:\/\/www.medienlb.com\/en\/wp-json\/wp\/v2\/product_tag?post=34740"}],"curies":[{"name":"wp","href":"https:\/\/api.w.org\/{rel}","templated":true}]}}