{"id":34720,"date":"2025-10-23T05:15:00","date_gmt":"2025-10-23T05:15:00","guid":{"rendered":"https:\/\/www.medienlb.com\/?post_type=product&#038;p=34720"},"modified":"2025-11-05T09:05:08","modified_gmt":"2025-11-05T09:05:08","slug":"55507291-digitale-gesundheit","status":"publish","type":"product","link":"https:\/\/www.medienlb.com\/en\/produkt\/55507291-digitale-gesundheit\/","title":{"rendered":"Digitale Gesundheit"},"content":{"rendered":"<p>Der Film \u201eDigitale Gesundheit\u201c sensibilisiert Sch\u00fclerinnen und Sch\u00fcler f\u00fcr die Konsequenzen der Nutzung digitaler Technologien in Bezug auf die physische und psychische Gesundheit. Themen wie Folgen von zu viel Bildschirmzeit, einseitige K\u00f6rperhaltung, Wahrnehmung gesch\u00f6nter Bilder usw. werden altersgerecht erkl\u00e4rt. Der Film f\u00f6rdert Medienkompetenz und regt zur kritischen Reflexion \u00fcber den verantwortungsvollen Umgang mit digitalen Medien an.<\/p>\n","protected":false},"excerpt":{"rendered":"<p>Der Film \u201eDigitale Gesundheit\u201c sensibilisiert Sch\u00fclerinnen und Sch\u00fcler f\u00fcr die Konsequenzen der Nutzung digitaler Technologien in Bezug auf die physische und psychische Gesundheit.<\/p>\n","protected":false},"featured_media":35045,"template":"","meta":{"_acf_changed":false},"product_brand":[],"product_cat":[70],"product_tag":[77,125],"class_list":{"0":"post-34720","1":"product","2":"type-product","3":"status-publish","4":"has-post-thumbnail","6":"product_cat-film","7":"product_tag-subject-gesellschaft","8":"product_tag-target-sek-i","10":"first","11":"instock","12":"taxable","13":"shipping-taxable","14":"purchasable","15":"product-type-variable"},"acf":{"subtitle":"Digital Jungle","article_id":"46505616 \/ 55507291","languages":"DE","thumb_up":false,"cover_image":35048,"linked_product":34658,"linked_products":null,"banner":{"show":true,"text":"","color":""},"length":"11:27 min","content_movie":"Der Film \u201eDigitale Gesundheit\u201c sensibilisiert Sch\u00fclerinnen und Sch\u00fcler f\u00fcr die Konsequenzen der Nutzung digitaler Technologien in Bezug auf die physische und psychische Gesundheit. Themen wie Folgen von zu viel Bildschirmzeit, einseitige K\u00f6rperhaltung, Wahrnehmung gesch\u00f6nter Bilder usw. werden altersgerecht erkl\u00e4rt. Der Film f\u00f6rdert Medienkompetenz und regt zur kritischen Reflexion \u00fcber den verantwortungsvollen Umgang mit digitalen Medien an.","learning_goals":"Lernziele\r\n\r\nDie Sch\u00fclerinnen und Sch\u00fcler\r\n<ol>\r\n \t<li>arbeiten wichtige Regeln zur Kommunikation im Netz heraus und verhalten sich angemessen.<\/li>\r\n \t<li>beschreiben die pers\u00f6nliche Motivation bez\u00fcglich des eigenen Medienverhaltens und bewerten die eigene Nutzung ihrem Alter entsprechend.<\/li>\r\n<\/ol>\r\nKompetenzen\r\n\r\nDie Sch\u00fclerinnen und Sch\u00fcler k\u00f6nnen\r\n<ol>\r\n \t<li>Verhaltensregeln im Umgang mit Medien benennen und einhalten.<\/li>\r\n \t<li>ankn\u00fcpfend an ihre eigenen Erfahrungen das Nutzungsverhalten beschreiben und vergleichen.<\/li>\r\n<\/ol>","preview_gif":34723,"trailer":{"file":34725,"url":"","image":35042},"mediathek_id":906,"amount":"","demo_url":"","h5p_demo_id":"","content_interactive":"","hide_numbers":false,"flyer":"","info_columns":null},"_links":{"self":[{"href":"https:\/\/www.medienlb.com\/en\/wp-json\/wp\/v2\/product\/34720","targetHints":{"allow":["GET"]}}],"collection":[{"href":"https:\/\/www.medienlb.com\/en\/wp-json\/wp\/v2\/product"}],"about":[{"href":"https:\/\/www.medienlb.com\/en\/wp-json\/wp\/v2\/types\/product"}],"acf:post":[{"embeddable":true,"href":"https:\/\/www.medienlb.com\/en\/wp-json\/wp\/v2\/product\/34658"}],"wp:featuredmedia":[{"embeddable":true,"href":"https:\/\/www.medienlb.com\/en\/wp-json\/wp\/v2\/media\/35045"}],"wp:attachment":[{"href":"https:\/\/www.medienlb.com\/en\/wp-json\/wp\/v2\/media?parent=34720"}],"wp:term":[{"taxonomy":"product_brand","embeddable":true,"href":"https:\/\/www.medienlb.com\/en\/wp-json\/wp\/v2\/product_brand?post=34720"},{"taxonomy":"product_cat","embeddable":true,"href":"https:\/\/www.medienlb.com\/en\/wp-json\/wp\/v2\/product_cat?post=34720"},{"taxonomy":"product_tag","embeddable":true,"href":"https:\/\/www.medienlb.com\/en\/wp-json\/wp\/v2\/product_tag?post=34720"}],"curies":[{"name":"wp","href":"https:\/\/api.w.org\/{rel}","templated":true}]}}