{"id":34704,"date":"2025-10-21T10:52:40","date_gmt":"2025-10-21T10:52:40","guid":{"rendered":"https:\/\/www.medienlb.com\/?post_type=product&#038;p=34704"},"modified":"2025-10-21T13:39:57","modified_gmt":"2025-10-21T13:39:57","slug":"55508366-wehr-dich-gegen-cybermobbing","status":"publish","type":"product","link":"https:\/\/www.medienlb.com\/en\/produkt\/55508366-wehr-dich-gegen-cybermobbing\/","title":{"rendered":"Wehr dich gegen Cybermobbing"},"content":{"rendered":"<p>Der Film zeigt, was Cybermobbing ist und wie es entsteht, welche Folgen es f\u00fcr Betroffene haben kann und warum es so wichtig ist, im Netz respektvoll miteinander umzugehen. Anhand von Beispielen wird erkl\u00e4rt, wie man sich sch\u00fctzen kann, wo man Hilfe bekommt und wie Mitsch\u00fclerinnen und Mitsch\u00fcler durch Zivilcourage dazu beitragen k\u00f6nnen, Cybermobbing zu stoppen.<\/p>\n","protected":false},"excerpt":{"rendered":"<p>Der Film zeigt, was Cybermobbing ist und wie es entsteht, welche Folgen es f\u00fcr Betroffene haben kann und warum es so wichtig ist, im Netz respektvoll miteinander umzugehen.<\/p>\n","protected":false},"featured_media":34712,"template":"","meta":{"_acf_changed":false},"product_brand":[],"product_cat":[70],"product_tag":[77,125],"class_list":{"0":"post-34704","1":"product","2":"type-product","3":"status-publish","4":"has-post-thumbnail","6":"product_cat-film","7":"product_tag-subject-gesellschaft","8":"product_tag-target-sek-i","10":"first","11":"instock","12":"taxable","13":"shipping-taxable","14":"purchasable","15":"product-type-variable"},"acf":{"subtitle":"Digital Jungle","article_id":"46505810 \/ 55508366","languages":"DE","thumb_up":false,"cover_image":34717,"linked_product":[34642,35165],"linked_products":null,"banner":{"show":true,"text":"","color":""},"length":"10:57 min","content_movie":"<ul>\r\n \t<li>Gesamtes Begleitmaterial: 56 Seiten<\/li>\r\n \t<li>Arbeitsbl\u00e4tter: 20 Seiten<\/li>\r\n \t<li>Testaufgaben: 20 Seiten<\/li>\r\n \t<li>Interaktive Aufgaben: 10<\/li>\r\n<\/ul>","learning_goals":"Die Sch\u00fclerinnen und Sch\u00fcler\r\n<ol>\r\n \t<li>nennen in Grundz\u00fcgen alltagsrelevante gesetzliche Regelungen zum Umgang mit digitalen Daten.<\/li>\r\n \t<li>sch\u00e4tzen die Verantwortung f\u00fcr publizierte Inhalte ein.<\/li>\r\n<\/ol>\r\nKompetenzen\r\n\r\nDie Sch\u00fclerinnen und Sch\u00fcler k\u00f6nnen\r\n<ol>\r\n \t<li>Aspekte von Toleranz und Akzeptanz von Vielfalt im Kontext informatischer Fragestellungen diskutieren.<\/li>\r\n \t<li>Verhaltensregeln im Umgang mit Medien einhalten und benennen.<\/li>\r\n<\/ol>","preview_gif":34709,"trailer":{"file":34711,"url":"","image":34715},"mediathek_id":905,"amount":"","demo_url":"","h5p_demo_id":"","content_interactive":"","hide_numbers":false,"flyer":"","info_columns":null},"_links":{"self":[{"href":"https:\/\/www.medienlb.com\/en\/wp-json\/wp\/v2\/product\/34704","targetHints":{"allow":["GET"]}}],"collection":[{"href":"https:\/\/www.medienlb.com\/en\/wp-json\/wp\/v2\/product"}],"about":[{"href":"https:\/\/www.medienlb.com\/en\/wp-json\/wp\/v2\/types\/product"}],"acf:post":[{"embeddable":true,"href":"https:\/\/www.medienlb.com\/en\/wp-json\/wp\/v2\/product\/35165"},{"embeddable":true,"href":"https:\/\/www.medienlb.com\/en\/wp-json\/wp\/v2\/product\/34642"}],"wp:featuredmedia":[{"embeddable":true,"href":"https:\/\/www.medienlb.com\/en\/wp-json\/wp\/v2\/media\/34712"}],"wp:attachment":[{"href":"https:\/\/www.medienlb.com\/en\/wp-json\/wp\/v2\/media?parent=34704"}],"wp:term":[{"taxonomy":"product_brand","embeddable":true,"href":"https:\/\/www.medienlb.com\/en\/wp-json\/wp\/v2\/product_brand?post=34704"},{"taxonomy":"product_cat","embeddable":true,"href":"https:\/\/www.medienlb.com\/en\/wp-json\/wp\/v2\/product_cat?post=34704"},{"taxonomy":"product_tag","embeddable":true,"href":"https:\/\/www.medienlb.com\/en\/wp-json\/wp\/v2\/product_tag?post=34704"}],"curies":[{"name":"wp","href":"https:\/\/api.w.org\/{rel}","templated":true}]}}