{"id":34689,"date":"2025-10-21T09:09:07","date_gmt":"2025-10-21T09:09:07","guid":{"rendered":"https:\/\/www.medienlb.com\/?post_type=product&#038;p=34689"},"modified":"2025-10-21T09:25:28","modified_gmt":"2025-10-21T09:25:28","slug":"55507318-korallen","status":"publish","type":"product","link":"https:\/\/www.medienlb.com\/en\/produkt\/55507318-korallen\/","title":{"rendered":"Korallen"},"content":{"rendered":"<p>Korallenriffe sind komplexe \u00d6kosysteme, die Schutz und Nahrung f\u00fcr Fische, wirbellose Tiere und Algen bieten. Der Film zeigt den Aufbau von Korallen und Korallenriffen, ihre Merkmale und Wechselbeziehungen mit anderen Pflanzen, Lebewesen und dem Menschen. Er sensibilisiert f\u00fcr die Aufrechterhaltung des \u00d6kosystems, kl\u00e4rt \u00fcber die Folgen von z.\u202fB. Meeresverschmutzung oder \u00dcberfischung auf und appelliert an die Verantwortung des Einzelnen.<\/p>\n","protected":false},"excerpt":{"rendered":"<p>Korallenriffe sind komplexe \u00d6kosysteme, die Schutz und Nahrung f\u00fcr Fische, wirbellose Tiere und Algen bieten.<\/p>\n","protected":false},"featured_media":34699,"template":"","meta":{"_acf_changed":false},"product_brand":[],"product_cat":[70],"product_tag":[87,125],"class_list":{"0":"post-34689","1":"product","2":"type-product","3":"status-publish","4":"has-post-thumbnail","6":"product_cat-film","7":"product_tag-subject-biologie","8":"product_tag-target-sek-i","10":"first","11":"instock","12":"taxable","13":"shipping-taxable","14":"purchasable","15":"product-type-variable"},"acf":{"subtitle":"Arten, Lebensraum, Gefahren","article_id":"46505639 \/ 55507318","languages":"DE","thumb_up":false,"cover_image":34702,"linked_product":24918,"linked_products":null,"banner":{"show":true,"text":"","color":""},"length":"16:37 min","content_movie":"<ul>\r\n \t<li>Gesamtes Begleitmaterial: 64 Seiten<\/li>\r\n \t<li>Arbeitsbl\u00e4tter: 20 Seiten<\/li>\r\n \t<li>Testaufgaben: 20 Seiten<\/li>\r\n \t<li>Interaktive Aufgaben: 10<\/li>\r\n<\/ul>","learning_goals":"Die Sch\u00fclerinnen und Sch\u00fcler\r\n<ol>\r\n \t<li>beschreiben Beziehungen zwischen Lebewesen (R\u00e4uber-Beute-Beziehung).<\/li>\r\n \t<li>beschreiben die Angepasstheit von Lebewesen an Umweltfaktoren an ausgew\u00e4hlten Beispielen.<\/li>\r\n<\/ol>\r\nKompetenzen\r\n\r\nDie Sch\u00fclerinnen und Sch\u00fcler k\u00f6nnen\r\n<ol>\r\n \t<li>den Einfluss des Menschen auf \u00d6kosysteme im Hinblick auf nachhaltige Entwicklung bewerten.<\/li>\r\n \t<li>kritisch Aussagen zu naturwissenschaftlichen Themen pr\u00fcfen.<\/li>\r\n<\/ol>","preview_gif":34694,"trailer":{"file":34696,"url":"","image":34698},"mediathek_id":904,"amount":"","demo_url":"","h5p_demo_id":"","content_interactive":"","hide_numbers":false,"flyer":"","info_columns":null},"_links":{"self":[{"href":"https:\/\/www.medienlb.com\/en\/wp-json\/wp\/v2\/product\/34689","targetHints":{"allow":["GET"]}}],"collection":[{"href":"https:\/\/www.medienlb.com\/en\/wp-json\/wp\/v2\/product"}],"about":[{"href":"https:\/\/www.medienlb.com\/en\/wp-json\/wp\/v2\/types\/product"}],"acf:post":[{"embeddable":true,"href":"https:\/\/www.medienlb.com\/en\/wp-json\/wp\/v2\/product\/24918"}],"wp:featuredmedia":[{"embeddable":true,"href":"https:\/\/www.medienlb.com\/en\/wp-json\/wp\/v2\/media\/34699"}],"wp:attachment":[{"href":"https:\/\/www.medienlb.com\/en\/wp-json\/wp\/v2\/media?parent=34689"}],"wp:term":[{"taxonomy":"product_brand","embeddable":true,"href":"https:\/\/www.medienlb.com\/en\/wp-json\/wp\/v2\/product_brand?post=34689"},{"taxonomy":"product_cat","embeddable":true,"href":"https:\/\/www.medienlb.com\/en\/wp-json\/wp\/v2\/product_cat?post=34689"},{"taxonomy":"product_tag","embeddable":true,"href":"https:\/\/www.medienlb.com\/en\/wp-json\/wp\/v2\/product_tag?post=34689"}],"curies":[{"name":"wp","href":"https:\/\/api.w.org\/{rel}","templated":true}]}}