{"id":34658,"date":"2025-10-17T07:40:48","date_gmt":"2025-10-17T07:40:48","guid":{"rendered":"https:\/\/www.medienlb.com\/?post_type=product&#038;p=34658"},"modified":"2025-10-21T07:58:37","modified_gmt":"2025-10-21T07:58:37","slug":"55507319-digitaler-fussabdruck","status":"publish","type":"product","link":"https:\/\/www.medienlb.com\/en\/produkt\/55507319-digitaler-fussabdruck\/","title":{"rendered":"Digitaler Fu\u00dfabdruck"},"content":{"rendered":"<p>Juna nimmt uns mit auf eine spannende Reise durch Social Media. Sie zeigt, wie digitale Spuren entstehen \u2013 und warum sie uns sp\u00e4ter Probleme bereiten k\u00f6nnen. Ein Film \u00fcber Verantwortung, Datenschutz und den bewussten Umgang mit dem Internet.<\/p>\n","protected":false},"excerpt":{"rendered":"<p>Der Film zeigt, wie digitale Spuren entstehen, warum sie uns sp\u00e4ter Probleme bereiten k\u00f6nnen und wie wir uns sch\u00fctzen k\u00f6nnen.<\/p>\n","protected":false},"featured_media":34659,"template":"","meta":{"_acf_changed":false},"product_brand":[],"product_cat":[70],"product_tag":[77,125],"class_list":{"0":"post-34658","1":"product","2":"type-product","3":"status-publish","4":"has-post-thumbnail","6":"product_cat-film","7":"product_tag-subject-gesellschaft","8":"product_tag-target-sek-i","10":"first","11":"instock","12":"taxable","13":"shipping-taxable","14":"purchasable","15":"product-type-variable"},"acf":{"subtitle":"Digital Jungle","article_id":"46505640 \/ 55507319","languages":"DE","thumb_up":false,"cover_image":34667,"linked_product":[34642,34720],"linked_products":null,"banner":{"show":true,"text":"","color":""},"length":"10:39 min","content_movie":"<ul>\r\n \t<li>Gesamtes Begleitmaterial: 55 Seiten<\/li>\r\n \t<li>Arbeitsbl\u00e4tter: 20 Seiten<\/li>\r\n \t<li>Testaufgaben: 20 Seiten<\/li>\r\n \t<li>Interaktive Aufgaben: 10<\/li>\r\n<\/ul>","learning_goals":"Die Sch\u00fclerinnen und Sch\u00fcler\r\n<ol>\r\n \t<li>nennen in Grundz\u00fcgen alltagsrelevante gesetzliche Regelungen zum Umgang mit digitalen Daten.<\/li>\r\n \t<li>Sch\u00e4tzen die Verantwortung f\u00fcr publizierte Inhalte ein.<\/li>\r\n<\/ol>\r\nKompetenzen\r\n\r\nDie Sch\u00fclerinnen und Sch\u00fcler k\u00f6nnen\r\n<ol>\r\n \t<li>Verhaltensregeln im Umgang mit Medien einhalten und benennen<\/li>\r\n \t<li>Auswirkungen der medialen Selbstdarstellung absch\u00e4tzen und in Grundz\u00fcgen bewerten<\/li>\r\n<\/ol>","preview_gif":34672,"trailer":{"file":34670,"url":"","image":34665},"mediathek_id":903,"amount":"","demo_url":"","h5p_demo_id":"","content_interactive":"","hide_numbers":false,"flyer":"","info_columns":null},"_links":{"self":[{"href":"https:\/\/www.medienlb.com\/en\/wp-json\/wp\/v2\/product\/34658","targetHints":{"allow":["GET"]}}],"collection":[{"href":"https:\/\/www.medienlb.com\/en\/wp-json\/wp\/v2\/product"}],"about":[{"href":"https:\/\/www.medienlb.com\/en\/wp-json\/wp\/v2\/types\/product"}],"acf:post":[{"embeddable":true,"href":"https:\/\/www.medienlb.com\/en\/wp-json\/wp\/v2\/product\/34720"},{"embeddable":true,"href":"https:\/\/www.medienlb.com\/en\/wp-json\/wp\/v2\/product\/34642"}],"wp:featuredmedia":[{"embeddable":true,"href":"https:\/\/www.medienlb.com\/en\/wp-json\/wp\/v2\/media\/34659"}],"wp:attachment":[{"href":"https:\/\/www.medienlb.com\/en\/wp-json\/wp\/v2\/media?parent=34658"}],"wp:term":[{"taxonomy":"product_brand","embeddable":true,"href":"https:\/\/www.medienlb.com\/en\/wp-json\/wp\/v2\/product_brand?post=34658"},{"taxonomy":"product_cat","embeddable":true,"href":"https:\/\/www.medienlb.com\/en\/wp-json\/wp\/v2\/product_cat?post=34658"},{"taxonomy":"product_tag","embeddable":true,"href":"https:\/\/www.medienlb.com\/en\/wp-json\/wp\/v2\/product_tag?post=34658"}],"curies":[{"name":"wp","href":"https:\/\/api.w.org\/{rel}","templated":true}]}}