{"id":34642,"date":"2025-10-16T07:37:54","date_gmt":"2025-10-16T07:37:54","guid":{"rendered":"https:\/\/www.medienlb.com\/?post_type=product&#038;p=34642"},"modified":"2026-01-07T07:21:32","modified_gmt":"2026-01-07T07:21:32","slug":"55507292-clearnet-deep-web-darknet","status":"publish","type":"product","link":"https:\/\/www.medienlb.com\/en\/produkt\/55507292-clearnet-deep-web-darknet\/","title":{"rendered":"Clearnet, Deep Web, Darknet"},"content":{"rendered":"<p>Was steckt wirklich hinter dem Darknet?<\/p>\n<p>Der Film erkl\u00e4rt anschaulich die Unterschiede zwischen Clearnet, Deep Web und Darknet \u2013 und zeigt, warum Letzteres so faszinierend wie gef\u00e4hrlich ist. Mit eindrucksvollen Beispielen und klaren Warnungen sensibilisiert er f\u00fcr Risiken und Chancen der digitalen Schattenwelt. Ideal f\u00fcr Diskussionen im Unterricht.<\/p>\n","protected":false},"excerpt":{"rendered":"<p>Der Film erkl\u00e4rt anschaulich die Unterschiede zwischen Clearnet, Deep Web und Darknet \u2013 und zeigt, warum Letzteres so faszinierend wie gef\u00e4hrlich ist.<\/p>\n","protected":false},"featured_media":34643,"template":"","meta":{"_acf_changed":false},"product_brand":[],"product_cat":[70],"product_tag":[77,125],"class_list":{"0":"post-34642","1":"product","2":"type-product","3":"status-publish","4":"has-post-thumbnail","6":"product_cat-film","7":"product_tag-subject-gesellschaft","8":"product_tag-target-sek-i","10":"first","11":"instock","12":"taxable","13":"shipping-taxable","14":"purchasable","15":"product-type-variable"},"acf":{"subtitle":"Digital Jungle","article_id":"46505617 \/ 55507292","languages":"DE","thumb_up":true,"cover_image":34649,"linked_product":34658,"linked_products":null,"banner":{"show":true,"text":"","color":""},"length":"10:30 min","content_movie":"<ul>\r\n \t<li>Gesamtes Begleitmaterial: 55 Seiten<\/li>\r\n \t<li>Arbeitsbl\u00e4tter: 20 Seiten<\/li>\r\n \t<li>Testaufgaben: 20 Seiten<\/li>\r\n \t<li>Interaktive Aufgaben: 10<\/li>\r\n<\/ul>","learning_goals":"Die Sch\u00fclerinnen und Sch\u00fcler\r\n<ol>\r\n \t<li>wissen um gesellschaftliche Chancen und Risiken des Einsatzes informationstechnischer Systeme.<\/li>\r\n \t<li>nennen in Grundz\u00fcgen alltagsrelevante Regelungen zum Umgang mit digitalen Daten.<\/li>\r\n<\/ol>\r\nKompetenzen:\r\n\r\nDie Sch\u00fclerinnen und Sch\u00fcler k\u00f6nnen\r\n<ol>\r\n \t<li>\u00dcbertretungen rechtlicher und moralischer Grenzen in der digitalen Welt erkennen und daraus Regeln\u00a0 f\u00fcr das eigene soziale Verhalten ableiten.<\/li>\r\n \t<li>Themen recherchieren, Quellen ausw\u00e4hlen, Informationen erschlie\u00dfen und sinnvoll aufbereiten.<\/li>\r\n<\/ol>","preview_gif":34657,"trailer":{"file":34655,"url":"","image":34651},"mediathek_id":902,"amount":"","demo_url":"","h5p_demo_id":"","content_interactive":"","hide_numbers":false,"flyer":"","info_columns":null},"_links":{"self":[{"href":"https:\/\/www.medienlb.com\/en\/wp-json\/wp\/v2\/product\/34642","targetHints":{"allow":["GET"]}}],"collection":[{"href":"https:\/\/www.medienlb.com\/en\/wp-json\/wp\/v2\/product"}],"about":[{"href":"https:\/\/www.medienlb.com\/en\/wp-json\/wp\/v2\/types\/product"}],"acf:post":[{"embeddable":true,"href":"https:\/\/www.medienlb.com\/en\/wp-json\/wp\/v2\/product\/34658"}],"wp:featuredmedia":[{"embeddable":true,"href":"https:\/\/www.medienlb.com\/en\/wp-json\/wp\/v2\/media\/34643"}],"wp:attachment":[{"href":"https:\/\/www.medienlb.com\/en\/wp-json\/wp\/v2\/media?parent=34642"}],"wp:term":[{"taxonomy":"product_brand","embeddable":true,"href":"https:\/\/www.medienlb.com\/en\/wp-json\/wp\/v2\/product_brand?post=34642"},{"taxonomy":"product_cat","embeddable":true,"href":"https:\/\/www.medienlb.com\/en\/wp-json\/wp\/v2\/product_cat?post=34642"},{"taxonomy":"product_tag","embeddable":true,"href":"https:\/\/www.medienlb.com\/en\/wp-json\/wp\/v2\/product_tag?post=34642"}],"curies":[{"name":"wp","href":"https:\/\/api.w.org\/{rel}","templated":true}]}}