{"id":34630,"date":"2025-10-16T06:06:56","date_gmt":"2025-10-16T06:06:56","guid":{"rendered":"https:\/\/www.medienlb.com\/?post_type=product&#038;p=34630"},"modified":"2025-10-16T11:40:59","modified_gmt":"2025-10-16T11:40:59","slug":"55507293-erdzeitalter_jura","status":"publish","type":"product","link":"https:\/\/www.medienlb.com\/en\/produkt\/55507293-erdzeitalter_jura\/","title":{"rendered":"Erdzeitalter Jura"},"content":{"rendered":"<p>Vor rund 150 Millionen Jahren war die Fr\u00e4nkische Schweiz Teil eines tropischen Meeres. Der Film f\u00fchrt durch Schwarzen, Braunen und Wei\u00dfen Jura, zeigt Fossilien wie Ammoniten und Belemniten und erkl\u00e4rt, wie Schwammriffe und Dolomitfelsen entstanden. Ein spannender Blick in die Urzeit \u2013 mit Originalaufnahmen und Expertenwissen.<\/p>\n","protected":false},"excerpt":{"rendered":"<p>Vor rund 150 Millionen Jahren war die Fr\u00e4nkische Schweiz Teil eines tropischen Meeres.<\/p>\n","protected":false},"featured_media":34640,"template":"","meta":{"_acf_changed":false},"product_brand":[],"product_cat":[70],"product_tag":[87,91,125],"class_list":{"0":"post-34630","1":"product","2":"type-product","3":"status-publish","4":"has-post-thumbnail","6":"product_cat-film","7":"product_tag-subject-biologie","8":"product_tag-subject-geografie","9":"product_tag-target-sek-i","11":"first","12":"instock","13":"taxable","14":"shipping-taxable","15":"purchasable","16":"product-type-variable"},"acf":{"subtitle":"Ammoniten, Belemniten, Schw\u00e4mme","article_id":"46505618 \/ 55507293","languages":"DE","thumb_up":false,"cover_image":34653,"linked_product":14801,"linked_products":null,"banner":{"show":true,"text":"","color":""},"length":"16:37 min","content_movie":"<ul>\r\n \t<li>Gesamtes Begleitmaterial: 78 Seiten<\/li>\r\n \t<li>Arbeitsbl\u00e4tter: 20 Seiten<\/li>\r\n \t<li>Testaufgaben: 20 Seiten<\/li>\r\n \t<li>Interaktive Aufgaben: 10<\/li>\r\n<\/ul>","learning_goals":"Die Sch\u00fclerinnen und Sch\u00fcler\r\n<ol>\r\n \t<li>beschreiben charakteristische Oberfl\u00e4chenformen in Europa (z.B. Karsth\u00f6hle).<\/li>\r\n \t<li>Erl\u00e4utern die stammesgeschichtliche Entwicklung anhand eines Beispiels (z.B. Entwicklung der ersten Landwirbeltiere).<\/li>\r\n<\/ol>\r\nKompetenzen\r\n\r\nDie Sch\u00fclerinnen und Sch\u00fcler k\u00f6nnen\r\n<ol>\r\n \t<li>geographisch relevante Beurteilungskriterien erl\u00e4utern.<\/li>\r\n \t<li>Struktur- und Funktionsmodelle zur Veranschaulichung anwenden.<\/li>\r\n<\/ol>","preview_gif":34635,"trailer":{"file":34637,"url":"","image":34639},"mediathek_id":901,"amount":"","demo_url":"","h5p_demo_id":"","content_interactive":"","hide_numbers":false,"flyer":"","info_columns":null},"_links":{"self":[{"href":"https:\/\/www.medienlb.com\/en\/wp-json\/wp\/v2\/product\/34630","targetHints":{"allow":["GET"]}}],"collection":[{"href":"https:\/\/www.medienlb.com\/en\/wp-json\/wp\/v2\/product"}],"about":[{"href":"https:\/\/www.medienlb.com\/en\/wp-json\/wp\/v2\/types\/product"}],"acf:post":[{"embeddable":true,"href":"https:\/\/www.medienlb.com\/en\/wp-json\/wp\/v2\/product\/14801"}],"wp:featuredmedia":[{"embeddable":true,"href":"https:\/\/www.medienlb.com\/en\/wp-json\/wp\/v2\/media\/34640"}],"wp:attachment":[{"href":"https:\/\/www.medienlb.com\/en\/wp-json\/wp\/v2\/media?parent=34630"}],"wp:term":[{"taxonomy":"product_brand","embeddable":true,"href":"https:\/\/www.medienlb.com\/en\/wp-json\/wp\/v2\/product_brand?post=34630"},{"taxonomy":"product_cat","embeddable":true,"href":"https:\/\/www.medienlb.com\/en\/wp-json\/wp\/v2\/product_cat?post=34630"},{"taxonomy":"product_tag","embeddable":true,"href":"https:\/\/www.medienlb.com\/en\/wp-json\/wp\/v2\/product_tag?post=34630"}],"curies":[{"name":"wp","href":"https:\/\/api.w.org\/{rel}","templated":true}]}}