{"id":34601,"date":"2025-10-14T09:24:08","date_gmt":"2025-10-14T09:24:08","guid":{"rendered":"https:\/\/www.medienlb.com\/?post_type=product&#038;p=34601"},"modified":"2025-10-16T08:01:42","modified_gmt":"2025-10-16T08:01:42","slug":"55507320-wohlstand-ohne-wachstum","status":"publish","type":"product","link":"https:\/\/www.medienlb.com\/en\/produkt\/55507320-wohlstand-ohne-wachstum\/","title":{"rendered":"Wohlstand ohne Wachstum"},"content":{"rendered":"<p>Der Film hinterfragt das klassische Wachstumsmodell und zeigt Alternativen f\u00fcr eine nachhaltige Zukunft. In anschaulichen Szenen und Expertenstatements wird deutlich:<\/p>\n<p><!--more--><\/p>\n<p>Wohlstand bedeutet mehr als Konsum und BIP \u2013 es geht um Lebensqualit\u00e4t, soziale Gerechtigkeit und \u00f6kologische Verantwortung.<\/p>\n","protected":false},"excerpt":{"rendered":"<p>Der Film hinterfragt das klassische Wachstumsmodell und zeigt Alternativen f\u00fcr eine nachhaltige Zukunft.<\/p>\n","protected":false},"featured_media":34617,"template":"","meta":{"_acf_changed":false},"product_brand":[],"product_cat":[70],"product_tag":[77,117,125],"class_list":{"0":"post-34601","1":"product","2":"type-product","3":"status-publish","4":"has-post-thumbnail","6":"product_cat-film","7":"product_tag-subject-gesellschaft","8":"product_tag-subject-wirtschaft","9":"product_tag-target-sek-i","11":"first","12":"instock","13":"taxable","14":"shipping-taxable","15":"purchasable","16":"product-type-variable"},"acf":{"subtitle":"Politik, Wirtschaft, Lebensqualit\u00e4t","article_id":"46505641 \/ 55507320","languages":"DE","thumb_up":false,"cover_image":34620,"linked_product":20553,"linked_products":null,"banner":{"show":true,"text":"","color":"#323367"},"length":"15:46 min","content_movie":"<ul>\r\n \t<li>Gesamtes Begleitmaterial: 80 Seiten<\/li>\r\n \t<li>Arbeitsbl\u00e4tter: 20 Seiten<\/li>\r\n \t<li>Testaufgaben: 20 Seiten<\/li>\r\n \t<li>Interaktive Aufgaben: 10<\/li>\r\n<\/ul>","learning_goals":"Die Sch\u00fclerinnen und Sch\u00fcler\r\n<ol>\r\n \t<li>erkl\u00e4ren Unterschiede m\u00f6glicher Wirtschaftsordnungen mithilfe eines Gedankenexperiments und vergleichen die Rolle der Akteure darin.<\/li>\r\n \t<li>vergleichen konjunkturelle Phasen und beurteilen m\u00f6gliche Folgen f\u00fcr Verbraucher, Erwerbst\u00e4tige und Staat.<\/li>\r\n<\/ol>\r\n&nbsp;\r\n\r\nKompetenzen:\r\n\r\nDie Sch\u00fclerinnen und Sch\u00fcler k\u00f6nnen\r\n<ol>\r\n \t<li>M\u00f6glichkeiten und Grenzen \u00f6konomischen Verhaltens unter gesellschaftlichen Rahmenbedingungen und Nachhaltigkeitsaspekten analysieren.<\/li>\r\n \t<li>\u00f6konomisches Handeln unter Sach- und Wertaspekten kriterienorientiert bewerten.<\/li>\r\n<\/ol>","preview_gif":34605,"trailer":{"file":34607,"url":"","image":34609},"mediathek_id":900,"amount":"","demo_url":"","h5p_demo_id":"","content_interactive":"","hide_numbers":false,"flyer":"","info_columns":null},"_links":{"self":[{"href":"https:\/\/www.medienlb.com\/en\/wp-json\/wp\/v2\/product\/34601","targetHints":{"allow":["GET"]}}],"collection":[{"href":"https:\/\/www.medienlb.com\/en\/wp-json\/wp\/v2\/product"}],"about":[{"href":"https:\/\/www.medienlb.com\/en\/wp-json\/wp\/v2\/types\/product"}],"acf:post":[{"embeddable":true,"href":"https:\/\/www.medienlb.com\/en\/wp-json\/wp\/v2\/product\/20553"}],"wp:featuredmedia":[{"embeddable":true,"href":"https:\/\/www.medienlb.com\/en\/wp-json\/wp\/v2\/media\/34617"}],"wp:attachment":[{"href":"https:\/\/www.medienlb.com\/en\/wp-json\/wp\/v2\/media?parent=34601"}],"wp:term":[{"taxonomy":"product_brand","embeddable":true,"href":"https:\/\/www.medienlb.com\/en\/wp-json\/wp\/v2\/product_brand?post=34601"},{"taxonomy":"product_cat","embeddable":true,"href":"https:\/\/www.medienlb.com\/en\/wp-json\/wp\/v2\/product_cat?post=34601"},{"taxonomy":"product_tag","embeddable":true,"href":"https:\/\/www.medienlb.com\/en\/wp-json\/wp\/v2\/product_tag?post=34601"}],"curies":[{"name":"wp","href":"https:\/\/api.w.org\/{rel}","templated":true}]}}