{"id":34584,"date":"2025-10-14T05:52:12","date_gmt":"2025-10-14T05:52:12","guid":{"rendered":"https:\/\/www.medienlb.com\/?post_type=product&#038;p=34584"},"modified":"2025-10-14T13:48:20","modified_gmt":"2025-10-14T13:48:20","slug":"55507267-anna-wird-ein-star","status":"publish","type":"product","link":"https:\/\/www.medienlb.com\/en\/produkt\/55507267-anna-wird-ein-star\/","title":{"rendered":"Anna wird ein Star"},"content":{"rendered":"<p>Nachts im Wald beobachtet Anna die Hexe heimlich beim Singen in ihrem Hexenhaus. Mit ihrem Smartphone nimmt sie das heimlich auf, teilt es und wird pl\u00f6tzlich ein Star. Doch die Hexe bekommt Wind von Annas pl\u00f6tzlichem Ruhm\u2026<!--more--><\/p>\n<p>&nbsp;<\/p>\n<p>Der liebevoll animierte Film zeigt auf kindgerechte Weise die Problematik von Urheberrecht und sensibilisiert f\u00fcr einen verantwortungsvollen Umgang mit Fotografien und Videoaufnahmen.<\/p>\n<p>&nbsp;<\/p>\n","protected":false},"excerpt":{"rendered":"<p>Der liebevoll animierte Film zeigt auf kindgerechte Weise die Problematik von Urheberrecht und sensibilisiert f\u00fcr einen verantwortungsvollen Umgang mit Fotografien und Videoaufnahmen.<\/p>\n","protected":false},"featured_media":34591,"template":"","meta":{"_acf_changed":false},"product_brand":[],"product_cat":[70],"product_tag":[81,97,135,129],"class_list":{"0":"post-34584","1":"product","2":"type-product","3":"status-publish","4":"has-post-thumbnail","6":"product_cat-film","7":"product_tag-subject-elementarbereich","8":"product_tag-subject-grundschule","9":"product_tag-target-ele","10":"product_tag-target-gru","12":"first","13":"instock","14":"taxable","15":"shipping-taxable","16":"purchasable","17":"product-type-variable"},"acf":{"subtitle":"","article_id":"46505593 \/ 55507267","languages":"DE","thumb_up":false,"cover_image":34599,"linked_product":[34802],"linked_products":null,"banner":{"show":true,"text":"","color":""},"length":"9:59 min","content_movie":"Nachts im Wald beobachtet Anna die Hexe heimlich beim Singen in ihrem Hexenhaus. Mit ihrem Smartphone nimmt sie das heimlich auf, teilt es und wird pl\u00f6tzlich ein Star. Doch die Hexe bekommt Wind von Annas pl\u00f6tzlichem Ruhm\u2026\r\n\r\nDer liebevoll animierte Film zeigt auf kindgerechte Weise die Problematik von Urheberrecht und sensibilisiert f\u00fcr einen verantwortungsvollen Umgang mit Fotografien und Videoaufnahmen.","learning_goals":"Lernziele\r\n\r\nDie Sch\u00fclerinnen und Sch\u00fcler\r\n<ol>\r\n \t<li>bringen eigene Meinungen und Anliegen situationsangemessen ein.<\/li>\r\n \t<li>erkennen verschiedene Rollen in der Kommunikation und bei Texten (z.B. Dialog)<\/li>\r\n<\/ol>\r\n&nbsp;\r\n\r\nKompetenzen\r\n\r\nDie Sch\u00fclerinnen und Sch\u00fcler k\u00f6nnen\r\n<ol>\r\n \t<li>technische M\u00f6glichkeiten, sobald vorhanden, beim digitalen Kommunizieren in vertrauten und \u00fcberschaubaren Situationen nutzen.<\/li>\r\n \t<li>Gespr\u00e4chsanl\u00e4sse aufgreifen, nutzen und schaffen<\/li>\r\n<\/ol>","preview_gif":34586,"trailer":{"file":34588,"url":"","image":34594},"mediathek_id":899,"amount":"","demo_url":"","h5p_demo_id":"","content_interactive":"","hide_numbers":false,"flyer":"","info_columns":null},"_links":{"self":[{"href":"https:\/\/www.medienlb.com\/en\/wp-json\/wp\/v2\/product\/34584","targetHints":{"allow":["GET"]}}],"collection":[{"href":"https:\/\/www.medienlb.com\/en\/wp-json\/wp\/v2\/product"}],"about":[{"href":"https:\/\/www.medienlb.com\/en\/wp-json\/wp\/v2\/types\/product"}],"acf:post":[{"embeddable":true,"href":"https:\/\/www.medienlb.com\/en\/wp-json\/wp\/v2\/product\/34802"}],"wp:featuredmedia":[{"embeddable":true,"href":"https:\/\/www.medienlb.com\/en\/wp-json\/wp\/v2\/media\/34591"}],"wp:attachment":[{"href":"https:\/\/www.medienlb.com\/en\/wp-json\/wp\/v2\/media?parent=34584"}],"wp:term":[{"taxonomy":"product_brand","embeddable":true,"href":"https:\/\/www.medienlb.com\/en\/wp-json\/wp\/v2\/product_brand?post=34584"},{"taxonomy":"product_cat","embeddable":true,"href":"https:\/\/www.medienlb.com\/en\/wp-json\/wp\/v2\/product_cat?post=34584"},{"taxonomy":"product_tag","embeddable":true,"href":"https:\/\/www.medienlb.com\/en\/wp-json\/wp\/v2\/product_tag?post=34584"}],"curies":[{"name":"wp","href":"https:\/\/api.w.org\/{rel}","templated":true}]}}