{"id":34522,"date":"2025-10-09T13:37:47","date_gmt":"2025-10-09T13:37:47","guid":{"rendered":"https:\/\/www.medienlb.com\/?post_type=product&#038;p=34522"},"modified":"2025-10-10T11:46:47","modified_gmt":"2025-10-10T11:46:47","slug":"55507321-graffiti","status":"publish","type":"product","link":"https:\/\/www.medienlb.com\/en\/produkt\/55507321-graffiti\/","title":{"rendered":"Graffiti"},"content":{"rendered":"<p>Der Film zeigt die Geschichte, Techniken und Formen von Graffiti \u2013 von antiken Kritzeleien bis zur modernen Street Art. K\u00fcnstlerinnen und K\u00fcnstler geben Einblicke in ihre Motivation, und es wird erkl\u00e4rt, wo legales Sprayen m\u00f6glich ist \u2013 spannend, kreativ und gesellschaftlich relevant.<\/p>\n","protected":false},"excerpt":{"rendered":"<p>Der Film zeigt die Geschichte, Techniken und Formen von Graffiti \u2013 von antiken Kritzeleien bis zur modernen Street Art.<\/p>\n","protected":false},"featured_media":34532,"template":"","meta":{"_acf_changed":false},"product_brand":[],"product_cat":[70],"product_tag":[77,85,125,127],"class_list":{"0":"post-34522","1":"product","2":"type-product","3":"status-publish","4":"has-post-thumbnail","6":"product_cat-film","7":"product_tag-subject-gesellschaft","8":"product_tag-subject-kunst","9":"product_tag-target-sek-i","10":"product_tag-target-sek-ii","12":"first","13":"instock","14":"taxable","15":"shipping-taxable","16":"purchasable","17":"product-type-variable"},"acf":{"subtitle":"Entwicklung, Technik, Rechtslage","article_id":"46505642 \/ 55507321","languages":"DE","thumb_up":false,"cover_image":34535,"linked_product":6933,"linked_products":null,"banner":{"show":true,"text":"","color":""},"length":"16:10 min","content_movie":"Der Film zeigt die Geschichte, Techniken und Formen von Graffiti \u2013 von antiken Kritzeleien bis zur modernen Street Art. K\u00fcnstlerinnen und K\u00fcnstler geben Einblicke in ihre Motivation, und es wird erkl\u00e4rt, wo legales Sprayen m\u00f6glich ist \u2013 spannend, kreativ und gesellschaftlich relevant.","learning_goals":"Lernziele\r\n\r\nDie Sch\u00fclerinnen und Sch\u00fcler\r\n<ol>\r\n \t<li>rezipieren performative Kunstformen<\/li>\r\n \t<li>erschlie\u00dfen sich performative Kunstformen (z.B. Urban-Art)<\/li>\r\n<\/ol>\r\nKompetenzen:\r\n\r\nDie Sch\u00fclerinnen und Sch\u00fcler k\u00f6nnen\r\n<ol>\r\n \t<li>sich sachgerecht und wertsch\u00e4tzend mit einem grundlegenden, angemessenen fachsprachlichen Repertoire zu fremden und eigenen Bildern artikulieren<\/li>\r\n \t<li>eigenst\u00e4ndig Prozesse und Projekte entwickeln, strukturieren und verwirklichen<\/li>\r\n<\/ol>","preview_gif":34527,"trailer":{"file":34529,"url":"","image":34531},"mediathek_id":898,"amount":"","demo_url":"","h5p_demo_id":"","content_interactive":"","hide_numbers":false,"flyer":"","info_columns":null},"_links":{"self":[{"href":"https:\/\/www.medienlb.com\/en\/wp-json\/wp\/v2\/product\/34522","targetHints":{"allow":["GET"]}}],"collection":[{"href":"https:\/\/www.medienlb.com\/en\/wp-json\/wp\/v2\/product"}],"about":[{"href":"https:\/\/www.medienlb.com\/en\/wp-json\/wp\/v2\/types\/product"}],"acf:post":[{"embeddable":true,"href":"https:\/\/www.medienlb.com\/en\/wp-json\/wp\/v2\/product\/6933"}],"wp:featuredmedia":[{"embeddable":true,"href":"https:\/\/www.medienlb.com\/en\/wp-json\/wp\/v2\/media\/34532"}],"wp:attachment":[{"href":"https:\/\/www.medienlb.com\/en\/wp-json\/wp\/v2\/media?parent=34522"}],"wp:term":[{"taxonomy":"product_brand","embeddable":true,"href":"https:\/\/www.medienlb.com\/en\/wp-json\/wp\/v2\/product_brand?post=34522"},{"taxonomy":"product_cat","embeddable":true,"href":"https:\/\/www.medienlb.com\/en\/wp-json\/wp\/v2\/product_cat?post=34522"},{"taxonomy":"product_tag","embeddable":true,"href":"https:\/\/www.medienlb.com\/en\/wp-json\/wp\/v2\/product_tag?post=34522"}],"curies":[{"name":"wp","href":"https:\/\/api.w.org\/{rel}","templated":true}]}}