{"id":34504,"date":"2025-10-06T09:13:52","date_gmt":"2025-10-06T09:13:52","guid":{"rendered":"https:\/\/www.medienlb.com\/?post_type=product&#038;p=34504"},"modified":"2026-01-08T12:31:40","modified_gmt":"2026-01-08T12:31:40","slug":"55508221-teekesselwoerter","status":"publish","type":"product","link":"https:\/\/www.medienlb.com\/en\/produkt\/55508221-teekesselwoerter\/","title":{"rendered":"Teekesselw\u00f6rter"},"content":{"rendered":"<p>In 10 liebevoll illustrierten interaktiven Aufgaben entdecken Sch\u00fclerinnen und Sch\u00fcler W\u00f6rter mit doppelter Bedeutung und \u00fcben hierbei Rechtschreibung und Zeichensetzung.<\/p>\n","protected":false},"excerpt":{"rendered":"<p>In 10 liebevoll illustrierten interaktiven Aufgaben entdecken Sch\u00fclerinnen und Sch\u00fcler W\u00f6rter mit doppelter Bedeutung und \u00fcben hierbei Rechtschreibung und Zeichensetzung.<\/p>\n","protected":false},"featured_media":36230,"template":"","meta":{"_acf_changed":false},"product_brand":[],"product_cat":[180],"product_tag":[97,129],"class_list":{"0":"post-34504","1":"product","2":"type-product","3":"status-publish","4":"has-post-thumbnail","6":"product_cat-interaktive-lerneinheit","7":"product_tag-subject-grundschule","8":"product_tag-target-gru","10":"first","11":"instock","12":"taxable","13":"shipping-taxable","14":"purchasable","15":"product-type-variable"},"acf":{"subtitle":"Deutsch 3\/4, Vol. 1","article_id":"55508221","languages":"DE","thumb_up":false,"cover_image":36237,"linked_product":34362,"linked_products":null,"banner":{"show":true,"text":"","color":""},"length":"","content_movie":"","learning_goals":"","preview_gif":"","trailer":{"file":"","url":"","image":""},"mediathek_id":"","amount":10,"demo_url":"","h5p_demo_id":218,"content_interactive":"Teekesselw\u00f6rter Rolle - Zelle\r\nTeekesselw\u00f6rter Einlage - Lager\r\nTeekesselw\u00f6rter Krone - Bindung\r\nTeekesselwort Kopf + Redewendungen\r\nTeekesselwort Spitze\r\nTeekesselwort Satz\r\nTeekesselwort Schlauch\r\nTeekesselwort Netz\r\nBastelvorlagen zum Teekesselwort Netz\r\nKreuzwortr\u00e4tsel Teekesselw\u00f6rter","hide_numbers":false,"flyer":"","info_columns":null},"_links":{"self":[{"href":"https:\/\/www.medienlb.com\/en\/wp-json\/wp\/v2\/product\/34504","targetHints":{"allow":["GET"]}}],"collection":[{"href":"https:\/\/www.medienlb.com\/en\/wp-json\/wp\/v2\/product"}],"about":[{"href":"https:\/\/www.medienlb.com\/en\/wp-json\/wp\/v2\/types\/product"}],"acf:post":[{"embeddable":true,"href":"https:\/\/www.medienlb.com\/en\/wp-json\/wp\/v2\/product\/34362"}],"wp:featuredmedia":[{"embeddable":true,"href":"https:\/\/www.medienlb.com\/en\/wp-json\/wp\/v2\/media\/36230"}],"wp:attachment":[{"href":"https:\/\/www.medienlb.com\/en\/wp-json\/wp\/v2\/media?parent=34504"}],"wp:term":[{"taxonomy":"product_brand","embeddable":true,"href":"https:\/\/www.medienlb.com\/en\/wp-json\/wp\/v2\/product_brand?post=34504"},{"taxonomy":"product_cat","embeddable":true,"href":"https:\/\/www.medienlb.com\/en\/wp-json\/wp\/v2\/product_cat?post=34504"},{"taxonomy":"product_tag","embeddable":true,"href":"https:\/\/www.medienlb.com\/en\/wp-json\/wp\/v2\/product_tag?post=34504"}],"curies":[{"name":"wp","href":"https:\/\/api.w.org\/{rel}","templated":true}]}}