{"id":34442,"date":"2025-10-01T06:27:46","date_gmt":"2025-10-01T06:27:46","guid":{"rendered":"https:\/\/www.medienlb.com\/?post_type=product&#038;p=34442"},"modified":"2026-02-26T10:50:26","modified_gmt":"2026-02-26T10:50:26","slug":"loona-petbot","status":"publish","type":"product","link":"https:\/\/www.medienlb.com\/en\/produkt\/loona-petbot\/","title":{"rendered":"Petbot \u201eLoona\u201c"},"content":{"rendered":"<p data-start=\"222\" data-end=\"477\">Der Petbot ist ein kleiner, lernf\u00e4higer Roboterhund, der moderne KI-Technologie mit spielerischem Design verbindet. Er reagiert auf Stimme, Bewegung und Ber\u00fchrung, zeigt Emotionen, erkundet selbstst\u00e4ndig ihre Umgebung und bietet vielseitige Einsatzm\u00f6glichkeiten \u2013 sowohl zu Hause als auch im Bildungsbereich. In Kombination mit ChatGPT\u00a0 f\u00fchrt er Gespr\u00e4che, beantwortet Fragen und beherrscht Lernspiele.<\/p>\n<hr \/>\n<p>Preis inkl. MwSt. zuz\u00fcglich 11,50 EUR Versandkosten<\/p>\n","protected":false},"excerpt":{"rendered":"<p>Der lernf\u00e4hige Roboterhund, der moderne KI-Technologie mit spielerischem Design verbindet.<\/p>\n","protected":false},"featured_media":34484,"template":"","meta":{"_acf_changed":false},"product_brand":[],"product_cat":[75],"product_tag":[],"class_list":{"0":"post-34442","1":"product","2":"type-product","3":"status-publish","4":"has-post-thumbnail","6":"product_cat-hardware","7":"product_shipping_class-hardware-versand","9":"first","10":"instock","11":"taxable","12":"shipping-taxable","13":"purchasable","14":"product-type-variable"},"acf":{"subtitle":"interaktiver KI - Roboterhund","article_id":"MS_42","languages":"DE","thumb_up":false,"cover_image":"","linked_product":"","linked_products":null,"banner":{"show":true,"text":"","color":""},"length":"","content_movie":"","learning_goals":"","preview_gif":"","trailer":{"file":"","url":"","image":""},"mediathek_id":"","amount":"","demo_url":"","h5p_demo_id":"","content_interactive":"","hide_numbers":false,"flyer":34501,"info_columns":[{"heading":"","content":"Erleben Sie mit Loona eine neue Generation interaktiver KI-Roboter \u2013 ein freundlicher, intelligenter Roboterhund, der wie ein lebendiger Begleiter wirkt. Loona ist ein AI-gesteuertes Robotertier, das durch einen leistungsstarken neuronalen Prozessor \u00fcber 5 Billionen Berechnungen pro Sekunde durchf\u00fchren kann. So versteht sie Sprachbefehle, kann nat\u00fcrlich kommunizieren, neue Sprachen lehren, Fragen beantworten und interaktive Spiele spielen \u2013 alles dank Integration des ChatGPT-Sprachmodells.\r\n<strong>\r\nIm Lieferumfang enthalten:<\/strong>\r\n\r\nLoona Petdog\u00a0 (ca. 1,1 Kg\r\nmit Lithium-Ionen Akku (fix verbaut)\r\nLadestation\r\nUSB-C Kabel\r\nBedienungsanleitung\r\nLeitfaden\r\nVersandabmessungen: 48,26 x 45,72 x 45,72 cm;\r\n\r\n<hr \/>\r\n\r\n<img class=\"transparent\" src=\"https:\/\/de.keyirobot.com\/cdn\/shop\/files\/logo2_9fd7c1e4-b3df-49d4-91f4-ba9adcc335b5_120x.png?v=1680488264\" alt=\"https:\/\/de.keyirobot.com\/cdn\/shop\/files\/logo2_9fd7c1e4-b3df-49d4-91f4-ba9adcc335b5_120x.png?v=1680488264\" \/><a href=\"https:\/\/de.keyirobot.com\/\">Link zum Hersteller<\/a>"},{"heading":"","content":"<strong>Eigenschaften<\/strong>\r\n<ul data-start=\"499\" data-end=\"761\">\r\n \t<li data-start=\"499\" data-end=\"539\">Sprachsteuerung und Gesten\u00aderkennung<\/li>\r\n \t<li data-start=\"540\" data-end=\"576\">Reagiert auf Ber\u00fchrung und Mimik<\/li>\r\n \t<li data-start=\"577\" data-end=\"619\">Integrierte Kamera mit Objekterkennung<\/li>\r\n \t<li data-start=\"768\" data-end=\"828\">ChatGPT-Integration f\u00fcr Gespr\u00e4che, Fragen und Lernspiele<\/li>\r\n \t<li data-start=\"829\" data-end=\"875\">3D-ToF-LiDAR-Sensor f\u00fcr sichere Navigation<\/li>\r\n \t<li>Programmierbar \u00fcber die App (Blockly\/Python)<\/li>\r\n \t<li data-start=\"620\" data-end=\"664\">Autonome Bewegungen, Hindernisvermeidung<\/li>\r\n \t<li data-start=\"665\" data-end=\"722\">Lern- und Ged\u00e4chtnisfunktionen, Spielmodi, kontinuierliche Software-Updates<\/li>\r\n \t<li data-start=\"723\" data-end=\"761\">Kompakte Bauweise, robustes Design<\/li>\r\n \t<li data-start=\"723\" data-end=\"761\">Autonomes Aufladen durch R\u00fcckkehr zur Ladestation<\/li>\r\n<\/ul>"},{"heading":"","content":"<strong>Einsatzm\u00f6glichkeiten in der Schule<\/strong>\r\n<ul data-start=\"791\" data-end=\"1118\">\r\n \t<li data-start=\"791\" data-end=\"843\">Einf\u00fchrung in Robotik und KI-Mechanismen:\r\nSch\u00fclerinnen und Sch\u00fcler k\u00f6nnen Loona \u00fcber die Programmieroberfl\u00e4che programmieren (Blockly\/Python)<\/li>\r\n \t<li data-start=\"791\" data-end=\"843\">Soziale Kompetenzen: F\u00f6rderung von Teamarbeit und Empathie durch gemeinsame Interaktionen.<\/li>\r\n \t<li>Medienbildung: Diskussionen \u00fcber Chancen und Grenzen von KI im Altlag<\/li>\r\n \t<li>Kreative F\u00e4cher: Loona als \u201edigitaler Schauspielpartner\u201c in Rollenspielen oder Projekten.<\/li>\r\n \t<li>Einsatz als motivierendes Element im Unterricht (z. B. Pr\u00e4sentationen, Projekttage)<\/li>\r\n<\/ul>\r\n&nbsp;"}]},"_links":{"self":[{"href":"https:\/\/www.medienlb.com\/en\/wp-json\/wp\/v2\/product\/34442","targetHints":{"allow":["GET"]}}],"collection":[{"href":"https:\/\/www.medienlb.com\/en\/wp-json\/wp\/v2\/product"}],"about":[{"href":"https:\/\/www.medienlb.com\/en\/wp-json\/wp\/v2\/types\/product"}],"wp:featuredmedia":[{"embeddable":true,"href":"https:\/\/www.medienlb.com\/en\/wp-json\/wp\/v2\/media\/34484"}],"wp:attachment":[{"href":"https:\/\/www.medienlb.com\/en\/wp-json\/wp\/v2\/media?parent=34442"}],"wp:term":[{"taxonomy":"product_brand","embeddable":true,"href":"https:\/\/www.medienlb.com\/en\/wp-json\/wp\/v2\/product_brand?post=34442"},{"taxonomy":"product_cat","embeddable":true,"href":"https:\/\/www.medienlb.com\/en\/wp-json\/wp\/v2\/product_cat?post=34442"},{"taxonomy":"product_tag","embeddable":true,"href":"https:\/\/www.medienlb.com\/en\/wp-json\/wp\/v2\/product_tag?post=34442"}],"curies":[{"name":"wp","href":"https:\/\/api.w.org\/{rel}","templated":true}]}}