{"id":34362,"date":"2025-09-26T06:34:37","date_gmt":"2025-09-26T06:34:37","guid":{"rendered":"https:\/\/www.medienlb.com\/?post_type=product&#038;p=34362"},"modified":"2026-01-08T12:35:16","modified_gmt":"2026-01-08T12:35:16","slug":"55507912-teekesselwoerter","status":"publish","type":"product","link":"https:\/\/www.medienlb.com\/en\/produkt\/55507912-teekesselwoerter\/","title":{"rendered":"Teekesselw\u00f6rter"},"content":{"rendered":"<p>In 50 liebevoll illustrierten interaktiven Aufgaben entdecken Sch\u00fclerinnen und Sch\u00fcler W\u00f6rter mit doppelter Bedeutung und \u00fcben hierbei Rechtschreibung und Zeichensetzung.<\/p>\n","protected":false},"excerpt":{"rendered":"<p>In 50 liebevoll illustrierten interaktiven Aufgaben entdecken Sch\u00fclerinnen und Sch\u00fcler W\u00f6rter mit doppelter Bedeutung und \u00fcben hierbei Rechtschreibung und Zeichensetzung.<\/p>\n","protected":false},"featured_media":36228,"template":"","meta":{"_acf_changed":false},"product_brand":[],"product_cat":[181],"product_tag":[97,129],"class_list":{"0":"post-34362","1":"product","2":"type-product","3":"status-publish","4":"has-post-thumbnail","6":"product_cat-interaktives-arbeitsheft","7":"product_tag-subject-grundschule","8":"product_tag-target-gru","10":"first","11":"instock","12":"taxable","13":"shipping-taxable","14":"purchasable","15":"product-type-variable"},"acf":{"subtitle":"Deutsch 3\/4","article_id":"55507912","languages":"DE","thumb_up":false,"cover_image":36241,"linked_product":34504,"linked_products":null,"banner":{"show":true,"text":"","color":""},"length":"","content_movie":"","learning_goals":"","preview_gif":"","trailer":{"file":"","url":"","image":""},"mediathek_id":"","amount":50,"demo_url":"","h5p_demo_id":215,"content_interactive":"Teekesselw\u00f6rter - Erkl\u00e4rung\r\nTeekesselw\u00f6rter Bett - Fall - Schimmel - Arme\r\nTeekesselw\u00f6rter Waage - Zug - St\u00e4bchen - Absatz\r\nTeekesselw\u00f6rter Eis - Bank - L\u00f6sung - Schalter\r\nTeekesselw\u00f6rter Tor - Mine - Schnecke - Birne\r\nTeekesselw\u00f6rter Ball - Harz - Hahn - Strau\u00df\r\nTeekesselw\u00f6rter Bahn - Horn - Fu\u00df - Turm\r\nTeekesselw\u00f6rter Masche - Zahn - Bart - Pass\r\nTeekesselw\u00f6rter Linse - Br\u00fccke - Stollen - K\u00f6nig\r\nTeekesselw\u00f6rter Mutter - Riegel - Schweif - Kost\u00fcm\r\nTeekesselw\u00f6rter Fliege - L\u00f6ffel - Maus - Schloss\r\nTeekesselw\u00f6rter Klammer - Fl\u00fcgel - Ton - Barren\r\nTeekesselw\u00f6rter L\u00f6wenzahn - Ballon - Kiefer - Dame\r\nTeekesselw\u00f6rter Blume - Futter - Leiter - Fingerhut\r\nTeekesselw\u00f6rter Hals - Puppe - Drohne - Leitung\r\nTeekesselw\u00f6rter Schnitte - Nadel - Bl\u00fcte - Druck\r\nTeekesselw\u00f6rter Kohle - K\u00f6nigin - Muster - Strich\r\nTeekesselw\u00f6rter Zunge - Stempel - M\u00fchle - Nagel\r\nTeekesselw\u00f6rter Note - Schild - Zehe - Kiwi\r\nTeekesselw\u00f6rter Decke - Feder - Kette - Stift\r\nTeekesselw\u00f6rter Becken - Strudel - Gelenk - Stock\r\nTeekesselw\u00f6rter Katzenauge - Schuppen - Knoten - Film\r\nTeekesselw\u00f6rter Gericht - Bienenstich - Wurzel - Kreuzung\r\nTeekesselw\u00f6rter Kamm - Mantel - Steuer - Weide\r\nTeekesselw\u00f6rter Schnalle - Golf - Boxer - Tafel\r\nTeekesselw\u00f6rter Scheibe - Sendung - Panzer - Wurf\r\nTeekesselw\u00f6rter Plan - Rippe - Schlange - Knie\r\nTeekesselw\u00f6rter Bock - Griff - Rad - Gef\u00e4\u00df\r\nTeekesselw\u00f6rter Artikel - Instrument - Umzug - Trommel\r\nTeekesselw\u00f6rter Pony - Ader - Kapelle - Schraube\r\nTeekesselw\u00f6rter Geschirr - Star - Beine - Reifen\r\nTeekesselw\u00f6rter Glas - Karte - Tau - Blatt\r\nTeekesselw\u00f6rter Gang - Bau - Korb - Schule\r\nTeekesselw\u00f6rter R\u00fccken - Schnitt - L\u00e4ufer - Anh\u00e4nger\r\nTeekesselw\u00f6rter Gehalt - Sitz - Erde - Fach\r\nTeekesselw\u00f6rter L\u00f6sung - Fuchs - Sattel - Schale\r\nTeekesselw\u00f6rter Pflaster - Bohne - Krebs - Bauer\r\nTeekesselw\u00f6rter Schiene - Filter - Kelch - Men\u00fc\r\nTeekesselw\u00f6rter Schirm - Verl\u00e4ngerung - Umschlag\r\nTeekesselw\u00f6rter Grund - Spritze - Legende\r\nTeekesselw\u00f6rter Einsatz - Schwindel - Block\r\nTeekesselw\u00f6rter - Passende Bilder zuordnen (1)\r\nTeekesselw\u00f6rter - Passende Bilder zuordnen (2)\r\nTeekesselw\u00f6rter - Multiple Choice-Aufgaben (1)\r\nTeekesselw\u00f6rter - Multiple Choice-Aufgaben (2)\r\nTeekesselw\u00f6rter - Multiple Choice-Aufgaben (3)\r\nTeekesselw\u00f6rter - Multiple Choice-Aufgaben (4)\r\nKreuzwortr\u00e4tsel mit Teekesselw\u00f6rtern\r\nDreieckpuzzle Teekesselw\u00f6rter\r\n\u00dcbungss\u00e4tze + Lehrerinfo zu Teekesselw\u00f6rtern","hide_numbers":false,"flyer":"","info_columns":null},"_links":{"self":[{"href":"https:\/\/www.medienlb.com\/en\/wp-json\/wp\/v2\/product\/34362","targetHints":{"allow":["GET"]}}],"collection":[{"href":"https:\/\/www.medienlb.com\/en\/wp-json\/wp\/v2\/product"}],"about":[{"href":"https:\/\/www.medienlb.com\/en\/wp-json\/wp\/v2\/types\/product"}],"acf:post":[{"embeddable":true,"href":"https:\/\/www.medienlb.com\/en\/wp-json\/wp\/v2\/product\/34504"}],"wp:featuredmedia":[{"embeddable":true,"href":"https:\/\/www.medienlb.com\/en\/wp-json\/wp\/v2\/media\/36228"}],"wp:attachment":[{"href":"https:\/\/www.medienlb.com\/en\/wp-json\/wp\/v2\/media?parent=34362"}],"wp:term":[{"taxonomy":"product_brand","embeddable":true,"href":"https:\/\/www.medienlb.com\/en\/wp-json\/wp\/v2\/product_brand?post=34362"},{"taxonomy":"product_cat","embeddable":true,"href":"https:\/\/www.medienlb.com\/en\/wp-json\/wp\/v2\/product_cat?post=34362"},{"taxonomy":"product_tag","embeddable":true,"href":"https:\/\/www.medienlb.com\/en\/wp-json\/wp\/v2\/product_tag?post=34362"}],"curies":[{"name":"wp","href":"https:\/\/api.w.org\/{rel}","templated":true}]}}