{"id":34345,"date":"2025-09-26T05:14:58","date_gmt":"2025-09-26T05:14:58","guid":{"rendered":"https:\/\/www.medienlb.com\/?post_type=product&#038;p=34345"},"modified":"2026-01-07T07:23:42","modified_gmt":"2026-01-07T07:23:42","slug":"55507251-bauernkrieg","status":"publish","type":"product","link":"https:\/\/www.medienlb.com\/en\/produkt\/55507251-bauernkrieg\/","title":{"rendered":"Bauernkrieg"},"content":{"rendered":"<p>Der Film beleuchtet Ursachen, Verlauf und Folgen des Aufstands von 1524\u20131526. Eindrucksvolle Spielszenen mit historischen Kost\u00fcmen lassen die dramatischen Ereignisse lebendig werden. Der Film zeigt, wie sich die Bauern gegen soziale Ungerechtigkeit erhoben \u2013 ein Wendepunkt der deutschen Geschichte.<\/p>\n","protected":false},"excerpt":{"rendered":"<p>Der Film beleuchtet Ursachen, Verlauf und Folgen des Aufstands von 1524\u20131526.<\/p>\n","protected":false},"featured_media":34346,"template":"","meta":{"_acf_changed":false},"product_brand":[],"product_cat":[70],"product_tag":[109,125],"class_list":{"0":"post-34345","1":"product","2":"type-product","3":"status-publish","4":"has-post-thumbnail","6":"product_cat-film","7":"product_tag-subject-geschichte","8":"product_tag-target-sek-i","10":"first","11":"instock","12":"taxable","13":"shipping-taxable","14":"purchasable","15":"product-type-variable"},"acf":{"subtitle":"Ursachen, Verlauf, Auswirkung","article_id":"46505579 \/ 55507251","languages":"DE","thumb_up":true,"cover_image":34360,"linked_product":9536,"linked_products":null,"banner":{"show":true,"text":"","color":""},"length":"15:32 min","content_movie":"Der Film beleuchtet Ursachen, Verlauf und Folgen des Aufstands von 1524\u20131526. Eindrucksvolle Spielszenen mit historischen Kost\u00fcmen lassen die dramatischen Ereignisse lebendig werden. Der Film zeigt, wie sich die Bauern gegen soziale Ungerechtigkeit erhoben \u2013 ein Wendepunkt der deutschen Geschichte.","learning_goals":"Lernziele\r\n\r\nDie Sch\u00fclerinnen und Sch\u00fcler\r\n<ol>\r\n \t<li>charakterisieren den Epochenwechsel vom Mittelalter zur Neuzeit und erl\u00e4utern seine Erscheinungsformen im Alltag.<\/li>\r\n \t<li>charakterisieren die Reformation als Umbruch und erl\u00e4utern ihre politischen Folgen.<\/li>\r\n<\/ol>\r\nKompetenzen\r\n\r\nDie Sch\u00fclerinnen und Sch\u00fcler k\u00f6nnen\r\n<ol>\r\n \t<li>unterschiedliche Materialien auch unter Einbeziehung digitaler Medien kritisch analysieren.<\/li>\r\n \t<li>Z\u00e4suren und Kontinuit\u00e4ten benennen und in ihrer Bedeutung beurteilen.<\/li>\r\n<\/ol>","preview_gif":34353,"trailer":{"file":34351,"url":"","image":34355},"mediathek_id":897,"amount":"","demo_url":"","h5p_demo_id":"","content_interactive":"","hide_numbers":false,"flyer":"","info_columns":null},"_links":{"self":[{"href":"https:\/\/www.medienlb.com\/en\/wp-json\/wp\/v2\/product\/34345","targetHints":{"allow":["GET"]}}],"collection":[{"href":"https:\/\/www.medienlb.com\/en\/wp-json\/wp\/v2\/product"}],"about":[{"href":"https:\/\/www.medienlb.com\/en\/wp-json\/wp\/v2\/types\/product"}],"acf:post":[{"embeddable":true,"href":"https:\/\/www.medienlb.com\/en\/wp-json\/wp\/v2\/product\/9536"}],"wp:featuredmedia":[{"embeddable":true,"href":"https:\/\/www.medienlb.com\/en\/wp-json\/wp\/v2\/media\/34346"}],"wp:attachment":[{"href":"https:\/\/www.medienlb.com\/en\/wp-json\/wp\/v2\/media?parent=34345"}],"wp:term":[{"taxonomy":"product_brand","embeddable":true,"href":"https:\/\/www.medienlb.com\/en\/wp-json\/wp\/v2\/product_brand?post=34345"},{"taxonomy":"product_cat","embeddable":true,"href":"https:\/\/www.medienlb.com\/en\/wp-json\/wp\/v2\/product_cat?post=34345"},{"taxonomy":"product_tag","embeddable":true,"href":"https:\/\/www.medienlb.com\/en\/wp-json\/wp\/v2\/product_tag?post=34345"}],"curies":[{"name":"wp","href":"https:\/\/api.w.org\/{rel}","templated":true}]}}