{"id":34246,"date":"2025-09-19T09:50:29","date_gmt":"2025-09-19T09:50:29","guid":{"rendered":"https:\/\/www.medienlb.com\/?post_type=product&#038;p=34246"},"modified":"2026-03-18T08:20:15","modified_gmt":"2026-03-18T08:20:15","slug":"tinkerqube","status":"publish","type":"product","link":"https:\/\/www.medienlb.com\/en\/produkt\/tinkerqube\/","title":{"rendered":"TinkerQube\u00ae"},"content":{"rendered":"<p>Die Konstruktion aus Buchenholz l\u00e4sst sich leicht zusammenbauen und bietet den r\u00e4umlichen Rahmen f\u00fcr kreatives Lernen, durch praktisches Experimentieren und spannende Installationen.<\/p>\n<p>Die geliederte Raumstruktur erleichtert die Gestaltung von Aktivit\u00e4ten rund um Stop-Motion, Kunst \u2013 und Technikinstallationen, Kugelbahnen und vieles mehr.<\/p>\n<p>Das Lochsystem (32 mm) von TinkerQube\u00ae ist au\u00dferdem mit LEGO Technic und dem M\u00f6belbau-Rastersystem kompatibel,\u00a0 &#8211; grunds\u00e4tzlich bietet die Rasterbohrung in den Rahmenementen unendlich viele Montagem\u00f6glichkeiten.<\/p>\n<p>Die Lochplatte aus Kiefernsperrholz dient als Bodenplatte f\u00fcr die meisten Projekte, kann aber auch beliebig anders eingebaut werden.<\/p>\n<hr \/>\n<p><span style=\"color: #0000ff;\"><a style=\"color: #0000ff;\" href=\"https:\/\/www.upfind.dk\/\" target=\"_blank\" rel=\"noopener\"><img loading=\"lazy\" decoding=\"async\" class=\"alignnone wp-image-34284\" src=\"https:\/\/www.medienlb.com\/wp-content\/uploads\/2025\/09\/2025-09-22-08_22_50-TINKERQUBE-_-by-Upfind-\u2013-Originalprofil-\u2013-Mozilla-Firefox-300x117.png\" alt=\"\" width=\"215\" height=\"84\" srcset=\"https:\/\/www.medienlb.com\/wp-content\/uploads\/2025\/09\/2025-09-22-08_22_50-TINKERQUBE-_-by-Upfind-\u2013-Originalprofil-\u2013-Mozilla-Firefox-300x117.png 300w, https:\/\/www.medienlb.com\/wp-content\/uploads\/2025\/09\/2025-09-22-08_22_50-TINKERQUBE-_-by-Upfind-\u2013-Originalprofil-\u2013-Mozilla-Firefox.png 754w\" sizes=\"auto, (max-width: 215px) 100vw, 215px\" \/>\u00a0 LINK zum Hersteller<\/a><\/span><\/p>\n<hr \/>\n<p>Preis inkl. MwSt. zuz\u00fcglich Versandkosten<\/p>\n<hr \/>\n<p>&nbsp;<\/p>\n","protected":false},"excerpt":{"rendered":"<p>&#8230;..ein stabiler Rahmen f\u00fcr kreative Lernprozesse.<\/p>\n","protected":false},"featured_media":36996,"template":"","meta":{"_acf_changed":false},"product_brand":[],"product_cat":[75],"product_tag":[],"class_list":{"0":"post-34246","1":"product","2":"type-product","3":"status-publish","4":"has-post-thumbnail","6":"product_cat-hardware","8":"first","9":"instock","10":"taxable","11":"shipping-taxable","12":"purchasable","13":"product-type-variable"},"acf":{"subtitle":".....ein stabiler Rahmen f\u00fcr kreative Lernprozesse.","article_id":"MS_40","languages":"","thumb_up":false,"cover_image":"","linked_product":27085,"linked_products":null,"banner":{"show":true,"text":"","color":""},"length":"","content_movie":"","learning_goals":"","preview_gif":"","trailer":{"file":"","url":"","image":""},"mediathek_id":"","amount":"","demo_url":"","h5p_demo_id":"","content_interactive":"","hide_numbers":false,"flyer":"","info_columns":[{"heading":"Lieferumfang","content":"<img class=\"alignnone wp-image-34266\" src=\"https:\/\/www.medienlb.com\/wp-content\/uploads\/2025\/09\/2025-09-19-13_17_43-Greenshot-Editor-300x121.png\" alt=\"\" width=\"372\" height=\"150\" \/>"},{"heading":"","content":"<img class=\"alignnone size-medium wp-image-34260\" src=\"https:\/\/www.medienlb.com\/wp-content\/uploads\/2025\/09\/2025-09-19-11_58_45-TQ-Specifications-Aug2025.pdf-Adobe-Acrobat-64-bit-300x239.png\" alt=\"\" width=\"300\" height=\"239\" \/>"},{"heading":"","content":"<a href=\"https:\/\/www.medienlb.com\/en\/produkt\/tinkerqube-box\/\"><img class=\"alignnone wp-image-34272\" src=\"https:\/\/www.medienlb.com\/wp-content\/uploads\/2025\/09\/2025-09-19-11_57_45-TQ-Specifications-Aug2025.pdf-Adobe-Acrobat-64-bit-300x134.png\" alt=\"\" width=\"150\" height=\"67\" \/><\/a>\r\n\r\nTinkerQube\u00ae gibt es auch als <a href=\"https:\/\/www.medienlb.com\/en\/produkt\/tinkerqube-box\/\" target=\"_blank\" rel=\"noopener\"><span style=\"color: #0000ff;\">KLASSENSATZ zu 8 St\u00fcck in einer RollBox<\/span><\/a>\r\n\r\n<hr \/>\r\n\r\n<a href=\"https:\/\/www.upfind.dk\/project-ideas\" target=\"_blank\" rel=\"noopener\"><span style=\"color: #0000ff;\"><img class=\"alignnone wp-image-34286\" src=\"https:\/\/www.medienlb.com\/wp-content\/uploads\/2025\/09\/2025-09-22-09_01_59-PROJECT-IDEAS-_-upfind-\u2013-Originalprofil-\u2013-Mozilla-Firefox-300x219.png\" alt=\"\" width=\"155\" height=\"113\" \/><\/span><\/a>\r\n<span style=\"color: #0000ff;\"><a style=\"color: #0000ff;\" href=\"https:\/\/www.upfind.dk\/project-ideas\" target=\"_blank\" rel=\"noopener\">Hier der Link zu vielen, vielen inspirierenden Projekten<\/a><\/span>"}]},"_links":{"self":[{"href":"https:\/\/www.medienlb.com\/en\/wp-json\/wp\/v2\/product\/34246","targetHints":{"allow":["GET"]}}],"collection":[{"href":"https:\/\/www.medienlb.com\/en\/wp-json\/wp\/v2\/product"}],"about":[{"href":"https:\/\/www.medienlb.com\/en\/wp-json\/wp\/v2\/types\/product"}],"acf:post":[{"embeddable":true,"href":"https:\/\/www.medienlb.com\/en\/wp-json\/wp\/v2\/product\/27085"}],"wp:featuredmedia":[{"embeddable":true,"href":"https:\/\/www.medienlb.com\/en\/wp-json\/wp\/v2\/media\/36996"}],"wp:attachment":[{"href":"https:\/\/www.medienlb.com\/en\/wp-json\/wp\/v2\/media?parent=34246"}],"wp:term":[{"taxonomy":"product_brand","embeddable":true,"href":"https:\/\/www.medienlb.com\/en\/wp-json\/wp\/v2\/product_brand?post=34246"},{"taxonomy":"product_cat","embeddable":true,"href":"https:\/\/www.medienlb.com\/en\/wp-json\/wp\/v2\/product_cat?post=34246"},{"taxonomy":"product_tag","embeddable":true,"href":"https:\/\/www.medienlb.com\/en\/wp-json\/wp\/v2\/product_tag?post=34246"}],"curies":[{"name":"wp","href":"https:\/\/api.w.org\/{rel}","templated":true}]}}