{"id":34191,"date":"2025-09-12T05:28:06","date_gmt":"2025-09-12T05:28:06","guid":{"rendered":"https:\/\/www.medienlb.com\/?post_type=product&#038;p=34191"},"modified":"2025-09-12T08:19:16","modified_gmt":"2025-09-12T08:19:16","slug":"55507263-gezeiten","status":"publish","type":"product","link":"https:\/\/www.medienlb.com\/en\/produkt\/55507263-gezeiten\/","title":{"rendered":"Gezeiten"},"content":{"rendered":"<p>Ebbe und Flut \u2013 das faszinierende Auf und Ab der Meere \u2013 pr\u00e4gen seit jeher das Leben an den K\u00fcsten und erz\u00e4hlen von der unsichtbaren Kraft des Universums. Der Film nimmt die Zuschauer mit auf eine eindrucksvolle Reise von Saint-Malo bis ins Wattenmeer und erkl\u00e4rt anschaulich, wie Mond, Sonne und Erde dieses Naturph\u00e4nomen steuern. Ob f\u00fcr die Tierwelt, die Schifffahrt oder den Klimaschutz \u2013 die Gezeiten sind weit mehr als ein Naturschauspiel: Sie sind ein Schl\u00fcssel zum Verst\u00e4ndnis unserer dynamischen Erde.<\/p>\n","protected":false},"excerpt":{"rendered":"<p>Ebbe und Flut \u2013 das faszinierende Auf und Ab der Meere \u2013 pr\u00e4gen seit jeher das Leben an den K\u00fcsten und erz\u00e4hlen von der unsichtbaren Kraft des Universums.<\/p>\n","protected":false},"featured_media":34192,"template":"","meta":{"_acf_changed":false},"product_brand":[],"product_cat":[70],"product_tag":[91,97,129,125],"class_list":{"0":"post-34191","1":"product","2":"type-product","3":"status-publish","4":"has-post-thumbnail","6":"product_cat-film","7":"product_tag-subject-geografie","8":"product_tag-subject-grundschule","9":"product_tag-target-gru","10":"product_tag-target-sek-i","12":"first","13":"instock","14":"taxable","15":"shipping-taxable","16":"purchasable","17":"product-type-variable"},"acf":{"subtitle":"Wechselspiel von Ebbe und Flut","article_id":"46505589 \/ 55507263","languages":"DE","thumb_up":false,"cover_image":34202,"linked_product":9044,"linked_products":null,"banner":{"show":true,"text":"","color":""},"length":"15:25 min","content_movie":"Ebbe und Flut \u2013 das faszinierende Auf und Ab der Meere \u2013 pr\u00e4gen seit jeher das Leben an den K\u00fcsten und erz\u00e4hlen von der unsichtbaren Kraft des Universums. Der Film nimmt die Zuschauer mit auf eine eindrucksvolle Reise von Saint-Malo bis ins Wattenmeer und erkl\u00e4rt anschaulich, wie Mond, Sonne und Erde dieses Naturph\u00e4nomen steuern. Ob f\u00fcr die Tierwelt, die Schifffahrt oder den Klimaschutz \u2013 die Gezeiten sind weit mehr als ein Naturschauspiel: Sie sind ein Schl\u00fcssel zum Verst\u00e4ndnis unserer dynamischen Erde.","learning_goals":"Lernziele\r\n\r\nDie Sch\u00fclerinnen und Sch\u00fcler\r\n<ol>\r\n \t<li>beschreiben und erfassen begrifflich Ph\u00e4nomene der unbelebten Natur.<\/li>\r\n \t<li>beschreiben Tiere in ihren Lebensr\u00e4umen.<\/li>\r\n<\/ol>\r\nKompetenzen:\r\n\r\nDie Sch\u00fclerinnen und Sch\u00fcler k\u00f6nnen\r\n<ol>\r\n \t<li>sich einem nat\u00fcrlichen Ph\u00e4nomen zuwenden, dar\u00fcber staunen und sich darauf konzentrieren.<\/li>\r\n \t<li>Methoden der Welterkundung und Erkenntnisgewinnung anwenden.<\/li>\r\n<\/ol>","preview_gif":34195,"trailer":{"file":34197,"url":"","image":34193},"mediathek_id":895,"amount":"","demo_url":"","h5p_demo_id":"","content_interactive":"","hide_numbers":false,"flyer":"","info_columns":null},"_links":{"self":[{"href":"https:\/\/www.medienlb.com\/en\/wp-json\/wp\/v2\/product\/34191","targetHints":{"allow":["GET"]}}],"collection":[{"href":"https:\/\/www.medienlb.com\/en\/wp-json\/wp\/v2\/product"}],"about":[{"href":"https:\/\/www.medienlb.com\/en\/wp-json\/wp\/v2\/types\/product"}],"acf:post":[{"embeddable":true,"href":"https:\/\/www.medienlb.com\/en\/wp-json\/wp\/v2\/product\/9044"}],"wp:featuredmedia":[{"embeddable":true,"href":"https:\/\/www.medienlb.com\/en\/wp-json\/wp\/v2\/media\/34192"}],"wp:attachment":[{"href":"https:\/\/www.medienlb.com\/en\/wp-json\/wp\/v2\/media?parent=34191"}],"wp:term":[{"taxonomy":"product_brand","embeddable":true,"href":"https:\/\/www.medienlb.com\/en\/wp-json\/wp\/v2\/product_brand?post=34191"},{"taxonomy":"product_cat","embeddable":true,"href":"https:\/\/www.medienlb.com\/en\/wp-json\/wp\/v2\/product_cat?post=34191"},{"taxonomy":"product_tag","embeddable":true,"href":"https:\/\/www.medienlb.com\/en\/wp-json\/wp\/v2\/product_tag?post=34191"}],"curies":[{"name":"wp","href":"https:\/\/api.w.org\/{rel}","templated":true}]}}