{"id":34181,"date":"2025-09-10T20:34:11","date_gmt":"2025-09-10T20:34:11","guid":{"rendered":"https:\/\/www.medienlb.com\/?post_type=product&#038;p=34181"},"modified":"2026-03-17T11:31:51","modified_gmt":"2026-03-17T11:31:51","slug":"kamishibai-herr-brunnenfrosch","status":"publish","type":"product","link":"https:\/\/www.medienlb.com\/en\/produkt\/kamishibai-herr-brunnenfrosch\/","title":{"rendered":"Kamishibai &#8211; Herr Brunnenfrosch"},"content":{"rendered":"<p>Das Kamishibai erz\u00e4hlt die Geschichte eines kleinen Froschs und eines Vogels, die unterschiedlicher nicht sein k\u00f6nnten. Durch ihre Begegnung lernen sie, dass Anderssein kein Nachteil ist, sondern eine St\u00e4rke.<\/p>\n<hr \/>\n<p>Zuz\u00fcglich Versandkosten von \u20ac 7,69<\/p>\n","protected":false},"excerpt":{"rendered":"<p>In 16 liebevoll illustrierten Bildtafeln wird die Geschichte von einem Vogel, der mit Fr\u00f6schen in die Schule geht, erz\u00e4hlt.<\/p>\n","protected":false},"featured_media":34337,"template":"","meta":{"_acf_changed":false},"product_brand":[],"product_cat":[186],"product_tag":[81,97],"class_list":{"0":"post-34181","1":"product","2":"type-product","3":"status-publish","4":"has-post-thumbnail","6":"product_cat-kamishibai","7":"product_tag-subject-elementarbereich","8":"product_tag-subject-grundschule","10":"first","11":"instock","12":"taxable","13":"shipping-taxable","14":"purchasable","15":"product-type-variable"},"acf":{"subtitle":"Japanisches Erz\u00e4hltheater","article_id":"72500697","languages":"DE","thumb_up":false,"cover_image":"","linked_product":33987,"linked_products":null,"banner":{"show":true,"text":"","color":""},"length":"","content_movie":"","learning_goals":"","preview_gif":"","trailer":{"file":"","url":"","image":""},"mediathek_id":"","amount":"","demo_url":"","h5p_demo_id":"","content_interactive":"","hide_numbers":false,"flyer":"","info_columns":[{"heading":"","content":"<a href=\"https:\/\/www.medienlb.com\/en\/produkt\/kamishibai-theater\/\" target=\"_blank\" rel=\"noopener\"><img class=\"alignnone wp-image-20365\" src=\"https:\/\/www.medienlb.com\/wp-content\/uploads\/2023\/12\/03_Maker_Kamishibai_4_3_SC-300x225.png\" alt=\"\" width=\"100\" height=\"75\" \/><\/a>Die Abmessungen der Bildertafeln (A3) erlauben die Verwendung in einem gebr\u00e4uchlichen Kamishibai-Theatern, das Sie <span style=\"color: #0000ff;\"><a style=\"color: #0000ff;\" href=\"https:\/\/www.medienlb.com\/en\/produkt\/kamishibai-theater\/\" target=\"_blank\" rel=\"noopener\"><strong>Hier finden:<\/strong><\/a><\/span>\r\n\r\n&nbsp;"},{"heading":"","content":"<a href=\"https:\/\/www.medienlb.com\/produkt\/kamishibai\/\" target=\"_blank\" rel=\"noopener\"><span style=\"color: #0000ff;\"><img class=\"alignnone wp-image-29153\" src=\"https:\/\/www.medienlb.com\/wp-content\/uploads\/2025\/01\/6506-300x300.png\" alt=\"\" width=\"99\" height=\"99\" \/><\/span><\/a>Unseren allgemeinen Schul-Film \u00fcber Kamishibais und dessen Verwendung finden Sie<strong><span style=\"color: #0000ff;\"><a style=\"color: #0000ff;\" href=\"https:\/\/www.medienlb.com\/produkt\/kamishibai\/\" target=\"_blank\" rel=\"noopener\"> Hier:<\/a><\/span><\/strong>\r\n\r\n&nbsp;"},{"heading":"","content":"<a href=\"https:\/\/www.medienlb.com\/en\/produkt\/55507265-herr-brunnenfrosch\/\" target=\"_blank\" rel=\"noopener\"><img class=\"\" src=\"https:\/\/www.medienlb.com\/wp-content\/uploads\/2025\/08\/Cover_Anderssein.jpg\" alt=\"Cover Brunnenfrosch Film\" width=\"98\" height=\"98\" \/><\/a>Dieses Kamishibai basiert auf einem spannenden Animationsfilm, welchen Sie <strong><span style=\"color: #0000ff;\"><a style=\"color: #0000ff;\" href=\"https:\/\/www.medienlb.com\/en\/produkt\/55507265-herr-brunnenfrosch\/\" target=\"_blank\" rel=\"noopener\">Hier finden:<\/a><\/span><\/strong>"}]},"_links":{"self":[{"href":"https:\/\/www.medienlb.com\/en\/wp-json\/wp\/v2\/product\/34181","targetHints":{"allow":["GET"]}}],"collection":[{"href":"https:\/\/www.medienlb.com\/en\/wp-json\/wp\/v2\/product"}],"about":[{"href":"https:\/\/www.medienlb.com\/en\/wp-json\/wp\/v2\/types\/product"}],"acf:post":[{"embeddable":true,"href":"https:\/\/www.medienlb.com\/en\/wp-json\/wp\/v2\/product\/33987"}],"wp:featuredmedia":[{"embeddable":true,"href":"https:\/\/www.medienlb.com\/en\/wp-json\/wp\/v2\/media\/34337"}],"wp:attachment":[{"href":"https:\/\/www.medienlb.com\/en\/wp-json\/wp\/v2\/media?parent=34181"}],"wp:term":[{"taxonomy":"product_brand","embeddable":true,"href":"https:\/\/www.medienlb.com\/en\/wp-json\/wp\/v2\/product_brand?post=34181"},{"taxonomy":"product_cat","embeddable":true,"href":"https:\/\/www.medienlb.com\/en\/wp-json\/wp\/v2\/product_cat?post=34181"},{"taxonomy":"product_tag","embeddable":true,"href":"https:\/\/www.medienlb.com\/en\/wp-json\/wp\/v2\/product_tag?post=34181"}],"curies":[{"name":"wp","href":"https:\/\/api.w.org\/{rel}","templated":true}]}}