{"id":34105,"date":"2025-09-01T13:23:26","date_gmt":"2025-09-01T13:23:26","guid":{"rendered":"https:\/\/www.medienlb.com\/?post_type=product&#038;p=34105"},"modified":"2025-09-03T09:07:18","modified_gmt":"2025-09-03T09:07:18","slug":"55507261-usa","status":"publish","type":"product","link":"https:\/\/www.medienlb.com\/en\/produkt\/55507261-usa\/","title":{"rendered":"USA"},"content":{"rendered":"<p>Die Vereinigten Staaten von Amerika \u2013 ein Land der Superlative \u2013 vereinen wirtschaftliche Macht, landwirtschaftliche Vielfalt und technologische Innovation. Von den fruchtbaren B\u00f6den des Corn Belt bis zu den High-Tech-Zentren des Sun Belt zeigt der Film, wie Geografie und Geschichte die Entwicklung der USA gepr\u00e4gt haben. Spannende Einblicke in Industrie, Energieversorgung und Tourismus machen diesen Film zu einer lebendigen Reise durch die \u00f6konomische Landschaft Amerikas.<\/p>\n","protected":false},"excerpt":{"rendered":"<p>Die Vereinigten Staaten von Amerika \u2013 ein Land der Superlative \u2013 vereinen wirtschaftliche Macht, landwirtschaftliche Vielfalt und technologische Innovation.<\/p>\n","protected":false},"featured_media":34115,"template":"","meta":{"_acf_changed":false},"product_brand":[],"product_cat":[70],"product_tag":[91,125],"class_list":{"0":"post-34105","1":"product","2":"type-product","3":"status-publish","4":"has-post-thumbnail","6":"product_cat-film","7":"product_tag-subject-geografie","8":"product_tag-target-sek-i","9":"product_shipping_class-dvd-versand","11":"first","12":"instock","13":"taxable","14":"shipping-taxable","15":"purchasable","16":"product-type-variable"},"acf":{"subtitle":"Landwirtschaft, Industrie, Natur","article_id":"46505587 \/ 55507261","languages":"DE","thumb_up":false,"cover_image":34118,"linked_product":23906,"linked_products":null,"banner":{"show":true,"text":"","color":""},"length":"12:09 min","content_movie":"Gesamtes Begleitmaterial: 76 Seiten\r\n\r\nArbeitsbl\u00e4tter mit L\u00f6sungen: 20 Seiten\r\n\r\nTestaufgaben: 20\r\n\r\nInteraktive Aufgaben: 10","learning_goals":"Lernziele und\r\n\r\nDie Sch\u00fclerinnen und Sch\u00fcler\u2026\r\n<ol>\r\n \t<li>analysieren Disparit\u00e4ten der Einen Welt am Beispiel von Einkommen.<\/li>\r\n \t<li>stellen die Produktion einen Welthandelsguts hinsichtlich der Raumwirksamkeit dar.<\/li>\r\n<\/ol>\r\n&nbsp;\r\n\r\nKompetenzen:\r\n\r\nDie Sch\u00fclerinnen und Sch\u00fcler k\u00f6nnen\u2026\r\n<ol>\r\n \t<li>geografische Sachverhalte raum-zeitlich einordnen.<\/li>\r\n \t<li>geografische relevante Beurteilungskriterien erl\u00e4utern.<\/li>\r\n<\/ol>","preview_gif":34110,"trailer":{"file":34112,"url":"","image":34114},"mediathek_id":893,"amount":"","demo_url":"","h5p_demo_id":"","content_interactive":"","hide_numbers":false,"flyer":"","info_columns":null},"_links":{"self":[{"href":"https:\/\/www.medienlb.com\/en\/wp-json\/wp\/v2\/product\/34105","targetHints":{"allow":["GET"]}}],"collection":[{"href":"https:\/\/www.medienlb.com\/en\/wp-json\/wp\/v2\/product"}],"about":[{"href":"https:\/\/www.medienlb.com\/en\/wp-json\/wp\/v2\/types\/product"}],"acf:post":[{"embeddable":true,"href":"https:\/\/www.medienlb.com\/en\/wp-json\/wp\/v2\/product\/23906"}],"wp:featuredmedia":[{"embeddable":true,"href":"https:\/\/www.medienlb.com\/en\/wp-json\/wp\/v2\/media\/34115"}],"wp:attachment":[{"href":"https:\/\/www.medienlb.com\/en\/wp-json\/wp\/v2\/media?parent=34105"}],"wp:term":[{"taxonomy":"product_brand","embeddable":true,"href":"https:\/\/www.medienlb.com\/en\/wp-json\/wp\/v2\/product_brand?post=34105"},{"taxonomy":"product_cat","embeddable":true,"href":"https:\/\/www.medienlb.com\/en\/wp-json\/wp\/v2\/product_cat?post=34105"},{"taxonomy":"product_tag","embeddable":true,"href":"https:\/\/www.medienlb.com\/en\/wp-json\/wp\/v2\/product_tag?post=34105"}],"curies":[{"name":"wp","href":"https:\/\/api.w.org\/{rel}","templated":true}]}}