{"id":34088,"date":"2025-09-01T13:19:58","date_gmt":"2025-09-01T13:19:58","guid":{"rendered":"https:\/\/www.medienlb.com\/?post_type=product&#038;p=34088"},"modified":"2025-09-05T04:57:23","modified_gmt":"2025-09-05T04:57:23","slug":"55507262-usa","status":"publish","type":"product","link":"https:\/\/www.medienlb.com\/en\/produkt\/55507262-usa\/","title":{"rendered":"USA"},"content":{"rendered":"<p>Die Vereinigten Staaten von Amerika bieten eine beeindruckende Vielfalt an Landschaften \u2013 von den tropischen S\u00fcmpfen Floridas \u00fcber die majest\u00e4tischen Rocky Mountains bis zu den W\u00fcsten des S\u00fcdwestens. Der Film zeigt die<br \/>\nfaszinierende Geografie der USA, ihre bedeutendsten Gew\u00e4sser sowie<br \/>\nNationalparks wie den Grand Canyon, Yellowstone und Yosemite. Eine Reise durch die Naturwunder Nordamerikas mit eindrucksvollen Bildern, spannenden Fakten und einem Blick auf die Auswirkungen des Klimawandels.<\/p>\n","protected":false},"excerpt":{"rendered":"<p>Die Vereinigten Staaten von Amerika bieten eine beeindruckende Vielfalt an Landschaften \u2013 von den tropischen S\u00fcmpfen Floridas \u00fcber die majest\u00e4tischen Rocky Mountains bis zu den W\u00fcsten des S\u00fcdwestens.<\/p>\n","protected":false},"featured_media":34102,"template":"","meta":{"_acf_changed":false},"product_brand":[],"product_cat":[70],"product_tag":[91,125],"class_list":{"0":"post-34088","1":"product","2":"type-product","3":"status-publish","4":"has-post-thumbnail","6":"product_cat-film","7":"product_tag-subject-geografie","8":"product_tag-target-sek-i","9":"product_shipping_class-dvd-versand","11":"first","12":"instock","13":"taxable","14":"shipping-taxable","15":"purchasable","16":"product-type-variable"},"acf":{"subtitle":"Landschaften, Klima, Tierwelt","article_id":"46505588 \/ 55507262","languages":"DE","thumb_up":false,"cover_image":34121,"linked_product":"","linked_products":null,"banner":{"show":true,"text":"","color":""},"length":"27:50 min","content_movie":"Gesamtes Begleitmaterial: 80 Seiten\r\n\r\nArbeitsbl\u00e4tter mit L\u00f6sungen: 20 Seiten\r\n\r\nTestaufgaben: 20\r\n\r\nInteraktive Aufgaben: 10","learning_goals":"Lernziele\r\n\r\nDie Sch\u00fclerinnen und Sch\u00fcler\r\n<ol>\r\n \t<li>stellen Zusammenh\u00e4nge zwischen naturr\u00e4umlicher Ausstattung und menschlicher Nutzung dar.<\/li>\r\n \t<li>stellen ein ausgew\u00e4hltes Wetterextrem sowie daraus resultierende Bedrohungen dar.<\/li>\r\n<\/ol>\r\nKompetenzen\r\n\r\nDie Sch\u00fclerinnen und Sch\u00fcler k\u00f6nnen\r\n<ol>\r\n \t<li>k\u00f6nnen geografische Sachverhalte raum-zeitlich einordnen.<\/li>\r\n \t<li>geografische relevante Beurteilungskriterien erl\u00e4utern.<\/li>\r\n<\/ol>","preview_gif":34097,"trailer":{"file":34099,"url":"","image":34101},"mediathek_id":892,"amount":"","demo_url":"","h5p_demo_id":"","content_interactive":"","hide_numbers":false,"flyer":"","info_columns":null},"_links":{"self":[{"href":"https:\/\/www.medienlb.com\/en\/wp-json\/wp\/v2\/product\/34088","targetHints":{"allow":["GET"]}}],"collection":[{"href":"https:\/\/www.medienlb.com\/en\/wp-json\/wp\/v2\/product"}],"about":[{"href":"https:\/\/www.medienlb.com\/en\/wp-json\/wp\/v2\/types\/product"}],"wp:featuredmedia":[{"embeddable":true,"href":"https:\/\/www.medienlb.com\/en\/wp-json\/wp\/v2\/media\/34102"}],"wp:attachment":[{"href":"https:\/\/www.medienlb.com\/en\/wp-json\/wp\/v2\/media?parent=34088"}],"wp:term":[{"taxonomy":"product_brand","embeddable":true,"href":"https:\/\/www.medienlb.com\/en\/wp-json\/wp\/v2\/product_brand?post=34088"},{"taxonomy":"product_cat","embeddable":true,"href":"https:\/\/www.medienlb.com\/en\/wp-json\/wp\/v2\/product_cat?post=34088"},{"taxonomy":"product_tag","embeddable":true,"href":"https:\/\/www.medienlb.com\/en\/wp-json\/wp\/v2\/product_tag?post=34088"}],"curies":[{"name":"wp","href":"https:\/\/api.w.org\/{rel}","templated":true}]}}