{"id":34063,"date":"2025-08-28T11:25:04","date_gmt":"2025-08-28T11:25:04","guid":{"rendered":"https:\/\/www.medienlb.com\/?post_type=product&#038;p=34063"},"modified":"2026-03-05T07:14:38","modified_gmt":"2026-03-05T07:14:38","slug":"55507282-geothermie-in-island","status":"publish","type":"product","link":"https:\/\/www.medienlb.com\/en\/produkt\/55507282-geothermie-in-island\/","title":{"rendered":"Geothermie in Island"},"content":{"rendered":"<p>Der Film \u201eGeothermie in Island\u201c zeigt, wie die Insel ihre nat\u00fcrlichen W\u00e4rmequellen nutzt. Expertinnen und Experten erkl\u00e4ren die Technik, Chancen und Risiken dieser nachhaltigen Energieform. Anhand konkreter Beispiele wird deutlich, wie Geothermie funktioniert und welche Auswirkungen sie auf Umwelt und Gesellschaft haben kann. Interviews und Animationen machen das Thema anschaulich und greifbar.<\/p>\n","protected":false},"excerpt":{"rendered":"<p>Der Film \u201eGeothermie in Island\u201c zeigt, wie die Insel ihre nat\u00fcrlichen W\u00e4rmequellen nutzt.<\/p>\n","protected":false},"featured_media":34067,"template":"","meta":{"_acf_changed":false},"product_brand":[],"product_cat":[70],"product_tag":[91,125],"class_list":{"0":"post-34063","1":"product","2":"type-product","3":"status-publish","4":"has-post-thumbnail","6":"product_cat-film","7":"product_tag-subject-geografie","8":"product_tag-target-sek-i","9":"product_shipping_class-dvd-versand","11":"first","12":"instock","13":"taxable","14":"shipping-taxable","15":"purchasable","16":"product-type-variable"},"acf":{"subtitle":"Voraussetzungen, Nutzung, Nachhaltigkeit","article_id":"46505608 \/ 55507282","languages":"DE","thumb_up":true,"cover_image":34070,"linked_product":23906,"linked_products":null,"banner":{"show":true,"text":"","color":""},"length":"17:05 min","content_movie":"Gesamtes Begleitmaterial: 71 Seiten\r\n\r\nArbeitsbl\u00e4tter mit L\u00f6sungen: 20 Seiten\r\n\r\nTestaufgaben: 20\r\n\r\nInteraktive Aufgaben: 10","learning_goals":"Lernziele\r\n\r\nDie Sch\u00fclerinnen und Sch\u00fcler\r\n<ol>\r\n \t<li>beurteilen die Entwicklung der Energiewirtschaft zwischen \u00f6kologischen Aspekten und \u00f6konomischen Interessen.<\/li>\r\n \t<li>verorten und bewerten die Eignung von Lagerst\u00e4tten, geothermischen Tiefenstufen und Grundwasservorkommen hinsichtlich ihrer Nutzungsm\u00f6glichkeiten.<\/li>\r\n<\/ol>\r\nKompetenzen\r\n\r\nDie Sch\u00fclerinnen und Sch\u00fcler k\u00f6nnen\r\n<ol>\r\n \t<li>geographische Strukturen und Prozesse herausarbeiten, analysieren und charakterisieren.<\/li>\r\n \t<li>l\u00f6sungsorientierte, nachhaltige L\u00f6sungsm\u00f6glichkeiten erl\u00e4utern.<\/li>\r\n<\/ol>","preview_gif":34074,"trailer":{"file":34076,"url":"","image":34078},"mediathek_id":891,"amount":"","demo_url":"","h5p_demo_id":"","content_interactive":"","hide_numbers":false,"flyer":"","info_columns":null},"_links":{"self":[{"href":"https:\/\/www.medienlb.com\/en\/wp-json\/wp\/v2\/product\/34063","targetHints":{"allow":["GET"]}}],"collection":[{"href":"https:\/\/www.medienlb.com\/en\/wp-json\/wp\/v2\/product"}],"about":[{"href":"https:\/\/www.medienlb.com\/en\/wp-json\/wp\/v2\/types\/product"}],"acf:post":[{"embeddable":true,"href":"https:\/\/www.medienlb.com\/en\/wp-json\/wp\/v2\/product\/23906"}],"wp:featuredmedia":[{"embeddable":true,"href":"https:\/\/www.medienlb.com\/en\/wp-json\/wp\/v2\/media\/34067"}],"wp:attachment":[{"href":"https:\/\/www.medienlb.com\/en\/wp-json\/wp\/v2\/media?parent=34063"}],"wp:term":[{"taxonomy":"product_brand","embeddable":true,"href":"https:\/\/www.medienlb.com\/en\/wp-json\/wp\/v2\/product_brand?post=34063"},{"taxonomy":"product_cat","embeddable":true,"href":"https:\/\/www.medienlb.com\/en\/wp-json\/wp\/v2\/product_cat?post=34063"},{"taxonomy":"product_tag","embeddable":true,"href":"https:\/\/www.medienlb.com\/en\/wp-json\/wp\/v2\/product_tag?post=34063"}],"curies":[{"name":"wp","href":"https:\/\/api.w.org\/{rel}","templated":true}]}}