{"id":34026,"date":"2025-08-25T13:05:21","date_gmt":"2025-08-25T13:05:21","guid":{"rendered":"https:\/\/www.medienlb.com\/?post_type=product&#038;p=34026"},"modified":"2025-11-27T09:15:14","modified_gmt":"2025-11-27T09:15:14","slug":"55507249-laesst-sich-glueck-lernen","status":"publish","type":"product","link":"https:\/\/www.medienlb.com\/en\/produkt\/55507249-laesst-sich-glueck-lernen\/","title":{"rendered":"L\u00e4sst sich Gl\u00fcck lernen?"},"content":{"rendered":"<p>Kann man Gl\u00fcck lernen? Eine engagierte Lehrerin wagt den Versuch und f\u00fchrt ihre Klasse in die Welt des \u201eGl\u00fccksunterrichts\u201c. Der Film begleitet sie dabei und l\u00e4sst auch einen renommierten Gl\u00fccksforscher zu Wort kommen. Eine inspirierende Reise zu mehr Achtsamkeit, Zufriedenheit und Lebensfreude im Schulalltag.<\/p>\n","protected":false},"excerpt":{"rendered":"<p>Kann man Gl\u00fcck lernen? Eine engagierte Lehrerin wagt den Versuch und f\u00fchrt ihre Klasse in die Welt des \u201eGl\u00fccksunterrichts\u201c.<\/p>\n","protected":false},"featured_media":34036,"template":"","meta":{"_acf_changed":false},"product_brand":[],"product_cat":[70],"product_tag":[77,125],"class_list":{"0":"post-34026","1":"product","2":"type-product","3":"status-publish","4":"has-post-thumbnail","6":"product_cat-film","7":"product_tag-subject-gesellschaft","8":"product_tag-target-sek-i","9":"product_shipping_class-dvd-versand","11":"first","12":"instock","13":"taxable","14":"shipping-taxable","15":"purchasable","16":"product-type-variable"},"acf":{"subtitle":"Zwischen Gef\u00fchl und Forschung","article_id":"46505577 \/ 55507249","languages":"DE","thumb_up":true,"cover_image":34041,"linked_product":"","linked_products":null,"banner":{"show":true,"text":"","color":""},"length":"21:37 min","content_movie":"Gesamtes Begleitmaterial: 65 Seiten\r\nArbeitsbl\u00e4tter: 20 Seiten\r\nTestaufgaben: 20 Seiten\r\nInteraktive Aufgaben: 10\r\n\r\n&nbsp;\r\n\r\n&nbsp;","learning_goals":"Lernziele:\r\n\r\nDie Sch\u00fclerinnen und Sch\u00fcler\r\n<ol>\r\n \t<li>diskutieren und untersuchen vergleichend Gl\u00fccksvorstellungen im Hinblick auf verschiedene Aspekte (z.B. Voraussetzungen, Folgen, Realisierbarkeit).<\/li>\r\n \t<li>entwerfen und beurteilen Vorstellungen eines gl\u00fccklichen und guten (Zusammen-)Lebens f\u00fcr ihre Zukunft.<\/li>\r\n<\/ol>\r\nKompetenzen:\r\n\r\nDie Sch\u00fclerinnen und Sch\u00fcler k\u00f6nnen\r\n<ol>\r\n \t<li>ihre Wahrnehmung von Ph\u00e4nomenen, Sachverhalten und ethisch relevanten Situationen wiedergeben.<\/li>\r\n \t<li>Einen Standpunkt begr\u00fcndet und unter Bezug auf moralische Regeln und ethische Grunds\u00e4tze vertreten.<\/li>\r\n<\/ol>","preview_gif":34031,"trailer":{"file":34033,"url":"","image":34035},"mediathek_id":890,"amount":"","demo_url":"","h5p_demo_id":"","content_interactive":"","hide_numbers":false,"flyer":"","info_columns":null},"_links":{"self":[{"href":"https:\/\/www.medienlb.com\/en\/wp-json\/wp\/v2\/product\/34026","targetHints":{"allow":["GET"]}}],"collection":[{"href":"https:\/\/www.medienlb.com\/en\/wp-json\/wp\/v2\/product"}],"about":[{"href":"https:\/\/www.medienlb.com\/en\/wp-json\/wp\/v2\/types\/product"}],"wp:featuredmedia":[{"embeddable":true,"href":"https:\/\/www.medienlb.com\/en\/wp-json\/wp\/v2\/media\/34036"}],"wp:attachment":[{"href":"https:\/\/www.medienlb.com\/en\/wp-json\/wp\/v2\/media?parent=34026"}],"wp:term":[{"taxonomy":"product_brand","embeddable":true,"href":"https:\/\/www.medienlb.com\/en\/wp-json\/wp\/v2\/product_brand?post=34026"},{"taxonomy":"product_cat","embeddable":true,"href":"https:\/\/www.medienlb.com\/en\/wp-json\/wp\/v2\/product_cat?post=34026"},{"taxonomy":"product_tag","embeddable":true,"href":"https:\/\/www.medienlb.com\/en\/wp-json\/wp\/v2\/product_tag?post=34026"}],"curies":[{"name":"wp","href":"https:\/\/api.w.org\/{rel}","templated":true}]}}